{"id":1001,"date":"2025-08-15T16:18:09","date_gmt":"2025-08-15T14:18:09","guid":{"rendered":"https:\/\/filmfestaachen.com\/?page_id=1001"},"modified":"2025-08-23T19:24:11","modified_gmt":"2025-08-23T17:24:11","slug":"aachener-competition-2","status":"publish","type":"page","link":"https:\/\/filmfestaachen.com\/en\/programm\/aachener-competition-2\/","title":{"rendered":"Oecher Competition II"},"content":{"rendered":"<div data-elementor-type=\"wp-page\" data-elementor-id=\"1001\" class=\"elementor elementor-1001\">\n\t\t\t\t<div class=\"elementor-element elementor-element-2f407b2 e-flex e-con-boxed e-con e-parent\" data-id=\"2f407b2\" data-element_type=\"container\">\n\t\t\t\t\t<div class=\"e-con-inner\">\n\t\t\t\t<div class=\"elementor-element elementor-element-a1a577f elementor-widget elementor-widget-image\" data-id=\"a1a577f\" data-element_type=\"widget\" data-widget_type=\"image.default\">\n\t\t\t\t<div class=\"elementor-widget-container\">\n\t\t\t\t\t\t\t\t\t\t\t\t\t\t\t<img fetchpriority=\"high\" decoding=\"async\" width=\"1024\" height=\"675\" src=\"https:\/\/filmfestaachen.com\/wp-content\/uploads\/2025\/08\/Section-Announcement_klein-1024x675.jpg\" class=\"attachment-large size-large wp-image-1509\" alt=\"\" srcset=\"https:\/\/filmfestaachen.com\/wp-content\/uploads\/2025\/08\/Section-Announcement_klein-1024x675.jpg 1024w, https:\/\/filmfestaachen.com\/wp-content\/uploads\/2025\/08\/Section-Announcement_klein-300x198.jpg 300w, https:\/\/filmfestaachen.com\/wp-content\/uploads\/2025\/08\/Section-Announcement_klein-768x506.jpg 768w, https:\/\/filmfestaachen.com\/wp-content\/uploads\/2025\/08\/Section-Announcement_klein-18x12.jpg 18w, https:\/\/filmfestaachen.com\/wp-content\/uploads\/2025\/08\/Section-Announcement_klein.jpg 1080w\" sizes=\"(max-width: 1024px) 100vw, 1024px\" \/>\t\t\t\t\t\t\t\t\t\t\t\t\t\t\t<\/div>\n\t\t\t\t<\/div>\n\t\t\t\t\t<\/div>\n\t\t\t\t<\/div>\n\t\t<div class=\"elementor-element elementor-element-7b6cfb6 e-flex e-con-boxed e-con e-parent\" data-id=\"7b6cfb6\" data-element_type=\"container\">\n\t\t\t\t\t<div class=\"e-con-inner\">\n\t\t\t\t<div class=\"elementor-element elementor-element-4214572 elementor-widget elementor-widget-text-editor\" data-id=\"4214572\" data-element_type=\"widget\" data-widget_type=\"text-editor.default\">\n\t\t\t\t<div class=\"elementor-widget-container\">\n\t\t\t\t\t\t\t\t\t<p><strong>\u00d6cher Competition II: &#8222;In Conversation&#8220;<\/strong><\/p><p class=\"MsoNormal\"><span lang=\"EN-US\">In the Aachen Competition II, we see stories in the here and now, conversations, conversations about conversations, exchange in every form. Whetherin a therapy room, hungover in a bar, or at a student party \u2013 no medium captures awkward silences, love, trust \u2013 in short: the interpersonal; quite likecinema does! In doing so, the medium also discovers new forms of exchange\u2014for example, a dance stretched across place and time can suddenly evoke intimate memories.<\/span><\/p><p class=\"cvGsUA direction-ltr align-justify para-style-body\"><span class=\"a_GcMg font-feature-liga-off font-feature-clig-off font-feature-calt-off text-decoration-none text-strikethrough-none\">m Aachener Wettbewerb II sehen wir Geschichten im Hier und Jetzt: Gespr\u00e4che, Gespr\u00e4che \u00fcber Gespr\u00e4che, Austausch in jeglicher Form. Ob im Therapieraum, mit Hangover in einer Bar oder auf einer Studierendenparty \u2013 kein Medium bildet unangenehme Stille, Liebe, Vertrauen \u2013 kurz: das Zwischenmenschliche \u2013 so eindrucksvoll ab wie das Kino!<\/span><\/p><p class=\"cvGsUA direction-ltr align-justify para-style-body\"><span class=\"a_GcMg font-feature-liga-off font-feature-clig-off font-feature-calt-off text-decoration-none text-strikethrough-none\">Dabei findet das Medium auch neue Formen des Austauschs: Ein Tanz, \u00fcber Ort und Zeit hinweg gesponnen, kann pl\u00f6tzlich intime Erinnerungen hervorrufen.<\/span><\/p>\t\t\t\t\t\t\t\t<\/div>\n\t\t\t\t<\/div>\n\t\t\t\t\t<\/div>\n\t\t\t\t<\/div>\n\t\t<div class=\"elementor-element elementor-element-40ee472 e-flex e-con-boxed e-con e-parent\" data-id=\"40ee472\" data-element_type=\"container\">\n\t\t\t\t\t<div class=\"e-con-inner\">\n\t\t\t\t<div class=\"elementor-element elementor-element-2faedcb elementor-position-left elementor-vertical-align-top elementor-widget elementor-widget-image-box\" data-id=\"2faedcb\" data-element_type=\"widget\" data-widget_type=\"image-box.default\">\n\t\t\t\t<div class=\"elementor-widget-container\">\n\t\t\t\t\t<div class=\"elementor-image-box-wrapper\"><figure class=\"elementor-image-box-img\"><a href=\"https:\/\/filmfestaachen.com\/en\/programm\/goldregen\/\" tabindex=\"-1\"><img decoding=\"async\" width=\"1728\" height=\"1080\" src=\"https:\/\/filmfestaachen.com\/wp-content\/uploads\/2025\/08\/Bildschirmfoto_2021-12-16_um_15.14.11.jpg\" class=\"attachment-full size-full wp-image-1147\" alt=\"\" srcset=\"https:\/\/filmfestaachen.com\/wp-content\/uploads\/2025\/08\/Bildschirmfoto_2021-12-16_um_15.14.11.jpg 1728w, https:\/\/filmfestaachen.com\/wp-content\/uploads\/2025\/08\/Bildschirmfoto_2021-12-16_um_15.14.11-300x188.jpg 300w, https:\/\/filmfestaachen.com\/wp-content\/uploads\/2025\/08\/Bildschirmfoto_2021-12-16_um_15.14.11-1024x640.jpg 1024w, https:\/\/filmfestaachen.com\/wp-content\/uploads\/2025\/08\/Bildschirmfoto_2021-12-16_um_15.14.11-768x480.jpg 768w, https:\/\/filmfestaachen.com\/wp-content\/uploads\/2025\/08\/Bildschirmfoto_2021-12-16_um_15.14.11-1536x960.jpg 1536w, https:\/\/filmfestaachen.com\/wp-content\/uploads\/2025\/08\/Bildschirmfoto_2021-12-16_um_15.14.11-18x12.jpg 18w, https:\/\/filmfestaachen.com\/wp-content\/uploads\/2025\/08\/Bildschirmfoto_2021-12-16_um_15.14.11-1320x825.jpg 1320w\" sizes=\"(max-width: 1728px) 100vw, 1728px\" \/><\/a><\/figure><div class=\"elementor-image-box-content\"><h4 class=\"elementor-image-box-title\"><a href=\"https:\/\/filmfestaachen.com\/en\/programm\/goldregen\/\">Goldregen<\/a><\/h4><p class=\"elementor-image-box-description\">Germany, 2025, 30 min, Asena Cakir, German <\/p><\/div><\/div>\t\t\t\t<\/div>\n\t\t\t\t<\/div>\n\t\t\t\t<div class=\"elementor-element elementor-element-c54f58e elementor-position-left elementor-vertical-align-top elementor-widget elementor-widget-image-box\" data-id=\"c54f58e\" data-element_type=\"widget\" data-widget_type=\"image-box.default\">\n\t\t\t\t<div class=\"elementor-widget-container\">\n\t\t\t\t\t<div class=\"elementor-image-box-wrapper\"><figure class=\"elementor-image-box-img\"><a href=\"https:\/\/filmfestaachen.com\/en\/programm\/farfilia\/\" tabindex=\"-1\"><img decoding=\"async\" width=\"1920\" height=\"817\" src=\"https:\/\/filmfestaachen.com\/wp-content\/uploads\/2025\/08\/3.jpg\" class=\"attachment-full size-full wp-image-812\" alt=\"\" srcset=\"https:\/\/filmfestaachen.com\/wp-content\/uploads\/2025\/08\/3.jpg 1920w, https:\/\/filmfestaachen.com\/wp-content\/uploads\/2025\/08\/3-300x128.jpg 300w, https:\/\/filmfestaachen.com\/wp-content\/uploads\/2025\/08\/3-1024x436.jpg 1024w, https:\/\/filmfestaachen.com\/wp-content\/uploads\/2025\/08\/3-768x327.jpg 768w, https:\/\/filmfestaachen.com\/wp-content\/uploads\/2025\/08\/3-1536x654.jpg 1536w, https:\/\/filmfestaachen.com\/wp-content\/uploads\/2025\/08\/3-18x8.jpg 18w, https:\/\/filmfestaachen.com\/wp-content\/uploads\/2025\/08\/3-1320x562.jpg 1320w\" sizes=\"(max-width: 1920px) 100vw, 1920px\" \/><\/a><\/figure><div class=\"elementor-image-box-content\"><h4 class=\"elementor-image-box-title\"><a href=\"https:\/\/filmfestaachen.com\/en\/programm\/farfilia\/\">Farfilia<\/a><\/h4><p class=\"elementor-image-box-description\">Germany, 2024, 10 min, Ina Farjam, no dialogue<\/p><\/div><\/div>\t\t\t\t<\/div>\n\t\t\t\t<\/div>\n\t\t\t\t<div class=\"elementor-element elementor-element-0e06bc9 elementor-position-left elementor-vertical-align-top elementor-widget elementor-widget-image-box\" data-id=\"0e06bc9\" data-element_type=\"widget\" data-widget_type=\"image-box.default\">\n\t\t\t\t<div class=\"elementor-widget-container\">\n\t\t\t\t\t<div class=\"elementor-image-box-wrapper\"><figure class=\"elementor-image-box-img\"><a href=\"https:\/\/filmfestaachen.com\/en\/programm\/project-stargate\/\" tabindex=\"-1\"><img loading=\"lazy\" decoding=\"async\" width=\"1920\" height=\"1080\" src=\"https:\/\/filmfestaachen.com\/wp-content\/uploads\/2025\/08\/star.jpg\" class=\"attachment-full size-full wp-image-1146\" alt=\"\" srcset=\"https:\/\/filmfestaachen.com\/wp-content\/uploads\/2025\/08\/star.jpg 1920w, https:\/\/filmfestaachen.com\/wp-content\/uploads\/2025\/08\/star-300x169.jpg 300w, https:\/\/filmfestaachen.com\/wp-content\/uploads\/2025\/08\/star-1024x576.jpg 1024w, https:\/\/filmfestaachen.com\/wp-content\/uploads\/2025\/08\/star-768x432.jpg 768w, https:\/\/filmfestaachen.com\/wp-content\/uploads\/2025\/08\/star-1536x864.jpg 1536w, https:\/\/filmfestaachen.com\/wp-content\/uploads\/2025\/08\/star-18x10.jpg 18w, https:\/\/filmfestaachen.com\/wp-content\/uploads\/2025\/08\/star-1320x743.jpg 1320w\" sizes=\"(max-width: 1920px) 100vw, 1920px\" \/><\/a><\/figure><div class=\"elementor-image-box-content\"><h4 class=\"elementor-image-box-title\"><a href=\"https:\/\/filmfestaachen.com\/en\/programm\/project-stargate\/\">Project Stargate<\/a><\/h4><p class=\"elementor-image-box-description\">Germany, 2025, 17 min, Regina Chitralla, English\u00a0<\/p><\/div><\/div>\t\t\t\t<\/div>\n\t\t\t\t<\/div>\n\t\t\t\t<div class=\"elementor-element elementor-element-c4d04cc elementor-position-left elementor-vertical-align-top elementor-widget elementor-widget-image-box\" data-id=\"c4d04cc\" data-element_type=\"widget\" data-widget_type=\"image-box.default\">\n\t\t\t\t<div class=\"elementor-widget-container\">\n\t\t\t\t\t<div class=\"elementor-image-box-wrapper\"><figure class=\"elementor-image-box-img\"><a href=\"https:\/\/filmfestaachen.com\/en\/programm\/the-lacorice-incident\/\" tabindex=\"-1\"><img loading=\"lazy\" decoding=\"async\" width=\"1920\" height=\"1038\" src=\"https:\/\/filmfestaachen.com\/wp-content\/uploads\/2025\/08\/Still02.jpg\" class=\"attachment-full size-full wp-image-814\" alt=\"\" srcset=\"https:\/\/filmfestaachen.com\/wp-content\/uploads\/2025\/08\/Still02.jpg 1920w, https:\/\/filmfestaachen.com\/wp-content\/uploads\/2025\/08\/Still02-300x162.jpg 300w, https:\/\/filmfestaachen.com\/wp-content\/uploads\/2025\/08\/Still02-1024x554.jpg 1024w, https:\/\/filmfestaachen.com\/wp-content\/uploads\/2025\/08\/Still02-768x415.jpg 768w, https:\/\/filmfestaachen.com\/wp-content\/uploads\/2025\/08\/Still02-1536x830.jpg 1536w, https:\/\/filmfestaachen.com\/wp-content\/uploads\/2025\/08\/Still02-18x10.jpg 18w, https:\/\/filmfestaachen.com\/wp-content\/uploads\/2025\/08\/Still02-1320x714.jpg 1320w\" sizes=\"(max-width: 1920px) 100vw, 1920px\" \/><\/a><\/figure><div class=\"elementor-image-box-content\"><h4 class=\"elementor-image-box-title\"><a href=\"https:\/\/filmfestaachen.com\/en\/programm\/the-lacorice-incident\/\">Der Lakritz Vorfall<\/a><\/h4><p class=\"elementor-image-box-description\">Germany, 2024, 20 min, Sazvan Saeed & Daniela Torres (RWTH Filmstudio), German<\/p><\/div><\/div>\t\t\t\t<\/div>\n\t\t\t\t<\/div>\n\t\t\t\t<div class=\"elementor-element elementor-element-64272b0 elementor-align-center elementor-widget elementor-widget-button\" data-id=\"64272b0\" data-element_type=\"widget\" data-widget_type=\"button.default\">\n\t\t\t\t<div class=\"elementor-widget-container\">\n\t\t\t\t\t\t\t\t\t<div class=\"elementor-button-wrapper\">\n\t\t\t\t\t<a class=\"elementor-button elementor-button-link elementor-size-sm\" href=\"https:\/\/rausgegangen.de\/en\/events\/ocher-competition-2-filmfest-aachen-2025-0\/\">\n\t\t\t\t\t\t<span class=\"elementor-button-content-wrapper\">\n\t\t\t\t\t\t<span class=\"elementor-button-icon\">\n\t\t\t\t<svg aria-hidden=\"true\" class=\"e-font-icon-svg e-fas-ticket-alt\" viewbox=\"0 0 576 512\" xmlns=\"http:\/\/www.w3.org\/2000\/svg\"><path d=\"M128 160h320v192H128V160zm400 96c0 26.51 21.49 48 48 48v96c0 26.51-21.49 48-48 48H48c-26.51 0-48-21.49-48-48v-96c26.51 0 48-21.49 48-48s-21.49-48-48-48v-96c0-26.51 21.49-48 48-48h480c26.51 0 48 21.49 48 48v96c-26.51 0-48 21.49-48 48zm-48-104c0-13.255-10.745-24-24-24H120c-13.255 0-24 10.745-24 24v208c0 13.255 10.745 24 24 24h336c13.255 0 24-10.745 24-24V152z\"><\/path><\/svg>\t\t\t<\/span>\n\t\t\t\t\t\t\t\t\t<span class=\"elementor-button-text\">TICKETS<\/span>\n\t\t\t\t\t<\/span>\n\t\t\t\t\t<\/a>\n\t\t\t\t<\/div>\n\t\t\t\t\t\t\t\t<\/div>\n\t\t\t\t<\/div>\n\t\t\t\t\t<\/div>\n\t\t\t\t<\/div>\n\t\t\t\t<\/div>","protected":false},"excerpt":{"rendered":"<p>\u00d6cher Competition II: &#8222;In Conversation&#8220; In the Aachen Competition II, we see stories in the here and now, conversations, conversations about conversations, exchange in every form. Whetherin a therapy room, hungover in a bar, or at a student party \u2013 no medium captures awkward silences, love, trust \u2013 in short: the interpersonal; quite likecinema does! [&hellip;]<\/p>","protected":false},"author":2,"featured_media":0,"parent":596,"menu_order":0,"comment_status":"closed","ping_status":"closed","template":"","meta":{"footnotes":""},"class_list":["post-1001","page","type-page","status-publish","hentry"],"yoast_head":"<!-- This site is optimized with the Yoast SEO plugin v25.7 - https:\/\/yoast.com\/wordpress\/plugins\/seo\/ -->\n<title>Oecher Competition II - Filmfest Aachen<\/title>\n<meta name=\"robots\" content=\"index, follow, max-snippet:-1, max-image-preview:large, max-video-preview:-1\" \/>\n<link rel=\"canonical\" href=\"https:\/\/filmfestaachen.com\/en\/programm\/aachener-competition-2\/\" \/>\n<meta property=\"og:locale\" content=\"en_US\" \/>\n<meta property=\"og:type\" content=\"article\" \/>\n<meta property=\"og:title\" content=\"Oecher Competition II - Filmfest Aachen\" \/>\n<meta property=\"og:description\" content=\"\u00d6cher Competition II: &#8222;In Conversation&#8220; In the Aachen Competition II, we see stories in the here and now, conversations, conversations about conversations, exchange in every form. Whetherin a therapy room, hungover in a bar, or at a student party \u2013 no medium captures awkward silences, love, trust \u2013 in short: the interpersonal; quite likecinema does! [&hellip;]\" \/>\n<meta property=\"og:url\" content=\"https:\/\/filmfestaachen.com\/en\/programm\/aachener-competition-2\/\" \/>\n<meta property=\"og:site_name\" content=\"Filmfest Aachen\" \/>\n<meta property=\"article:modified_time\" content=\"2025-08-23T17:24:11+00:00\" \/>\n<meta property=\"og:image\" content=\"https:\/\/filmfestaachen.com\/wp-content\/uploads\/2025\/08\/Section-Announcement_klein.jpg\" \/>\n\t<meta property=\"og:image:width\" content=\"1080\" \/>\n\t<meta property=\"og:image:height\" content=\"712\" \/>\n\t<meta property=\"og:image:type\" content=\"image\/jpeg\" \/>\n<meta name=\"twitter:card\" content=\"summary_large_image\" \/>\n<meta name=\"twitter:label1\" content=\"Est. reading time\" \/>\n\t<meta name=\"twitter:data1\" content=\"3 minutes\" \/>\n<script type=\"application\/ld+json\" class=\"yoast-schema-graph\">{\"@context\":\"https:\/\/schema.org\",\"@graph\":[{\"@type\":\"WebPage\",\"@id\":\"https:\/\/filmfestaachen.com\/programm\/aachener-competition-2\/\",\"url\":\"https:\/\/filmfestaachen.com\/programm\/aachener-competition-2\/\",\"name\":\"Oecher Competition II - Filmfest Aachen\",\"isPartOf\":{\"@id\":\"https:\/\/filmfestaachen.com\/#website\"},\"primaryImageOfPage\":{\"@id\":\"https:\/\/filmfestaachen.com\/programm\/aachener-competition-2\/#primaryimage\"},\"image\":{\"@id\":\"https:\/\/filmfestaachen.com\/programm\/aachener-competition-2\/#primaryimage\"},\"thumbnailUrl\":\"https:\/\/filmfestaachen.com\/wp-content\/uploads\/2025\/08\/Section-Announcement_klein-1024x675.jpg\",\"datePublished\":\"2025-08-15T14:18:09+00:00\",\"dateModified\":\"2025-08-23T17:24:11+00:00\",\"breadcrumb\":{\"@id\":\"https:\/\/filmfestaachen.com\/programm\/aachener-competition-2\/#breadcrumb\"},\"inLanguage\":\"en-US\",\"potentialAction\":[{\"@type\":\"ReadAction\",\"target\":[\"https:\/\/filmfestaachen.com\/programm\/aachener-competition-2\/\"]}]},{\"@type\":\"ImageObject\",\"inLanguage\":\"en-US\",\"@id\":\"https:\/\/filmfestaachen.com\/programm\/aachener-competition-2\/#primaryimage\",\"url\":\"https:\/\/filmfestaachen.com\/wp-content\/uploads\/2025\/08\/Section-Announcement_klein-1024x675.jpg\",\"contentUrl\":\"https:\/\/filmfestaachen.com\/wp-content\/uploads\/2025\/08\/Section-Announcement_klein-1024x675.jpg\"},{\"@type\":\"BreadcrumbList\",\"@id\":\"https:\/\/filmfestaachen.com\/programm\/aachener-competition-2\/#breadcrumb\",\"itemListElement\":[{\"@type\":\"ListItem\",\"position\":1,\"name\":\"Startseite\",\"item\":\"https:\/\/filmfestaachen.com\/\"},{\"@type\":\"ListItem\",\"position\":2,\"name\":\"Programm\",\"item\":\"https:\/\/filmfestaachen.com\/programm\/\"},{\"@type\":\"ListItem\",\"position\":3,\"name\":\"Oecher Competition II\"}]},{\"@type\":\"WebSite\",\"@id\":\"https:\/\/filmfestaachen.com\/#website\",\"url\":\"https:\/\/filmfestaachen.com\/\",\"name\":\"Filmfest Aachen\",\"description\":\"Filmkultur auf Augenh\u00f6he!\",\"publisher\":{\"@id\":\"https:\/\/filmfestaachen.com\/#organization\"},\"potentialAction\":[{\"@type\":\"SearchAction\",\"target\":{\"@type\":\"EntryPoint\",\"urlTemplate\":\"https:\/\/filmfestaachen.com\/?s={search_term_string}\"},\"query-input\":{\"@type\":\"PropertyValueSpecification\",\"valueRequired\":true,\"valueName\":\"search_term_string\"}}],\"inLanguage\":\"en-US\"},{\"@type\":\"Organization\",\"@id\":\"https:\/\/filmfestaachen.com\/#organization\",\"name\":\"Filmfest Aachen\",\"url\":\"https:\/\/filmfestaachen.com\/\",\"logo\":{\"@type\":\"ImageObject\",\"inLanguage\":\"en-US\",\"@id\":\"https:\/\/filmfestaachen.com\/#\/schema\/logo\/image\/\",\"url\":\"https:\/\/filmfestaachen.com\/wp-content\/uploads\/2024\/07\/FFAWhite.png\",\"contentUrl\":\"https:\/\/filmfestaachen.com\/wp-content\/uploads\/2024\/07\/FFAWhite.png\",\"width\":937,\"height\":633,\"caption\":\"Filmfest Aachen\"},\"image\":{\"@id\":\"https:\/\/filmfestaachen.com\/#\/schema\/logo\/image\/\"},\"sameAs\":[\"https:\/\/www.instagram.com\/filmfestaachen\/\",\"https:\/\/letterboxd.com\/filmfestaachen\/\"]}]}<\/script>\n<!-- \/ Yoast SEO plugin. -->","yoast_head_json":{"title":"Oecher Competition II - Filmfest Aachen","robots":{"index":"index","follow":"follow","max-snippet":"max-snippet:-1","max-image-preview":"max-image-preview:large","max-video-preview":"max-video-preview:-1"},"canonical":"https:\/\/filmfestaachen.com\/en\/programm\/aachener-competition-2\/","og_locale":"en_US","og_type":"article","og_title":"Oecher Competition II - Filmfest Aachen","og_description":"\u00d6cher Competition II: &#8222;In Conversation&#8220; In the Aachen Competition II, we see stories in the here and now, conversations, conversations about conversations, exchange in every form. Whetherin a therapy room, hungover in a bar, or at a student party \u2013 no medium captures awkward silences, love, trust \u2013 in short: the interpersonal; quite likecinema does! [&hellip;]","og_url":"https:\/\/filmfestaachen.com\/en\/programm\/aachener-competition-2\/","og_site_name":"Filmfest Aachen","article_modified_time":"2025-08-23T17:24:11+00:00","og_image":[{"width":1080,"height":712,"url":"https:\/\/filmfestaachen.com\/wp-content\/uploads\/2025\/08\/Section-Announcement_klein.jpg","type":"image\/jpeg"}],"twitter_card":"summary_large_image","twitter_misc":{"Est. reading time":"3 minutes"},"schema":{"@context":"https:\/\/schema.org","@graph":[{"@type":"WebPage","@id":"https:\/\/filmfestaachen.com\/programm\/aachener-competition-2\/","url":"https:\/\/filmfestaachen.com\/programm\/aachener-competition-2\/","name":"Oecher Competition II - Filmfest Aachen","isPartOf":{"@id":"https:\/\/filmfestaachen.com\/#website"},"primaryImageOfPage":{"@id":"https:\/\/filmfestaachen.com\/programm\/aachener-competition-2\/#primaryimage"},"image":{"@id":"https:\/\/filmfestaachen.com\/programm\/aachener-competition-2\/#primaryimage"},"thumbnailUrl":"https:\/\/filmfestaachen.com\/wp-content\/uploads\/2025\/08\/Section-Announcement_klein-1024x675.jpg","datePublished":"2025-08-15T14:18:09+00:00","dateModified":"2025-08-23T17:24:11+00:00","breadcrumb":{"@id":"https:\/\/filmfestaachen.com\/programm\/aachener-competition-2\/#breadcrumb"},"inLanguage":"en-US","potentialAction":[{"@type":"ReadAction","target":["https:\/\/filmfestaachen.com\/programm\/aachener-competition-2\/"]}]},{"@type":"ImageObject","inLanguage":"en-US","@id":"https:\/\/filmfestaachen.com\/programm\/aachener-competition-2\/#primaryimage","url":"https:\/\/filmfestaachen.com\/wp-content\/uploads\/2025\/08\/Section-Announcement_klein-1024x675.jpg","contentUrl":"https:\/\/filmfestaachen.com\/wp-content\/uploads\/2025\/08\/Section-Announcement_klein-1024x675.jpg"},{"@type":"BreadcrumbList","@id":"https:\/\/filmfestaachen.com\/programm\/aachener-competition-2\/#breadcrumb","itemListElement":[{"@type":"ListItem","position":1,"name":"Startseite","item":"https:\/\/filmfestaachen.com\/"},{"@type":"ListItem","position":2,"name":"Programm","item":"https:\/\/filmfestaachen.com\/programm\/"},{"@type":"ListItem","position":3,"name":"Oecher Competition II"}]},{"@type":"WebSite","@id":"https:\/\/filmfestaachen.com\/#website","url":"https:\/\/filmfestaachen.com\/","name":"Filmfest Aachen","description":"Filmkultur auf Augenh\u00f6he!","publisher":{"@id":"https:\/\/filmfestaachen.com\/#organization"},"potentialAction":[{"@type":"SearchAction","target":{"@type":"EntryPoint","urlTemplate":"https:\/\/filmfestaachen.com\/?s={search_term_string}"},"query-input":{"@type":"PropertyValueSpecification","valueRequired":true,"valueName":"search_term_string"}}],"inLanguage":"en-US"},{"@type":"Organization","@id":"https:\/\/filmfestaachen.com\/#organization","name":"Filmfest Aachen","url":"https:\/\/filmfestaachen.com\/","logo":{"@type":"ImageObject","inLanguage":"en-US","@id":"https:\/\/filmfestaachen.com\/#\/schema\/logo\/image\/","url":"https:\/\/filmfestaachen.com\/wp-content\/uploads\/2024\/07\/FFAWhite.png","contentUrl":"https:\/\/filmfestaachen.com\/wp-content\/uploads\/2024\/07\/FFAWhite.png","width":937,"height":633,"caption":"Filmfest Aachen"},"image":{"@id":"https:\/\/filmfestaachen.com\/#\/schema\/logo\/image\/"},"sameAs":["https:\/\/www.instagram.com\/filmfestaachen\/","https:\/\/letterboxd.com\/filmfestaachen\/"]}]}},"_links":{"self":[{"href":"https:\/\/filmfestaachen.com\/en\/wp-json\/wp\/v2\/pages\/1001","targetHints":{"allow":["GET"]}}],"collection":[{"href":"https:\/\/filmfestaachen.com\/en\/wp-json\/wp\/v2\/pages"}],"about":[{"href":"https:\/\/filmfestaachen.com\/en\/wp-json\/wp\/v2\/types\/page"}],"author":[{"embeddable":true,"href":"https:\/\/filmfestaachen.com\/en\/wp-json\/wp\/v2\/users\/2"}],"replies":[{"embeddable":true,"href":"https:\/\/filmfestaachen.com\/en\/wp-json\/wp\/v2\/comments?post=1001"}],"version-history":[{"count":0,"href":"https:\/\/filmfestaachen.com\/en\/wp-json\/wp\/v2\/pages\/1001\/revisions"}],"up":[{"embeddable":true,"href":"https:\/\/filmfestaachen.com\/en\/wp-json\/wp\/v2\/pages\/596"}],"wp:attachment":[{"href":"https:\/\/filmfestaachen.com\/en\/wp-json\/wp\/v2\/media?parent=1001"}],"curies":[{"name":"wp","href":"https:\/\/api.w.org\/{rel}","templated":true}]}}