{"id":115,"date":"2024-07-16T17:19:01","date_gmt":"2024-07-16T15:19:01","guid":{"rendered":"https:\/\/filmfestaachen.com\/?page_id=115"},"modified":"2024-10-22T13:13:34","modified_gmt":"2024-10-22T11:13:34","slug":"news","status":"publish","type":"page","link":"https:\/\/filmfestaachen.com\/en\/news\/","title":{"rendered":"News"},"content":{"rendered":"<div class=\"wp-block-media-text is-stacked-on-mobile\"><figure class=\"wp-block-media-text__media\"><a href=\"https:\/\/www.aachener-zeitung.de\/lokales\/region-aachen\/aachen\/warum-aachen-ein-filmfest-braucht\/23291265.html\"><img fetchpriority=\"high\" decoding=\"async\" width=\"1024\" height=\"576\" src=\"https:\/\/filmfestaachen.com\/wp-content\/uploads\/2024\/10\/Niklas-Aachener-Zeitung.png\" alt=\"\" class=\"wp-image-289 size-full\" srcset=\"https:\/\/filmfestaachen.com\/wp-content\/uploads\/2024\/10\/Niklas-Aachener-Zeitung.png 1024w, https:\/\/filmfestaachen.com\/wp-content\/uploads\/2024\/10\/Niklas-Aachener-Zeitung-300x169.png 300w, https:\/\/filmfestaachen.com\/wp-content\/uploads\/2024\/10\/Niklas-Aachener-Zeitung-768x432.png 768w\" sizes=\"(max-width: 1024px) 100vw, 1024px\" \/><\/a><\/figure><div class=\"wp-block-media-text__content\">\n<p>Unser Festivaldirektor Niklas war in der vergangenen Woche im Gespr\u00e4ch mit Herman-Josef Delonge, Redakteur der Aachener Zeitung. Den fertigen Artikel \u00fcber die Gr\u00fcndung des Festivals, gro\u00dfe Pl\u00e4ne und unsere ersten Veranstaltungen k\u00f6nnt ihr <strong><a href=\"https:\/\/www.aachener-zeitung.de\/lokales\/region-aachen\/aachen\/warum-aachen-ein-filmfest-braucht\/23291265.html\">hier<\/a><\/strong> nachlesen. (Abonnement n\u00f6tig)<br><br>Im selben Atemzug hat er auch Klenkes, dem aachener Stadt- und Kulturmagazin, ein Interview gegeben. Den Artikel, in dem auch bereits unser n\u00e4chstes Event besprochen wird, k\u00f6nnt ihr <strong><a href=\"https:\/\/www.klenkes.de\/kultur\/film\/artikel\/105685.grosse-plaene\">hier<\/a><\/strong> lesen.<\/p>\n<\/div><\/div>\n\n\n\n<hr class=\"wp-block-separator has-alpha-channel-opacity\"\/>\n\n\n\n<div class=\"wp-block-media-text is-stacked-on-mobile\"><figure class=\"wp-block-media-text__media\"><a href=\"https:\/\/filmfestaachen.com\/en\/pick-your-poison\/\"><img decoding=\"async\" width=\"724\" height=\"1024\" src=\"https:\/\/filmfestaachen.com\/wp-content\/uploads\/2024\/10\/PYP-Poster-724x1024.jpeg\" alt=\"Pick your Poison Poster\" class=\"wp-image-156 size-full\" srcset=\"https:\/\/filmfestaachen.com\/wp-content\/uploads\/2024\/10\/PYP-Poster-724x1024.jpeg 724w, https:\/\/filmfestaachen.com\/wp-content\/uploads\/2024\/10\/PYP-Poster-212x300.jpeg 212w, https:\/\/filmfestaachen.com\/wp-content\/uploads\/2024\/10\/PYP-Poster-768x1087.jpeg 768w, https:\/\/filmfestaachen.com\/wp-content\/uploads\/2024\/10\/PYP-Poster-1085x1536.jpeg 1085w, https:\/\/filmfestaachen.com\/wp-content\/uploads\/2024\/10\/PYP-Poster.jpeg 1447w\" sizes=\"(max-width: 724px) 100vw, 724px\" \/><\/a><\/figure><div class=\"wp-block-media-text__content\">\n<p>Das Datum, die Filme und der Spielort f\u00fcr unser erstes Event steht fest! &#8218;Pick your Poison&#8216; wird am 24.10.2024 im Eden Palast in Aachen stattfinden. In der &#8218;Female Rage&#8216;-Sektion ergr\u00fcnden wir feministische motive im Genre-Klassiker <strong>Suspiria<\/strong> und dem iranischen <strong>A Girl Walks Home Alone at Night<\/strong>. In der &#8218;New Flesh&#8216;-Sektion betrachten wir unterdessen wie sich K\u00f6rper ver\u00e4ndern und was diese Ver\u00e4nderungen f\u00fcr uns bedeuten.<\/p>\n<\/div><\/div>\n\n\n\n<hr class=\"wp-block-separator has-alpha-channel-opacity\"\/>\n\n\n\n<p>Hier ist der Ort f\u00fcr Ank\u00fcndigungen, gesicherte Filme und mehr. Unser Blog und somit der einfachste Weg, euch \u00fcber die aktuellen Entwicklungen des Filmfest Aachen zu informieren.<\/p>\n\n\n\n<p><\/p>","protected":false},"excerpt":{"rendered":"<p>Unser Festivaldirektor Niklas war in der vergangenen Woche im Gespr\u00e4ch mit Herman-Josef Delonge, Redakteur der Aachener Zeitung. Den fertigen Artikel \u00fcber die Gr\u00fcndung des Festivals, gro\u00dfe Pl\u00e4ne und unsere ersten Veranstaltungen k\u00f6nnt ihr hier nachlesen. (Abonnement n\u00f6tig) Im selben Atemzug hat er auch Klenkes, dem aachener Stadt- und Kulturmagazin, ein Interview gegeben. Den Artikel, in [&hellip;]<\/p>","protected":false},"author":1,"featured_media":0,"parent":0,"menu_order":0,"comment_status":"closed","ping_status":"closed","template":"","meta":{"footnotes":""},"class_list":["post-115","page","type-page","status-publish","hentry"],"yoast_head":"<!-- This site is optimized with the Yoast SEO plugin v25.7 - https:\/\/yoast.com\/wordpress\/plugins\/seo\/ -->\n<title>News - Filmfest Aachen<\/title>\n<meta name=\"robots\" content=\"index, follow, max-snippet:-1, max-image-preview:large, max-video-preview:-1\" \/>\n<link rel=\"canonical\" href=\"https:\/\/filmfestaachen.com\/en\/news\/\" \/>\n<meta property=\"og:locale\" content=\"en_US\" \/>\n<meta property=\"og:type\" content=\"article\" \/>\n<meta property=\"og:title\" content=\"News - Filmfest Aachen\" \/>\n<meta property=\"og:description\" content=\"Unser Festivaldirektor Niklas war in der vergangenen Woche im Gespr\u00e4ch mit Herman-Josef Delonge, Redakteur der Aachener Zeitung. Den fertigen Artikel \u00fcber die Gr\u00fcndung des Festivals, gro\u00dfe Pl\u00e4ne und unsere ersten Veranstaltungen k\u00f6nnt ihr hier nachlesen. (Abonnement n\u00f6tig) Im selben Atemzug hat er auch Klenkes, dem aachener Stadt- und Kulturmagazin, ein Interview gegeben. Den Artikel, in [&hellip;]\" \/>\n<meta property=\"og:url\" content=\"https:\/\/filmfestaachen.com\/en\/news\/\" \/>\n<meta property=\"og:site_name\" content=\"Filmfest Aachen\" \/>\n<meta property=\"article:modified_time\" content=\"2024-10-22T11:13:34+00:00\" \/>\n<meta property=\"og:image\" content=\"https:\/\/filmfestaachen.com\/wp-content\/uploads\/2024\/10\/PYP-Poster-724x1024.jpeg\" \/>\n<meta name=\"twitter:card\" content=\"summary_large_image\" \/>\n<meta name=\"twitter:label1\" content=\"Est. reading time\" \/>\n\t<meta name=\"twitter:data1\" content=\"1 minute\" \/>\n<script type=\"application\/ld+json\" class=\"yoast-schema-graph\">{\"@context\":\"https:\/\/schema.org\",\"@graph\":[{\"@type\":\"WebPage\",\"@id\":\"https:\/\/filmfestaachen.com\/news\/\",\"url\":\"https:\/\/filmfestaachen.com\/news\/\",\"name\":\"News - Filmfest Aachen\",\"isPartOf\":{\"@id\":\"https:\/\/filmfestaachen.com\/#website\"},\"primaryImageOfPage\":{\"@id\":\"https:\/\/filmfestaachen.com\/news\/#primaryimage\"},\"image\":{\"@id\":\"https:\/\/filmfestaachen.com\/news\/#primaryimage\"},\"thumbnailUrl\":\"https:\/\/filmfestaachen.com\/wp-content\/uploads\/2024\/10\/Niklas-Aachener-Zeitung.png\",\"datePublished\":\"2024-07-16T15:19:01+00:00\",\"dateModified\":\"2024-10-22T11:13:34+00:00\",\"breadcrumb\":{\"@id\":\"https:\/\/filmfestaachen.com\/news\/#breadcrumb\"},\"inLanguage\":\"en-US\",\"potentialAction\":[{\"@type\":\"ReadAction\",\"target\":[\"https:\/\/filmfestaachen.com\/news\/\"]}]},{\"@type\":\"ImageObject\",\"inLanguage\":\"en-US\",\"@id\":\"https:\/\/filmfestaachen.com\/news\/#primaryimage\",\"url\":\"https:\/\/filmfestaachen.com\/wp-content\/uploads\/2024\/10\/Niklas-Aachener-Zeitung.png\",\"contentUrl\":\"https:\/\/filmfestaachen.com\/wp-content\/uploads\/2024\/10\/Niklas-Aachener-Zeitung.png\"},{\"@type\":\"BreadcrumbList\",\"@id\":\"https:\/\/filmfestaachen.com\/news\/#breadcrumb\",\"itemListElement\":[{\"@type\":\"ListItem\",\"position\":1,\"name\":\"Startseite\",\"item\":\"https:\/\/filmfestaachen.com\/\"},{\"@type\":\"ListItem\",\"position\":2,\"name\":\"News\"}]},{\"@type\":\"WebSite\",\"@id\":\"https:\/\/filmfestaachen.com\/#website\",\"url\":\"https:\/\/filmfestaachen.com\/\",\"name\":\"Filmfest Aachen\",\"description\":\"Filmkultur auf Augenh\u00f6he!\",\"publisher\":{\"@id\":\"https:\/\/filmfestaachen.com\/#organization\"},\"potentialAction\":[{\"@type\":\"SearchAction\",\"target\":{\"@type\":\"EntryPoint\",\"urlTemplate\":\"https:\/\/filmfestaachen.com\/?s={search_term_string}\"},\"query-input\":{\"@type\":\"PropertyValueSpecification\",\"valueRequired\":true,\"valueName\":\"search_term_string\"}}],\"inLanguage\":\"en-US\"},{\"@type\":\"Organization\",\"@id\":\"https:\/\/filmfestaachen.com\/#organization\",\"name\":\"Filmfest Aachen\",\"url\":\"https:\/\/filmfestaachen.com\/\",\"logo\":{\"@type\":\"ImageObject\",\"inLanguage\":\"en-US\",\"@id\":\"https:\/\/filmfestaachen.com\/#\/schema\/logo\/image\/\",\"url\":\"https:\/\/filmfestaachen.com\/wp-content\/uploads\/2024\/07\/FFAWhite.png\",\"contentUrl\":\"https:\/\/filmfestaachen.com\/wp-content\/uploads\/2024\/07\/FFAWhite.png\",\"width\":937,\"height\":633,\"caption\":\"Filmfest Aachen\"},\"image\":{\"@id\":\"https:\/\/filmfestaachen.com\/#\/schema\/logo\/image\/\"},\"sameAs\":[\"https:\/\/www.instagram.com\/filmfestaachen\/\",\"https:\/\/letterboxd.com\/filmfestaachen\/\"]}]}<\/script>\n<!-- \/ Yoast SEO plugin. -->","yoast_head_json":{"title":"News - Filmfest Aachen","robots":{"index":"index","follow":"follow","max-snippet":"max-snippet:-1","max-image-preview":"max-image-preview:large","max-video-preview":"max-video-preview:-1"},"canonical":"https:\/\/filmfestaachen.com\/en\/news\/","og_locale":"en_US","og_type":"article","og_title":"News - Filmfest Aachen","og_description":"Unser Festivaldirektor Niklas war in der vergangenen Woche im Gespr\u00e4ch mit Herman-Josef Delonge, Redakteur der Aachener Zeitung. Den fertigen Artikel \u00fcber die Gr\u00fcndung des Festivals, gro\u00dfe Pl\u00e4ne und unsere ersten Veranstaltungen k\u00f6nnt ihr hier nachlesen. (Abonnement n\u00f6tig) Im selben Atemzug hat er auch Klenkes, dem aachener Stadt- und Kulturmagazin, ein Interview gegeben. Den Artikel, in [&hellip;]","og_url":"https:\/\/filmfestaachen.com\/en\/news\/","og_site_name":"Filmfest Aachen","article_modified_time":"2024-10-22T11:13:34+00:00","og_image":[{"url":"https:\/\/filmfestaachen.com\/wp-content\/uploads\/2024\/10\/PYP-Poster-724x1024.jpeg","type":"","width":"","height":""}],"twitter_card":"summary_large_image","twitter_misc":{"Est. reading time":"1 minute"},"schema":{"@context":"https:\/\/schema.org","@graph":[{"@type":"WebPage","@id":"https:\/\/filmfestaachen.com\/news\/","url":"https:\/\/filmfestaachen.com\/news\/","name":"News - Filmfest Aachen","isPartOf":{"@id":"https:\/\/filmfestaachen.com\/#website"},"primaryImageOfPage":{"@id":"https:\/\/filmfestaachen.com\/news\/#primaryimage"},"image":{"@id":"https:\/\/filmfestaachen.com\/news\/#primaryimage"},"thumbnailUrl":"https:\/\/filmfestaachen.com\/wp-content\/uploads\/2024\/10\/Niklas-Aachener-Zeitung.png","datePublished":"2024-07-16T15:19:01+00:00","dateModified":"2024-10-22T11:13:34+00:00","breadcrumb":{"@id":"https:\/\/filmfestaachen.com\/news\/#breadcrumb"},"inLanguage":"en-US","potentialAction":[{"@type":"ReadAction","target":["https:\/\/filmfestaachen.com\/news\/"]}]},{"@type":"ImageObject","inLanguage":"en-US","@id":"https:\/\/filmfestaachen.com\/news\/#primaryimage","url":"https:\/\/filmfestaachen.com\/wp-content\/uploads\/2024\/10\/Niklas-Aachener-Zeitung.png","contentUrl":"https:\/\/filmfestaachen.com\/wp-content\/uploads\/2024\/10\/Niklas-Aachener-Zeitung.png"},{"@type":"BreadcrumbList","@id":"https:\/\/filmfestaachen.com\/news\/#breadcrumb","itemListElement":[{"@type":"ListItem","position":1,"name":"Startseite","item":"https:\/\/filmfestaachen.com\/"},{"@type":"ListItem","position":2,"name":"News"}]},{"@type":"WebSite","@id":"https:\/\/filmfestaachen.com\/#website","url":"https:\/\/filmfestaachen.com\/","name":"Filmfest Aachen","description":"Filmkultur auf Augenh\u00f6he!","publisher":{"@id":"https:\/\/filmfestaachen.com\/#organization"},"potentialAction":[{"@type":"SearchAction","target":{"@type":"EntryPoint","urlTemplate":"https:\/\/filmfestaachen.com\/?s={search_term_string}"},"query-input":{"@type":"PropertyValueSpecification","valueRequired":true,"valueName":"search_term_string"}}],"inLanguage":"en-US"},{"@type":"Organization","@id":"https:\/\/filmfestaachen.com\/#organization","name":"Filmfest Aachen","url":"https:\/\/filmfestaachen.com\/","logo":{"@type":"ImageObject","inLanguage":"en-US","@id":"https:\/\/filmfestaachen.com\/#\/schema\/logo\/image\/","url":"https:\/\/filmfestaachen.com\/wp-content\/uploads\/2024\/07\/FFAWhite.png","contentUrl":"https:\/\/filmfestaachen.com\/wp-content\/uploads\/2024\/07\/FFAWhite.png","width":937,"height":633,"caption":"Filmfest Aachen"},"image":{"@id":"https:\/\/filmfestaachen.com\/#\/schema\/logo\/image\/"},"sameAs":["https:\/\/www.instagram.com\/filmfestaachen\/","https:\/\/letterboxd.com\/filmfestaachen\/"]}]}},"_links":{"self":[{"href":"https:\/\/filmfestaachen.com\/en\/wp-json\/wp\/v2\/pages\/115","targetHints":{"allow":["GET"]}}],"collection":[{"href":"https:\/\/filmfestaachen.com\/en\/wp-json\/wp\/v2\/pages"}],"about":[{"href":"https:\/\/filmfestaachen.com\/en\/wp-json\/wp\/v2\/types\/page"}],"author":[{"embeddable":true,"href":"https:\/\/filmfestaachen.com\/en\/wp-json\/wp\/v2\/users\/1"}],"replies":[{"embeddable":true,"href":"https:\/\/filmfestaachen.com\/en\/wp-json\/wp\/v2\/comments?post=115"}],"version-history":[{"count":0,"href":"https:\/\/filmfestaachen.com\/en\/wp-json\/wp\/v2\/pages\/115\/revisions"}],"wp:attachment":[{"href":"https:\/\/filmfestaachen.com\/en\/wp-json\/wp\/v2\/media?parent=115"}],"curies":[{"name":"wp","href":"https:\/\/api.w.org\/{rel}","templated":true}]}}