{"id":1223,"date":"2025-08-17T15:52:17","date_gmt":"2025-08-17T13:52:17","guid":{"rendered":"https:\/\/filmfestaachen.com\/?page_id=1223"},"modified":"2025-08-23T17:16:30","modified_gmt":"2025-08-23T15:16:30","slug":"farfilia","status":"publish","type":"page","link":"https:\/\/filmfestaachen.com\/en\/programm\/farfilia\/","title":{"rendered":"Farfilia"},"content":{"rendered":"<div data-elementor-type=\"wp-page\" data-elementor-id=\"1223\" class=\"elementor elementor-1223\">\n\t\t\t\t<div class=\"elementor-element elementor-element-f41d96b e-flex e-con-boxed e-con e-parent\" data-id=\"f41d96b\" data-element_type=\"container\">\n\t\t\t\t\t<div class=\"e-con-inner\">\n\t\t\t\t<div class=\"elementor-element elementor-element-f85642b elementor-widget elementor-widget-image\" data-id=\"f85642b\" data-element_type=\"widget\" data-widget_type=\"image.default\">\n\t\t\t\t<div class=\"elementor-widget-container\">\n\t\t\t\t\t\t\t\t\t\t\t\t\t\t\t<img fetchpriority=\"high\" decoding=\"async\" width=\"1024\" height=\"436\" src=\"https:\/\/filmfestaachen.com\/wp-content\/uploads\/2025\/08\/3-1024x436.jpg\" class=\"attachment-large size-large wp-image-812\" alt=\"\" srcset=\"https:\/\/filmfestaachen.com\/wp-content\/uploads\/2025\/08\/3-1024x436.jpg 1024w, https:\/\/filmfestaachen.com\/wp-content\/uploads\/2025\/08\/3-300x128.jpg 300w, https:\/\/filmfestaachen.com\/wp-content\/uploads\/2025\/08\/3-768x327.jpg 768w, https:\/\/filmfestaachen.com\/wp-content\/uploads\/2025\/08\/3-1536x654.jpg 1536w, https:\/\/filmfestaachen.com\/wp-content\/uploads\/2025\/08\/3-18x8.jpg 18w, https:\/\/filmfestaachen.com\/wp-content\/uploads\/2025\/08\/3-1320x562.jpg 1320w, https:\/\/filmfestaachen.com\/wp-content\/uploads\/2025\/08\/3.jpg 1920w\" sizes=\"(max-width: 1024px) 100vw, 1024px\" \/>\t\t\t\t\t\t\t\t\t\t\t\t\t\t\t<\/div>\n\t\t\t\t<\/div>\n\t\t\t\t\t<\/div>\n\t\t\t\t<\/div>\n\t\t<div class=\"elementor-element elementor-element-b47b1a1 e-flex e-con-boxed e-con e-parent\" data-id=\"b47b1a1\" data-element_type=\"container\">\n\t\t\t\t\t<div class=\"e-con-inner\">\n\t\t\t\t<div class=\"elementor-element elementor-element-2337d69 elementor-widget elementor-widget-text-editor\" data-id=\"2337d69\" data-element_type=\"widget\" data-widget_type=\"text-editor.default\">\n\t\t\t\t<div class=\"elementor-widget-container\">\n\t\t\t\t\t\t\t\t\t<p><em>\u00a0Germany, 2024, 10 min, Ina Farjam, no dialogue<\/em><\/p>\t\t\t\t\t\t\t\t<\/div>\n\t\t\t\t<\/div>\n\t\t\t\t\t<\/div>\n\t\t\t\t<\/div>\n\t\t<div class=\"elementor-element elementor-element-1e82957 e-flex e-con-boxed e-con e-parent\" data-id=\"1e82957\" data-element_type=\"container\">\n\t\t\t\t\t<div class=\"e-con-inner\">\n\t\t\t\t<div class=\"elementor-element elementor-element-25aa99e elementor-widget elementor-widget-text-editor\" data-id=\"25aa99e\" data-element_type=\"widget\" data-widget_type=\"text-editor.default\">\n\t\t\t\t<div class=\"elementor-widget-container\">\n\t\t\t\t\t\t\t\t\t<p>Farfilia is an experimental dance film about the complex relationship between father and daughter. Conversation through movement: Over the course of the film, contrasting worlds move closer together.<\/p><p><span class=\"a_GcMg font-feature-liga-off font-feature-clig-off font-feature-calt-off text-decoration-none text-strikethrough-none\">Farfilia ist ein experimenteller Tanzfilm \u00fcber die komplexe Beziehung zwischen Vater und Tochter. Ein Gespr\u00e4ch durch Bewegung: Im Verlauf des Films r\u00fccken gegens\u00e4tzliche Welten n\u00e4her zusammen.<\/span><\/p>\t\t\t\t\t\t\t\t<\/div>\n\t\t\t\t<\/div>\n\t\t\t\t\t<\/div>\n\t\t\t\t<\/div>\n\t\t<div class=\"elementor-element elementor-element-42cc536 e-flex e-con-boxed e-con e-parent\" data-id=\"42cc536\" data-element_type=\"container\">\n\t\t\t\t\t<div class=\"e-con-inner\">\n\t\t\t\t<div class=\"elementor-element elementor-element-9eb66f2 elementor-align-center elementor-widget elementor-widget-button\" data-id=\"9eb66f2\" data-element_type=\"widget\" data-widget_type=\"button.default\">\n\t\t\t\t<div class=\"elementor-widget-container\">\n\t\t\t\t\t\t\t\t\t<div class=\"elementor-button-wrapper\">\n\t\t\t\t\t<a class=\"elementor-button elementor-button-link elementor-size-sm\" href=\"https:\/\/rausgegangen.de\/en\/events\/ocher-competition-2-filmfest-aachen-2025-0\/\">\n\t\t\t\t\t\t<span class=\"elementor-button-content-wrapper\">\n\t\t\t\t\t\t<span class=\"elementor-button-icon\">\n\t\t\t\t<svg aria-hidden=\"true\" class=\"e-font-icon-svg e-fas-ticket-alt\" viewbox=\"0 0 576 512\" xmlns=\"http:\/\/www.w3.org\/2000\/svg\"><path d=\"M128 160h320v192H128V160zm400 96c0 26.51 21.49 48 48 48v96c0 26.51-21.49 48-48 48H48c-26.51 0-48-21.49-48-48v-96c26.51 0 48-21.49 48-48s-21.49-48-48-48v-96c0-26.51 21.49-48 48-48h480c26.51 0 48 21.49 48 48v96c-26.51 0-48 21.49-48 48zm-48-104c0-13.255-10.745-24-24-24H120c-13.255 0-24 10.745-24 24v208c0 13.255 10.745 24 24 24h336c13.255 0 24-10.745 24-24V152z\"><\/path><\/svg>\t\t\t<\/span>\n\t\t\t\t\t\t\t\t\t<span class=\"elementor-button-text\">TICKETS<\/span>\n\t\t\t\t\t<\/span>\n\t\t\t\t\t<\/a>\n\t\t\t\t<\/div>\n\t\t\t\t\t\t\t\t<\/div>\n\t\t\t\t<\/div>\n\t\t\t\t\t<\/div>\n\t\t\t\t<\/div>\n\t\t\t\t<\/div>","protected":false},"excerpt":{"rendered":"<p>\u00a0Germany, 2024, 10 min, Ina Farjam, no dialogue Farfilia is an experimental dance film about the complex relationship between father and daughter. Conversation through movement: Over the course of the film, contrasting worlds move closer together. Farfilia ist ein experimenteller Tanzfilm \u00fcber die komplexe Beziehung zwischen Vater und Tochter. Ein Gespr\u00e4ch durch Bewegung: Im Verlauf [&hellip;]<\/p>","protected":false},"author":2,"featured_media":0,"parent":596,"menu_order":0,"comment_status":"closed","ping_status":"closed","template":"","meta":{"footnotes":""},"class_list":["post-1223","page","type-page","status-publish","hentry"],"yoast_head":"<!-- This site is optimized with the Yoast SEO plugin v25.7 - https:\/\/yoast.com\/wordpress\/plugins\/seo\/ -->\n<title>Farfilia - Filmfest Aachen<\/title>\n<meta name=\"robots\" content=\"index, follow, max-snippet:-1, max-image-preview:large, max-video-preview:-1\" \/>\n<link rel=\"canonical\" href=\"https:\/\/filmfestaachen.com\/en\/programm\/farfilia\/\" \/>\n<meta property=\"og:locale\" content=\"en_US\" \/>\n<meta property=\"og:type\" content=\"article\" \/>\n<meta property=\"og:title\" content=\"Farfilia - Filmfest Aachen\" \/>\n<meta property=\"og:description\" content=\"\u00a0Germany, 2024, 10 min, Ina Farjam, no dialogue Farfilia is an experimental dance film about the complex relationship between father and daughter. Conversation through movement: Over the course of the film, contrasting worlds move closer together. Farfilia ist ein experimenteller Tanzfilm \u00fcber die komplexe Beziehung zwischen Vater und Tochter. Ein Gespr\u00e4ch durch Bewegung: Im Verlauf [&hellip;]\" \/>\n<meta property=\"og:url\" content=\"https:\/\/filmfestaachen.com\/en\/programm\/farfilia\/\" \/>\n<meta property=\"og:site_name\" content=\"Filmfest Aachen\" \/>\n<meta property=\"article:modified_time\" content=\"2025-08-23T15:16:30+00:00\" \/>\n<meta property=\"og:image\" content=\"https:\/\/filmfestaachen.com\/wp-content\/uploads\/2025\/08\/3.jpg\" \/>\n\t<meta property=\"og:image:width\" content=\"1920\" \/>\n\t<meta property=\"og:image:height\" content=\"817\" \/>\n\t<meta property=\"og:image:type\" content=\"image\/jpeg\" \/>\n<meta name=\"twitter:card\" content=\"summary_large_image\" \/>\n<meta name=\"twitter:label1\" content=\"Est. reading time\" \/>\n\t<meta name=\"twitter:data1\" content=\"1 minute\" \/>\n<script type=\"application\/ld+json\" class=\"yoast-schema-graph\">{\"@context\":\"https:\/\/schema.org\",\"@graph\":[{\"@type\":\"WebPage\",\"@id\":\"https:\/\/filmfestaachen.com\/programm\/farfilia\/\",\"url\":\"https:\/\/filmfestaachen.com\/programm\/farfilia\/\",\"name\":\"Farfilia - Filmfest Aachen\",\"isPartOf\":{\"@id\":\"https:\/\/filmfestaachen.com\/#website\"},\"primaryImageOfPage\":{\"@id\":\"https:\/\/filmfestaachen.com\/programm\/farfilia\/#primaryimage\"},\"image\":{\"@id\":\"https:\/\/filmfestaachen.com\/programm\/farfilia\/#primaryimage\"},\"thumbnailUrl\":\"https:\/\/filmfestaachen.com\/wp-content\/uploads\/2025\/08\/3-1024x436.jpg\",\"datePublished\":\"2025-08-17T13:52:17+00:00\",\"dateModified\":\"2025-08-23T15:16:30+00:00\",\"breadcrumb\":{\"@id\":\"https:\/\/filmfestaachen.com\/programm\/farfilia\/#breadcrumb\"},\"inLanguage\":\"en-US\",\"potentialAction\":[{\"@type\":\"ReadAction\",\"target\":[\"https:\/\/filmfestaachen.com\/programm\/farfilia\/\"]}]},{\"@type\":\"ImageObject\",\"inLanguage\":\"en-US\",\"@id\":\"https:\/\/filmfestaachen.com\/programm\/farfilia\/#primaryimage\",\"url\":\"https:\/\/filmfestaachen.com\/wp-content\/uploads\/2025\/08\/3-1024x436.jpg\",\"contentUrl\":\"https:\/\/filmfestaachen.com\/wp-content\/uploads\/2025\/08\/3-1024x436.jpg\"},{\"@type\":\"BreadcrumbList\",\"@id\":\"https:\/\/filmfestaachen.com\/programm\/farfilia\/#breadcrumb\",\"itemListElement\":[{\"@type\":\"ListItem\",\"position\":1,\"name\":\"Startseite\",\"item\":\"https:\/\/filmfestaachen.com\/\"},{\"@type\":\"ListItem\",\"position\":2,\"name\":\"Programm\",\"item\":\"https:\/\/filmfestaachen.com\/programm\/\"},{\"@type\":\"ListItem\",\"position\":3,\"name\":\"Farfilia\"}]},{\"@type\":\"WebSite\",\"@id\":\"https:\/\/filmfestaachen.com\/#website\",\"url\":\"https:\/\/filmfestaachen.com\/\",\"name\":\"Filmfest Aachen\",\"description\":\"Filmkultur auf Augenh\u00f6he!\",\"publisher\":{\"@id\":\"https:\/\/filmfestaachen.com\/#organization\"},\"potentialAction\":[{\"@type\":\"SearchAction\",\"target\":{\"@type\":\"EntryPoint\",\"urlTemplate\":\"https:\/\/filmfestaachen.com\/?s={search_term_string}\"},\"query-input\":{\"@type\":\"PropertyValueSpecification\",\"valueRequired\":true,\"valueName\":\"search_term_string\"}}],\"inLanguage\":\"en-US\"},{\"@type\":\"Organization\",\"@id\":\"https:\/\/filmfestaachen.com\/#organization\",\"name\":\"Filmfest Aachen\",\"url\":\"https:\/\/filmfestaachen.com\/\",\"logo\":{\"@type\":\"ImageObject\",\"inLanguage\":\"en-US\",\"@id\":\"https:\/\/filmfestaachen.com\/#\/schema\/logo\/image\/\",\"url\":\"https:\/\/filmfestaachen.com\/wp-content\/uploads\/2024\/07\/FFAWhite.png\",\"contentUrl\":\"https:\/\/filmfestaachen.com\/wp-content\/uploads\/2024\/07\/FFAWhite.png\",\"width\":937,\"height\":633,\"caption\":\"Filmfest Aachen\"},\"image\":{\"@id\":\"https:\/\/filmfestaachen.com\/#\/schema\/logo\/image\/\"},\"sameAs\":[\"https:\/\/www.instagram.com\/filmfestaachen\/\",\"https:\/\/letterboxd.com\/filmfestaachen\/\"]}]}<\/script>\n<!-- \/ Yoast SEO plugin. -->","yoast_head_json":{"title":"Farfilia - Filmfest Aachen","robots":{"index":"index","follow":"follow","max-snippet":"max-snippet:-1","max-image-preview":"max-image-preview:large","max-video-preview":"max-video-preview:-1"},"canonical":"https:\/\/filmfestaachen.com\/en\/programm\/farfilia\/","og_locale":"en_US","og_type":"article","og_title":"Farfilia - Filmfest Aachen","og_description":"\u00a0Germany, 2024, 10 min, Ina Farjam, no dialogue Farfilia is an experimental dance film about the complex relationship between father and daughter. Conversation through movement: Over the course of the film, contrasting worlds move closer together. Farfilia ist ein experimenteller Tanzfilm \u00fcber die komplexe Beziehung zwischen Vater und Tochter. Ein Gespr\u00e4ch durch Bewegung: Im Verlauf [&hellip;]","og_url":"https:\/\/filmfestaachen.com\/en\/programm\/farfilia\/","og_site_name":"Filmfest Aachen","article_modified_time":"2025-08-23T15:16:30+00:00","og_image":[{"width":1920,"height":817,"url":"https:\/\/filmfestaachen.com\/wp-content\/uploads\/2025\/08\/3.jpg","type":"image\/jpeg"}],"twitter_card":"summary_large_image","twitter_misc":{"Est. reading time":"1 minute"},"schema":{"@context":"https:\/\/schema.org","@graph":[{"@type":"WebPage","@id":"https:\/\/filmfestaachen.com\/programm\/farfilia\/","url":"https:\/\/filmfestaachen.com\/programm\/farfilia\/","name":"Farfilia - Filmfest Aachen","isPartOf":{"@id":"https:\/\/filmfestaachen.com\/#website"},"primaryImageOfPage":{"@id":"https:\/\/filmfestaachen.com\/programm\/farfilia\/#primaryimage"},"image":{"@id":"https:\/\/filmfestaachen.com\/programm\/farfilia\/#primaryimage"},"thumbnailUrl":"https:\/\/filmfestaachen.com\/wp-content\/uploads\/2025\/08\/3-1024x436.jpg","datePublished":"2025-08-17T13:52:17+00:00","dateModified":"2025-08-23T15:16:30+00:00","breadcrumb":{"@id":"https:\/\/filmfestaachen.com\/programm\/farfilia\/#breadcrumb"},"inLanguage":"en-US","potentialAction":[{"@type":"ReadAction","target":["https:\/\/filmfestaachen.com\/programm\/farfilia\/"]}]},{"@type":"ImageObject","inLanguage":"en-US","@id":"https:\/\/filmfestaachen.com\/programm\/farfilia\/#primaryimage","url":"https:\/\/filmfestaachen.com\/wp-content\/uploads\/2025\/08\/3-1024x436.jpg","contentUrl":"https:\/\/filmfestaachen.com\/wp-content\/uploads\/2025\/08\/3-1024x436.jpg"},{"@type":"BreadcrumbList","@id":"https:\/\/filmfestaachen.com\/programm\/farfilia\/#breadcrumb","itemListElement":[{"@type":"ListItem","position":1,"name":"Startseite","item":"https:\/\/filmfestaachen.com\/"},{"@type":"ListItem","position":2,"name":"Programm","item":"https:\/\/filmfestaachen.com\/programm\/"},{"@type":"ListItem","position":3,"name":"Farfilia"}]},{"@type":"WebSite","@id":"https:\/\/filmfestaachen.com\/#website","url":"https:\/\/filmfestaachen.com\/","name":"Filmfest Aachen","description":"Filmkultur auf Augenh\u00f6he!","publisher":{"@id":"https:\/\/filmfestaachen.com\/#organization"},"potentialAction":[{"@type":"SearchAction","target":{"@type":"EntryPoint","urlTemplate":"https:\/\/filmfestaachen.com\/?s={search_term_string}"},"query-input":{"@type":"PropertyValueSpecification","valueRequired":true,"valueName":"search_term_string"}}],"inLanguage":"en-US"},{"@type":"Organization","@id":"https:\/\/filmfestaachen.com\/#organization","name":"Filmfest Aachen","url":"https:\/\/filmfestaachen.com\/","logo":{"@type":"ImageObject","inLanguage":"en-US","@id":"https:\/\/filmfestaachen.com\/#\/schema\/logo\/image\/","url":"https:\/\/filmfestaachen.com\/wp-content\/uploads\/2024\/07\/FFAWhite.png","contentUrl":"https:\/\/filmfestaachen.com\/wp-content\/uploads\/2024\/07\/FFAWhite.png","width":937,"height":633,"caption":"Filmfest Aachen"},"image":{"@id":"https:\/\/filmfestaachen.com\/#\/schema\/logo\/image\/"},"sameAs":["https:\/\/www.instagram.com\/filmfestaachen\/","https:\/\/letterboxd.com\/filmfestaachen\/"]}]}},"_links":{"self":[{"href":"https:\/\/filmfestaachen.com\/en\/wp-json\/wp\/v2\/pages\/1223","targetHints":{"allow":["GET"]}}],"collection":[{"href":"https:\/\/filmfestaachen.com\/en\/wp-json\/wp\/v2\/pages"}],"about":[{"href":"https:\/\/filmfestaachen.com\/en\/wp-json\/wp\/v2\/types\/page"}],"author":[{"embeddable":true,"href":"https:\/\/filmfestaachen.com\/en\/wp-json\/wp\/v2\/users\/2"}],"replies":[{"embeddable":true,"href":"https:\/\/filmfestaachen.com\/en\/wp-json\/wp\/v2\/comments?post=1223"}],"version-history":[{"count":0,"href":"https:\/\/filmfestaachen.com\/en\/wp-json\/wp\/v2\/pages\/1223\/revisions"}],"up":[{"embeddable":true,"href":"https:\/\/filmfestaachen.com\/en\/wp-json\/wp\/v2\/pages\/596"}],"wp:attachment":[{"href":"https:\/\/filmfestaachen.com\/en\/wp-json\/wp\/v2\/media?parent=1223"}],"curies":[{"name":"wp","href":"https:\/\/api.w.org\/{rel}","templated":true}]}}