{"id":154,"date":"2024-10-15T13:16:59","date_gmt":"2024-10-15T11:16:59","guid":{"rendered":"https:\/\/filmfestaachen.com\/?page_id=154"},"modified":"2024-10-18T14:54:58","modified_gmt":"2024-10-18T12:54:58","slug":"pick-your-poison","status":"publish","type":"page","link":"https:\/\/filmfestaachen.com\/en\/pick-your-poison\/","title":{"rendered":"Pick your Poison"},"content":{"rendered":"<p>Am 24. Oktober startet das Filmfest Aachen mit seiner ersten Veranstaltung im EDEN PALAST. Eine Woche vor Halloween entf\u00fchren wir euch mit PICK YOUR POISON in eine Welt voller Clowns, Hexen, Vampire und anderer Albtr\u00e4ume. Die Veranstaltung besteht aus zwei Themenslots mit jeweils zwei Filmen, die gleichzeitig in zwei S\u00e4len laufen. Als Zuschauer k\u00f6nnt ihr zwischen diesen w\u00e4hlen. Unsere Themen sind FEMALE RAGE und NEW FLESH, die ein breites Spektrum an M\u00f6glichkeiten abdecken &#8211; Vom feministischen Imperativ bis zum posthumanistischen Body horror.<br>Der Eintritt ist kostenlos, die Tickets m\u00fcssen trotzdem auf der Webseite des Eden-Kinos reserviert werden. Die Links daf\u00fcr findet ihr unten im Zeitplan.<\/p>\n\n\n\n<p><strong><a href=\"https:\/\/letterboxd.com\/film\/a-girl-walks-home-alone-at-night\/\">A Girl Walks Home Alone At Night (2014)<\/a><\/strong> <strong>&#8211; <a href=\"https:\/\/letterboxd.com\/director\/ana-lily-amirpour\/\">Ana Lily Amirpour<\/a><\/strong><br>Persischsprachiger Kleinstadt-Neo-Noir-Vampir-Thriller, der die patriarchalische Rolle des Vampirs, ganz nach dem Vorbild von Vampyr (1932), aufbricht. Ein Film, der die Femme fatale mit den blassen T\u00f6nen der Nacht vermischt. In Momenten des Schreckens schafft der Film Trost und findet in anderen die Liebe als Antwort auf die Wut.<br><a href=\"https:\/\/www.cineplex.de\/film\/a-girl-walks-home-alone-at-night\/324024\/ov\/aachen\/\">Die Tickets gibt es hier!<\/a><\/p>\n\n\n\n<p><strong><a href=\"https:\/\/letterboxd.com\/film\/suspiria\/\">Suspiria (1977)<\/a><\/strong> <strong>&#8211; <a href=\"https:\/\/letterboxd.com\/director\/dario-argento\/\">Dario Argento<\/a><\/strong><br>Suspiria ist ein Klassiker. Vielleicht der beste Film des Kultregisseurs Dario Argento, der mit seinem Giallo und dem mit schwarzen Handschuhen gekleideten M\u00f6rder den Raum zwischen Horror, Thriller, Farbe und Blut erforscht. Kaum ein anderer Film ist so bildgewaltig wie Suspiria. Die Hexe als frauenfeindliches Symbol wird in eine Machtposition umgedreht.<br><a href=\"https:\/\/www.cineplex.de\/film\/suspiria\/14095\/aachen\/\">Die Tickets gibt es hier!<\/a><\/p>\n\n\n\n<p><strong><a href=\"https:\/\/letterboxd.com\/film\/killer-klowns-from-outer-space\/\">Killer Klowns from Outer Space (1988)<\/a><\/strong> <strong>&#8211; <a href=\"https:\/\/letterboxd.com\/director\/stephen-chiodo\/\">Stephen Chiodo<\/a><\/strong><br>Horror kann Spa\u00df machen. Und genau das macht auch dieses amerikanische B-Movie: Was w\u00e4re, wenn die Erde von Au\u00dferirdischen angegriffen w\u00fcrde, die sich aber als alberne (nicht weniger t\u00f6dliche) Clowns entpuppen? Nun ja. Der Film nimmt uns mit auf eine Reise unter die Oberfl\u00e4che des K\u00f6rperhorrors und findet dort keine philosophischen Dimensionen, sondern noch mehr Oberfl\u00e4chen. The new flesh is the clown mask.<br><a href=\"https:\/\/www.cineplex.de\/film\/killer-klowns-from-outer-space\/406220\/aachen\/\">Die Tickets gibt es hier!<\/a><\/p>\n\n\n\n<p><strong><a href=\"https:\/\/letterboxd.com\/film\/tetsuo-the-iron-man\/\">Tetsuo: The Iron Man (1989)<\/a><\/strong> <strong>&#8211; <a href=\"https:\/\/letterboxd.com\/director\/shinya-tsukamoto-2\/\">Shinya Tsukamoto<\/a><\/strong><br>Tetsuo ist eine Perle der Filmgeschichte und das Herzst\u00fcck des japanischen Underground-Kinos. Regisseur Shin\u2019ya Tsukamoto besch\u00e4ftigt sich mit dem, was unter der Oberfl\u00e4che unserer Menschlichkeit liegt. Mit avantgardistischen Bildern und nicht wenig Blut erforscht dieser Film die Besessenheit von Selbstverbesserung, w\u00e4hrend ein Fetischist immer weiter in Metall verwandelt wird. Der Film wurde bereits als queer, antikapitalistisch und surrealistisch gelesen; Der japanische Eraserhead.<br><a href=\"https:\/\/www.cineplex.de\/film\/tetsuo-the-iron-man\/406223\/aachen\/\">Die Tickets gibt es hier!<\/a><\/p>\n\n\n\n<hr class=\"wp-block-separator has-alpha-channel-opacity\"\/>\n\n\n\n<p><strong>Zeitplan:<\/strong><br>18:00<br>Suspiria &#8211; Kino 2<br><a href=\"https:\/\/www.cineplex.de\/film\/suspiria\/14095\/aachen\/\">Tickets gibt es hier!<\/a><br><br>A Girl Walks Home Alone At Night &#8211; Kino 3<br><a href=\"https:\/\/www.cineplex.de\/film\/a-girl-walks-home-alone-at-night\/324024\/ov\/aachen\/\">Tickets gibt es hier!<\/a><br><br>20:00 <br>Pause<br><br>20:30<br>Tetsuo: The Iron Man &#8211; Kino 2<br><a href=\"https:\/\/www.cineplex.de\/film\/tetsuo-the-iron-man\/406223\/aachen\/\">Tickets gibt es hier!<\/a><br><br>Killer Klowns From Outer Space &#8211; Kino 3<br><a href=\"https:\/\/www.cineplex.de\/film\/killer-klowns-from-outer-space\/406220\/aachen\/\">Tickets gibt es hier!<\/a><\/p>\n\n\n\n<hr class=\"wp-block-separator has-alpha-channel-opacity\"\/>\n\n\n\n<p>Mit Unterst\u00fctzung des Fonds: Guten Abend, Aachen.<\/p>\n\n\n\n<p>Wir danken ebenfalls @astarwth und @hardlinefestival f\u00fcr die Unterst\u00fctzung.<\/p>\n\n\n\n<p><\/p>","protected":false},"excerpt":{"rendered":"<p>Am 24. Oktober startet das Filmfest Aachen mit seiner ersten Veranstaltung im EDEN PALAST. Eine Woche vor Halloween entf\u00fchren wir euch mit PICK YOUR POISON in eine Welt voller Clowns, Hexen, Vampire und anderer Albtr\u00e4ume. Die Veranstaltung besteht aus zwei Themenslots mit jeweils zwei Filmen, die gleichzeitig in zwei S\u00e4len laufen. Als Zuschauer k\u00f6nnt ihr [&hellip;]<\/p>","protected":false},"author":1,"featured_media":156,"parent":0,"menu_order":0,"comment_status":"closed","ping_status":"closed","template":"","meta":{"footnotes":""},"class_list":["post-154","page","type-page","status-publish","has-post-thumbnail","hentry"],"yoast_head":"<!-- This site is optimized with the Yoast SEO plugin v25.7 - https:\/\/yoast.com\/wordpress\/plugins\/seo\/ -->\n<title>Pick your Poison - Filmfest Aachen<\/title>\n<meta name=\"robots\" content=\"index, follow, max-snippet:-1, max-image-preview:large, max-video-preview:-1\" \/>\n<link rel=\"canonical\" href=\"https:\/\/filmfestaachen.com\/en\/pick-your-poison\/\" \/>\n<meta property=\"og:locale\" content=\"en_US\" \/>\n<meta property=\"og:type\" content=\"article\" \/>\n<meta property=\"og:title\" content=\"Pick your Poison - Filmfest Aachen\" \/>\n<meta property=\"og:description\" content=\"Am 24. Oktober startet das Filmfest Aachen mit seiner ersten Veranstaltung im EDEN PALAST. Eine Woche vor Halloween entf\u00fchren wir euch mit PICK YOUR POISON in eine Welt voller Clowns, Hexen, Vampire und anderer Albtr\u00e4ume. Die Veranstaltung besteht aus zwei Themenslots mit jeweils zwei Filmen, die gleichzeitig in zwei S\u00e4len laufen. Als Zuschauer k\u00f6nnt ihr [&hellip;]\" \/>\n<meta property=\"og:url\" content=\"https:\/\/filmfestaachen.com\/en\/pick-your-poison\/\" \/>\n<meta property=\"og:site_name\" content=\"Filmfest Aachen\" \/>\n<meta property=\"article:modified_time\" content=\"2024-10-18T12:54:58+00:00\" \/>\n<meta property=\"og:image\" content=\"https:\/\/filmfestaachen.com\/wp-content\/uploads\/2024\/10\/PYP-Poster.jpeg\" \/>\n\t<meta property=\"og:image:width\" content=\"1447\" \/>\n\t<meta property=\"og:image:height\" content=\"2048\" \/>\n\t<meta property=\"og:image:type\" content=\"image\/jpeg\" \/>\n<meta name=\"twitter:card\" content=\"summary_large_image\" \/>\n<meta name=\"twitter:label1\" content=\"Est. reading time\" \/>\n\t<meta name=\"twitter:data1\" content=\"3 minutes\" \/>\n<script type=\"application\/ld+json\" class=\"yoast-schema-graph\">{\"@context\":\"https:\/\/schema.org\",\"@graph\":[{\"@type\":\"WebPage\",\"@id\":\"https:\/\/filmfestaachen.com\/pick-your-poison\/\",\"url\":\"https:\/\/filmfestaachen.com\/pick-your-poison\/\",\"name\":\"Pick your Poison - Filmfest Aachen\",\"isPartOf\":{\"@id\":\"https:\/\/filmfestaachen.com\/#website\"},\"primaryImageOfPage\":{\"@id\":\"https:\/\/filmfestaachen.com\/pick-your-poison\/#primaryimage\"},\"image\":{\"@id\":\"https:\/\/filmfestaachen.com\/pick-your-poison\/#primaryimage\"},\"thumbnailUrl\":\"https:\/\/filmfestaachen.com\/wp-content\/uploads\/2024\/10\/PYP-Poster.jpeg\",\"datePublished\":\"2024-10-15T11:16:59+00:00\",\"dateModified\":\"2024-10-18T12:54:58+00:00\",\"breadcrumb\":{\"@id\":\"https:\/\/filmfestaachen.com\/pick-your-poison\/#breadcrumb\"},\"inLanguage\":\"en-US\",\"potentialAction\":[{\"@type\":\"ReadAction\",\"target\":[\"https:\/\/filmfestaachen.com\/pick-your-poison\/\"]}]},{\"@type\":\"ImageObject\",\"inLanguage\":\"en-US\",\"@id\":\"https:\/\/filmfestaachen.com\/pick-your-poison\/#primaryimage\",\"url\":\"https:\/\/filmfestaachen.com\/wp-content\/uploads\/2024\/10\/PYP-Poster.jpeg\",\"contentUrl\":\"https:\/\/filmfestaachen.com\/wp-content\/uploads\/2024\/10\/PYP-Poster.jpeg\",\"width\":1447,\"height\":2048,\"caption\":\"Pick your Poison Poster\"},{\"@type\":\"BreadcrumbList\",\"@id\":\"https:\/\/filmfestaachen.com\/pick-your-poison\/#breadcrumb\",\"itemListElement\":[{\"@type\":\"ListItem\",\"position\":1,\"name\":\"Startseite\",\"item\":\"https:\/\/filmfestaachen.com\/\"},{\"@type\":\"ListItem\",\"position\":2,\"name\":\"Pick your Poison\"}]},{\"@type\":\"WebSite\",\"@id\":\"https:\/\/filmfestaachen.com\/#website\",\"url\":\"https:\/\/filmfestaachen.com\/\",\"name\":\"Filmfest Aachen\",\"description\":\"Filmkultur auf Augenh\u00f6he!\",\"publisher\":{\"@id\":\"https:\/\/filmfestaachen.com\/#organization\"},\"potentialAction\":[{\"@type\":\"SearchAction\",\"target\":{\"@type\":\"EntryPoint\",\"urlTemplate\":\"https:\/\/filmfestaachen.com\/?s={search_term_string}\"},\"query-input\":{\"@type\":\"PropertyValueSpecification\",\"valueRequired\":true,\"valueName\":\"search_term_string\"}}],\"inLanguage\":\"en-US\"},{\"@type\":\"Organization\",\"@id\":\"https:\/\/filmfestaachen.com\/#organization\",\"name\":\"Filmfest Aachen\",\"url\":\"https:\/\/filmfestaachen.com\/\",\"logo\":{\"@type\":\"ImageObject\",\"inLanguage\":\"en-US\",\"@id\":\"https:\/\/filmfestaachen.com\/#\/schema\/logo\/image\/\",\"url\":\"https:\/\/filmfestaachen.com\/wp-content\/uploads\/2024\/07\/FFAWhite.png\",\"contentUrl\":\"https:\/\/filmfestaachen.com\/wp-content\/uploads\/2024\/07\/FFAWhite.png\",\"width\":937,\"height\":633,\"caption\":\"Filmfest Aachen\"},\"image\":{\"@id\":\"https:\/\/filmfestaachen.com\/#\/schema\/logo\/image\/\"},\"sameAs\":[\"https:\/\/www.instagram.com\/filmfestaachen\/\",\"https:\/\/letterboxd.com\/filmfestaachen\/\"]}]}<\/script>\n<!-- \/ Yoast SEO plugin. -->","yoast_head_json":{"title":"Pick your Poison - Filmfest Aachen","robots":{"index":"index","follow":"follow","max-snippet":"max-snippet:-1","max-image-preview":"max-image-preview:large","max-video-preview":"max-video-preview:-1"},"canonical":"https:\/\/filmfestaachen.com\/en\/pick-your-poison\/","og_locale":"en_US","og_type":"article","og_title":"Pick your Poison - Filmfest Aachen","og_description":"Am 24. Oktober startet das Filmfest Aachen mit seiner ersten Veranstaltung im EDEN PALAST. Eine Woche vor Halloween entf\u00fchren wir euch mit PICK YOUR POISON in eine Welt voller Clowns, Hexen, Vampire und anderer Albtr\u00e4ume. Die Veranstaltung besteht aus zwei Themenslots mit jeweils zwei Filmen, die gleichzeitig in zwei S\u00e4len laufen. Als Zuschauer k\u00f6nnt ihr [&hellip;]","og_url":"https:\/\/filmfestaachen.com\/en\/pick-your-poison\/","og_site_name":"Filmfest Aachen","article_modified_time":"2024-10-18T12:54:58+00:00","og_image":[{"width":1447,"height":2048,"url":"https:\/\/filmfestaachen.com\/wp-content\/uploads\/2024\/10\/PYP-Poster.jpeg","type":"image\/jpeg"}],"twitter_card":"summary_large_image","twitter_misc":{"Est. reading time":"3 minutes"},"schema":{"@context":"https:\/\/schema.org","@graph":[{"@type":"WebPage","@id":"https:\/\/filmfestaachen.com\/pick-your-poison\/","url":"https:\/\/filmfestaachen.com\/pick-your-poison\/","name":"Pick your Poison - Filmfest Aachen","isPartOf":{"@id":"https:\/\/filmfestaachen.com\/#website"},"primaryImageOfPage":{"@id":"https:\/\/filmfestaachen.com\/pick-your-poison\/#primaryimage"},"image":{"@id":"https:\/\/filmfestaachen.com\/pick-your-poison\/#primaryimage"},"thumbnailUrl":"https:\/\/filmfestaachen.com\/wp-content\/uploads\/2024\/10\/PYP-Poster.jpeg","datePublished":"2024-10-15T11:16:59+00:00","dateModified":"2024-10-18T12:54:58+00:00","breadcrumb":{"@id":"https:\/\/filmfestaachen.com\/pick-your-poison\/#breadcrumb"},"inLanguage":"en-US","potentialAction":[{"@type":"ReadAction","target":["https:\/\/filmfestaachen.com\/pick-your-poison\/"]}]},{"@type":"ImageObject","inLanguage":"en-US","@id":"https:\/\/filmfestaachen.com\/pick-your-poison\/#primaryimage","url":"https:\/\/filmfestaachen.com\/wp-content\/uploads\/2024\/10\/PYP-Poster.jpeg","contentUrl":"https:\/\/filmfestaachen.com\/wp-content\/uploads\/2024\/10\/PYP-Poster.jpeg","width":1447,"height":2048,"caption":"Pick your Poison Poster"},{"@type":"BreadcrumbList","@id":"https:\/\/filmfestaachen.com\/pick-your-poison\/#breadcrumb","itemListElement":[{"@type":"ListItem","position":1,"name":"Startseite","item":"https:\/\/filmfestaachen.com\/"},{"@type":"ListItem","position":2,"name":"Pick your Poison"}]},{"@type":"WebSite","@id":"https:\/\/filmfestaachen.com\/#website","url":"https:\/\/filmfestaachen.com\/","name":"Filmfest Aachen","description":"Filmkultur auf Augenh\u00f6he!","publisher":{"@id":"https:\/\/filmfestaachen.com\/#organization"},"potentialAction":[{"@type":"SearchAction","target":{"@type":"EntryPoint","urlTemplate":"https:\/\/filmfestaachen.com\/?s={search_term_string}"},"query-input":{"@type":"PropertyValueSpecification","valueRequired":true,"valueName":"search_term_string"}}],"inLanguage":"en-US"},{"@type":"Organization","@id":"https:\/\/filmfestaachen.com\/#organization","name":"Filmfest Aachen","url":"https:\/\/filmfestaachen.com\/","logo":{"@type":"ImageObject","inLanguage":"en-US","@id":"https:\/\/filmfestaachen.com\/#\/schema\/logo\/image\/","url":"https:\/\/filmfestaachen.com\/wp-content\/uploads\/2024\/07\/FFAWhite.png","contentUrl":"https:\/\/filmfestaachen.com\/wp-content\/uploads\/2024\/07\/FFAWhite.png","width":937,"height":633,"caption":"Filmfest Aachen"},"image":{"@id":"https:\/\/filmfestaachen.com\/#\/schema\/logo\/image\/"},"sameAs":["https:\/\/www.instagram.com\/filmfestaachen\/","https:\/\/letterboxd.com\/filmfestaachen\/"]}]}},"_links":{"self":[{"href":"https:\/\/filmfestaachen.com\/en\/wp-json\/wp\/v2\/pages\/154","targetHints":{"allow":["GET"]}}],"collection":[{"href":"https:\/\/filmfestaachen.com\/en\/wp-json\/wp\/v2\/pages"}],"about":[{"href":"https:\/\/filmfestaachen.com\/en\/wp-json\/wp\/v2\/types\/page"}],"author":[{"embeddable":true,"href":"https:\/\/filmfestaachen.com\/en\/wp-json\/wp\/v2\/users\/1"}],"replies":[{"embeddable":true,"href":"https:\/\/filmfestaachen.com\/en\/wp-json\/wp\/v2\/comments?post=154"}],"version-history":[{"count":0,"href":"https:\/\/filmfestaachen.com\/en\/wp-json\/wp\/v2\/pages\/154\/revisions"}],"wp:featuredmedia":[{"embeddable":true,"href":"https:\/\/filmfestaachen.com\/en\/wp-json\/wp\/v2\/media\/156"}],"wp:attachment":[{"href":"https:\/\/filmfestaachen.com\/en\/wp-json\/wp\/v2\/media?parent=154"}],"curies":[{"name":"wp","href":"https:\/\/api.w.org\/{rel}","templated":true}]}}