{"id":623,"date":"2025-08-15T00:33:18","date_gmt":"2025-08-14T22:33:18","guid":{"rendered":"https:\/\/filmfestaachen.com\/?page_id=623"},"modified":"2025-08-23T18:02:55","modified_gmt":"2025-08-23T16:02:55","slug":"holy-electricity","status":"publish","type":"page","link":"https:\/\/filmfestaachen.com\/en\/programm\/holy-electricity\/","title":{"rendered":"Holy Electricity"},"content":{"rendered":"<div data-elementor-type=\"wp-page\" data-elementor-id=\"623\" class=\"elementor elementor-623\">\n\t\t\t\t<div class=\"elementor-element elementor-element-34712bb e-flex e-con-boxed e-con e-parent\" data-id=\"34712bb\" data-element_type=\"container\">\n\t\t\t\t\t<div class=\"e-con-inner\">\n\t\t\t\t<div class=\"elementor-element elementor-element-cd72757 elementor-widget elementor-widget-image\" data-id=\"cd72757\" data-element_type=\"widget\" data-widget_type=\"image.default\">\n\t\t\t\t<div class=\"elementor-widget-container\">\n\t\t\t\t\t\t\t\t\t\t\t\t\t\t\t<img fetchpriority=\"high\" decoding=\"async\" width=\"1024\" height=\"576\" src=\"https:\/\/filmfestaachen.com\/wp-content\/uploads\/2025\/08\/HOLY-STILLS_1.91.5-1024x576.jpg\" class=\"attachment-large size-large wp-image-680\" alt=\"\" srcset=\"https:\/\/filmfestaachen.com\/wp-content\/uploads\/2025\/08\/HOLY-STILLS_1.91.5-1024x576.jpg 1024w, https:\/\/filmfestaachen.com\/wp-content\/uploads\/2025\/08\/HOLY-STILLS_1.91.5-300x169.jpg 300w, https:\/\/filmfestaachen.com\/wp-content\/uploads\/2025\/08\/HOLY-STILLS_1.91.5-768x432.jpg 768w, https:\/\/filmfestaachen.com\/wp-content\/uploads\/2025\/08\/HOLY-STILLS_1.91.5-1536x864.jpg 1536w, https:\/\/filmfestaachen.com\/wp-content\/uploads\/2025\/08\/HOLY-STILLS_1.91.5-2048x1152.jpg 2048w, https:\/\/filmfestaachen.com\/wp-content\/uploads\/2025\/08\/HOLY-STILLS_1.91.5-18x10.jpg 18w, https:\/\/filmfestaachen.com\/wp-content\/uploads\/2025\/08\/HOLY-STILLS_1.91.5-1320x742.jpg 1320w\" sizes=\"(max-width: 1024px) 100vw, 1024px\" \/>\t\t\t\t\t\t\t\t\t\t\t\t\t\t\t<\/div>\n\t\t\t\t<\/div>\n\t\t\t\t\t<\/div>\n\t\t\t\t<\/div>\n\t\t<div class=\"elementor-element elementor-element-4d207bc e-flex e-con-boxed e-con e-parent\" data-id=\"4d207bc\" data-element_type=\"container\">\n\t\t\t\t\t<div class=\"e-con-inner\">\n\t\t\t\t<div class=\"elementor-element elementor-element-5452980 elementor-widget elementor-widget-text-editor\" data-id=\"5452980\" data-element_type=\"widget\" data-widget_type=\"text-editor.default\">\n\t\t\t\t<div class=\"elementor-widget-container\">\n\t\t\t\t\t\t\t\t\t<p><span style=\"color: #33cccc;\"><em><span class=\"a_GcMg font-feature-liga-off font-feature-clig-off font-feature-calt-off text-decoration-none text-strikethrough-none\">Georgia, 2024, 104 min, Tato Kotetishvili, Georgian, NRW Premiere<\/span><\/em><\/span><\/p><p><span style=\"color: #33cccc;\"><span class=\"a_GcMg font-feature-liga-off font-feature-clig-off font-feature-calt-off text-decoration-none text-strikethrough-none\">Tato Kotetishvili\u2019s debut <\/span><strong><span class=\"a_GcMg font-feature-liga-off font-feature-clig-off font-feature-calt-off text-decoration-none text-strikethrough-none\">Holy Electricity<\/span><\/strong><span class=\"a_GcMg font-feature-liga-off font-feature-clig-off font-feature-calt-off text-decoration-none text-strikethrough-none\"> is a unique film that finds the extraordinary in the ordinary and poetry in the absurd. It follows Goga and his uncle Bart, who craft neon crosses from scrap, creating their own world and aesthetic. With non-professional actors, the film shines through humor, warmth, poverty, teenage romance, and a subtle queerness. Tbilisi\u2019s landscape is more than a backdrop \u2013 it shapes the tone and rhythm of this quietly rebellious, deeply human story.<\/span><\/span><\/p><p><span style=\"color: #33cccc;\"><span class=\"a_GcMg font-feature-liga-off font-feature-clig-off font-feature-calt-off text-decoration-none text-strikethrough-none\">Tato Kotetishvilis Regiedeb\u00fct <\/span><strong><span class=\"a_GcMg font-feature-liga-off font-feature-clig-off font-feature-calt-off text-decoration-none text-strikethrough-none\">Holy Electricity<\/span><\/strong><span class=\"a_GcMg font-feature-liga-off font-feature-clig-off font-feature-calt-off text-decoration-none text-strikethrough-none\"> ist ein einzigartiger Film, der das Au\u00dfergew\u00f6hnliche im Allt\u00e4glichen sucht. Goga und sein Onkel Bart bauen Neonkreuze aus Schrott und erschaffen dabei ihre eigene \u00c4sthetik. Die nicht-professionellen Schauspieler verleihen dem Film eine besondere Authentizit\u00e4t. Humor, Armut, Teenager-Liebe und eine subtile queere Note pr\u00e4gen das emotionale Gef\u00fcge. Tiflis ist mehr als Kulisse \u2013 es formt den Ton dieser leise rebellischen, zutiefst menschlichen Geschichte. Ein poetischer Blick auf das Absurde.<\/span><\/span><\/p>\t\t\t\t\t\t\t\t<\/div>\n\t\t\t\t<\/div>\n\t\t\t\t<div class=\"elementor-element elementor-element-b071510 elementor-align-center elementor-widget elementor-widget-button\" data-id=\"b071510\" data-element_type=\"widget\" data-widget_type=\"button.default\">\n\t\t\t\t<div class=\"elementor-widget-container\">\n\t\t\t\t\t\t\t\t\t<div class=\"elementor-button-wrapper\">\n\t\t\t\t\t<a class=\"elementor-button elementor-button-link elementor-size-sm\" href=\"https:\/\/rausgegangen.de\/events\/holy-electricity-filmfest-aachen-2025-0\/\">\n\t\t\t\t\t\t<span class=\"elementor-button-content-wrapper\">\n\t\t\t\t\t\t<span class=\"elementor-button-icon\">\n\t\t\t\t<svg aria-hidden=\"true\" class=\"e-font-icon-svg e-fas-ticket-alt\" viewbox=\"0 0 576 512\" xmlns=\"http:\/\/www.w3.org\/2000\/svg\"><path d=\"M128 160h320v192H128V160zm400 96c0 26.51 21.49 48 48 48v96c0 26.51-21.49 48-48 48H48c-26.51 0-48-21.49-48-48v-96c26.51 0 48-21.49 48-48s-21.49-48-48-48v-96c0-26.51 21.49-48 48-48h480c26.51 0 48 21.49 48 48v96c-26.51 0-48 21.49-48 48zm-48-104c0-13.255-10.745-24-24-24H120c-13.255 0-24 10.745-24 24v208c0 13.255 10.745 24 24 24h336c13.255 0 24-10.745 24-24V152z\"><\/path><\/svg>\t\t\t<\/span>\n\t\t\t\t\t\t\t\t\t<span class=\"elementor-button-text\">TICKETS<\/span>\n\t\t\t\t\t<\/span>\n\t\t\t\t\t<\/a>\n\t\t\t\t<\/div>\n\t\t\t\t\t\t\t\t<\/div>\n\t\t\t\t<\/div>\n\t\t\t\t\t<\/div>\n\t\t\t\t<\/div>\n\t\t<div class=\"elementor-element elementor-element-5ad42ab e-flex e-con-boxed e-con e-parent\" data-id=\"5ad42ab\" data-element_type=\"container\">\n\t\t\t\t\t<div class=\"e-con-inner\">\n\t\t\t\t<div class=\"elementor-element elementor-element-5320c26 elementor-widget elementor-widget-video\" data-id=\"5320c26\" data-element_type=\"widget\" data-settings=\"{&quot;youtube_url&quot;:&quot;https:\\\/\\\/www.youtube.com\\\/watch?v=f_7FOXI1das&quot;,&quot;video_type&quot;:&quot;youtube&quot;,&quot;controls&quot;:&quot;yes&quot;}\" data-widget_type=\"video.default\">\n\t\t\t\t<div class=\"elementor-widget-container\">\n\t\t\t\t\t\t\t<div class=\"elementor-wrapper elementor-open-inline\">\n\t\t\t<div class=\"elementor-video\"><\/div>\t\t<\/div>\n\t\t\t\t\t\t<\/div>\n\t\t\t\t<\/div>\n\t\t\t\t\t<\/div>\n\t\t\t\t<\/div>\n\t\t<div class=\"elementor-element elementor-element-644824d e-flex e-con-boxed e-con e-parent\" data-id=\"644824d\" data-element_type=\"container\">\n\t\t\t\t\t<div class=\"e-con-inner\">\n\t\t\t\t\t<\/div>\n\t\t\t\t<\/div>\n\t\t\t\t<\/div>","protected":false},"excerpt":{"rendered":"<p>Georgia, 2024, 104 min, Tato Kotetishvili, Georgian, NRW Premiere Tato Kotetishvili\u2019s debut Holy Electricity is a unique film that finds the extraordinary in the ordinary and poetry in the absurd. It follows Goga and his uncle Bart, who craft neon crosses from scrap, creating their own world and aesthetic. With non-professional actors, the film shines [&hellip;]<\/p>","protected":false},"author":2,"featured_media":0,"parent":596,"menu_order":0,"comment_status":"closed","ping_status":"closed","template":"","meta":{"footnotes":""},"class_list":["post-623","page","type-page","status-publish","hentry"],"yoast_head":"<!-- This site is optimized with the Yoast SEO plugin v25.7 - https:\/\/yoast.com\/wordpress\/plugins\/seo\/ -->\n<title>Holy Electricity - Filmfest Aachen<\/title>\n<meta name=\"robots\" content=\"index, follow, max-snippet:-1, max-image-preview:large, max-video-preview:-1\" \/>\n<link rel=\"canonical\" href=\"https:\/\/filmfestaachen.com\/en\/programm\/holy-electricity\/\" \/>\n<meta property=\"og:locale\" content=\"en_US\" \/>\n<meta property=\"og:type\" content=\"article\" \/>\n<meta property=\"og:title\" content=\"Holy Electricity - Filmfest Aachen\" \/>\n<meta property=\"og:description\" content=\"Georgia, 2024, 104 min, Tato Kotetishvili, Georgian, NRW Premiere Tato Kotetishvili\u2019s debut Holy Electricity is a unique film that finds the extraordinary in the ordinary and poetry in the absurd. It follows Goga and his uncle Bart, who craft neon crosses from scrap, creating their own world and aesthetic. With non-professional actors, the film shines [&hellip;]\" \/>\n<meta property=\"og:url\" content=\"https:\/\/filmfestaachen.com\/en\/programm\/holy-electricity\/\" \/>\n<meta property=\"og:site_name\" content=\"Filmfest Aachen\" \/>\n<meta property=\"article:modified_time\" content=\"2025-08-23T16:02:55+00:00\" \/>\n<meta property=\"og:image\" content=\"https:\/\/filmfestaachen.com\/wp-content\/uploads\/2025\/08\/HOLY-STILLS_1.91.5-1024x576.jpg\" \/>\n\t<meta property=\"og:image:width\" content=\"1024\" \/>\n\t<meta property=\"og:image:height\" content=\"576\" \/>\n\t<meta property=\"og:image:type\" content=\"image\/jpeg\" \/>\n<meta name=\"twitter:card\" content=\"summary_large_image\" \/>\n<meta name=\"twitter:label1\" content=\"Est. reading time\" \/>\n\t<meta name=\"twitter:data1\" content=\"2 minutes\" \/>\n<script type=\"application\/ld+json\" class=\"yoast-schema-graph\">{\"@context\":\"https:\/\/schema.org\",\"@graph\":[{\"@type\":\"WebPage\",\"@id\":\"https:\/\/filmfestaachen.com\/programm\/holy-electricity\/\",\"url\":\"https:\/\/filmfestaachen.com\/programm\/holy-electricity\/\",\"name\":\"Holy Electricity - Filmfest Aachen\",\"isPartOf\":{\"@id\":\"https:\/\/filmfestaachen.com\/#website\"},\"primaryImageOfPage\":{\"@id\":\"https:\/\/filmfestaachen.com\/programm\/holy-electricity\/#primaryimage\"},\"image\":{\"@id\":\"https:\/\/filmfestaachen.com\/programm\/holy-electricity\/#primaryimage\"},\"thumbnailUrl\":\"https:\/\/filmfestaachen.com\/wp-content\/uploads\/2025\/08\/HOLY-STILLS_1.91.5-1024x576.jpg\",\"datePublished\":\"2025-08-14T22:33:18+00:00\",\"dateModified\":\"2025-08-23T16:02:55+00:00\",\"breadcrumb\":{\"@id\":\"https:\/\/filmfestaachen.com\/programm\/holy-electricity\/#breadcrumb\"},\"inLanguage\":\"en-US\",\"potentialAction\":[{\"@type\":\"ReadAction\",\"target\":[\"https:\/\/filmfestaachen.com\/programm\/holy-electricity\/\"]}]},{\"@type\":\"ImageObject\",\"inLanguage\":\"en-US\",\"@id\":\"https:\/\/filmfestaachen.com\/programm\/holy-electricity\/#primaryimage\",\"url\":\"https:\/\/filmfestaachen.com\/wp-content\/uploads\/2025\/08\/HOLY-STILLS_1.91.5-1024x576.jpg\",\"contentUrl\":\"https:\/\/filmfestaachen.com\/wp-content\/uploads\/2025\/08\/HOLY-STILLS_1.91.5-1024x576.jpg\"},{\"@type\":\"BreadcrumbList\",\"@id\":\"https:\/\/filmfestaachen.com\/programm\/holy-electricity\/#breadcrumb\",\"itemListElement\":[{\"@type\":\"ListItem\",\"position\":1,\"name\":\"Startseite\",\"item\":\"https:\/\/filmfestaachen.com\/\"},{\"@type\":\"ListItem\",\"position\":2,\"name\":\"Programm\",\"item\":\"https:\/\/filmfestaachen.com\/programm\/\"},{\"@type\":\"ListItem\",\"position\":3,\"name\":\"Holy Electricity\"}]},{\"@type\":\"WebSite\",\"@id\":\"https:\/\/filmfestaachen.com\/#website\",\"url\":\"https:\/\/filmfestaachen.com\/\",\"name\":\"Filmfest Aachen\",\"description\":\"Filmkultur auf Augenh\u00f6he!\",\"publisher\":{\"@id\":\"https:\/\/filmfestaachen.com\/#organization\"},\"potentialAction\":[{\"@type\":\"SearchAction\",\"target\":{\"@type\":\"EntryPoint\",\"urlTemplate\":\"https:\/\/filmfestaachen.com\/?s={search_term_string}\"},\"query-input\":{\"@type\":\"PropertyValueSpecification\",\"valueRequired\":true,\"valueName\":\"search_term_string\"}}],\"inLanguage\":\"en-US\"},{\"@type\":\"Organization\",\"@id\":\"https:\/\/filmfestaachen.com\/#organization\",\"name\":\"Filmfest Aachen\",\"url\":\"https:\/\/filmfestaachen.com\/\",\"logo\":{\"@type\":\"ImageObject\",\"inLanguage\":\"en-US\",\"@id\":\"https:\/\/filmfestaachen.com\/#\/schema\/logo\/image\/\",\"url\":\"https:\/\/filmfestaachen.com\/wp-content\/uploads\/2024\/07\/FFAWhite.png\",\"contentUrl\":\"https:\/\/filmfestaachen.com\/wp-content\/uploads\/2024\/07\/FFAWhite.png\",\"width\":937,\"height\":633,\"caption\":\"Filmfest Aachen\"},\"image\":{\"@id\":\"https:\/\/filmfestaachen.com\/#\/schema\/logo\/image\/\"},\"sameAs\":[\"https:\/\/www.instagram.com\/filmfestaachen\/\",\"https:\/\/letterboxd.com\/filmfestaachen\/\"]}]}<\/script>\n<!-- \/ Yoast SEO plugin. -->","yoast_head_json":{"title":"Holy Electricity - Filmfest Aachen","robots":{"index":"index","follow":"follow","max-snippet":"max-snippet:-1","max-image-preview":"max-image-preview:large","max-video-preview":"max-video-preview:-1"},"canonical":"https:\/\/filmfestaachen.com\/en\/programm\/holy-electricity\/","og_locale":"en_US","og_type":"article","og_title":"Holy Electricity - Filmfest Aachen","og_description":"Georgia, 2024, 104 min, Tato Kotetishvili, Georgian, NRW Premiere Tato Kotetishvili\u2019s debut Holy Electricity is a unique film that finds the extraordinary in the ordinary and poetry in the absurd. It follows Goga and his uncle Bart, who craft neon crosses from scrap, creating their own world and aesthetic. With non-professional actors, the film shines [&hellip;]","og_url":"https:\/\/filmfestaachen.com\/en\/programm\/holy-electricity\/","og_site_name":"Filmfest Aachen","article_modified_time":"2025-08-23T16:02:55+00:00","og_image":[{"width":1024,"height":576,"url":"https:\/\/filmfestaachen.com\/wp-content\/uploads\/2025\/08\/HOLY-STILLS_1.91.5-1024x576.jpg","type":"image\/jpeg"}],"twitter_card":"summary_large_image","twitter_misc":{"Est. reading time":"2 minutes"},"schema":{"@context":"https:\/\/schema.org","@graph":[{"@type":"WebPage","@id":"https:\/\/filmfestaachen.com\/programm\/holy-electricity\/","url":"https:\/\/filmfestaachen.com\/programm\/holy-electricity\/","name":"Holy Electricity - Filmfest Aachen","isPartOf":{"@id":"https:\/\/filmfestaachen.com\/#website"},"primaryImageOfPage":{"@id":"https:\/\/filmfestaachen.com\/programm\/holy-electricity\/#primaryimage"},"image":{"@id":"https:\/\/filmfestaachen.com\/programm\/holy-electricity\/#primaryimage"},"thumbnailUrl":"https:\/\/filmfestaachen.com\/wp-content\/uploads\/2025\/08\/HOLY-STILLS_1.91.5-1024x576.jpg","datePublished":"2025-08-14T22:33:18+00:00","dateModified":"2025-08-23T16:02:55+00:00","breadcrumb":{"@id":"https:\/\/filmfestaachen.com\/programm\/holy-electricity\/#breadcrumb"},"inLanguage":"en-US","potentialAction":[{"@type":"ReadAction","target":["https:\/\/filmfestaachen.com\/programm\/holy-electricity\/"]}]},{"@type":"ImageObject","inLanguage":"en-US","@id":"https:\/\/filmfestaachen.com\/programm\/holy-electricity\/#primaryimage","url":"https:\/\/filmfestaachen.com\/wp-content\/uploads\/2025\/08\/HOLY-STILLS_1.91.5-1024x576.jpg","contentUrl":"https:\/\/filmfestaachen.com\/wp-content\/uploads\/2025\/08\/HOLY-STILLS_1.91.5-1024x576.jpg"},{"@type":"BreadcrumbList","@id":"https:\/\/filmfestaachen.com\/programm\/holy-electricity\/#breadcrumb","itemListElement":[{"@type":"ListItem","position":1,"name":"Startseite","item":"https:\/\/filmfestaachen.com\/"},{"@type":"ListItem","position":2,"name":"Programm","item":"https:\/\/filmfestaachen.com\/programm\/"},{"@type":"ListItem","position":3,"name":"Holy Electricity"}]},{"@type":"WebSite","@id":"https:\/\/filmfestaachen.com\/#website","url":"https:\/\/filmfestaachen.com\/","name":"Filmfest Aachen","description":"Filmkultur auf Augenh\u00f6he!","publisher":{"@id":"https:\/\/filmfestaachen.com\/#organization"},"potentialAction":[{"@type":"SearchAction","target":{"@type":"EntryPoint","urlTemplate":"https:\/\/filmfestaachen.com\/?s={search_term_string}"},"query-input":{"@type":"PropertyValueSpecification","valueRequired":true,"valueName":"search_term_string"}}],"inLanguage":"en-US"},{"@type":"Organization","@id":"https:\/\/filmfestaachen.com\/#organization","name":"Filmfest Aachen","url":"https:\/\/filmfestaachen.com\/","logo":{"@type":"ImageObject","inLanguage":"en-US","@id":"https:\/\/filmfestaachen.com\/#\/schema\/logo\/image\/","url":"https:\/\/filmfestaachen.com\/wp-content\/uploads\/2024\/07\/FFAWhite.png","contentUrl":"https:\/\/filmfestaachen.com\/wp-content\/uploads\/2024\/07\/FFAWhite.png","width":937,"height":633,"caption":"Filmfest Aachen"},"image":{"@id":"https:\/\/filmfestaachen.com\/#\/schema\/logo\/image\/"},"sameAs":["https:\/\/www.instagram.com\/filmfestaachen\/","https:\/\/letterboxd.com\/filmfestaachen\/"]}]}},"_links":{"self":[{"href":"https:\/\/filmfestaachen.com\/en\/wp-json\/wp\/v2\/pages\/623","targetHints":{"allow":["GET"]}}],"collection":[{"href":"https:\/\/filmfestaachen.com\/en\/wp-json\/wp\/v2\/pages"}],"about":[{"href":"https:\/\/filmfestaachen.com\/en\/wp-json\/wp\/v2\/types\/page"}],"author":[{"embeddable":true,"href":"https:\/\/filmfestaachen.com\/en\/wp-json\/wp\/v2\/users\/2"}],"replies":[{"embeddable":true,"href":"https:\/\/filmfestaachen.com\/en\/wp-json\/wp\/v2\/comments?post=623"}],"version-history":[{"count":0,"href":"https:\/\/filmfestaachen.com\/en\/wp-json\/wp\/v2\/pages\/623\/revisions"}],"up":[{"embeddable":true,"href":"https:\/\/filmfestaachen.com\/en\/wp-json\/wp\/v2\/pages\/596"}],"wp:attachment":[{"href":"https:\/\/filmfestaachen.com\/en\/wp-json\/wp\/v2\/media?parent=623"}],"curies":[{"name":"wp","href":"https:\/\/api.w.org\/{rel}","templated":true}]}}