{"id":662,"date":"2025-08-15T00:45:43","date_gmt":"2025-08-14T22:45:43","guid":{"rendered":"https:\/\/filmfestaachen.com\/?page_id=662"},"modified":"2025-08-23T12:15:37","modified_gmt":"2025-08-23T10:15:37","slug":"2551-03-the-end","status":"publish","type":"page","link":"https:\/\/filmfestaachen.com\/en\/programm\/2551-03-the-end\/","title":{"rendered":"2551.03 \u2013 The End"},"content":{"rendered":"<div data-elementor-type=\"wp-page\" data-elementor-id=\"662\" class=\"elementor elementor-662\">\n\t\t\t\t<div class=\"elementor-element elementor-element-1574255 e-flex e-con-boxed e-con e-parent\" data-id=\"1574255\" data-element_type=\"container\">\n\t\t\t\t\t<div class=\"e-con-inner\">\n\t\t\t\t<div class=\"elementor-element elementor-element-ff750ba elementor-widget elementor-widget-heading\" data-id=\"ff750ba\" data-element_type=\"widget\" data-widget_type=\"heading.default\">\n\t\t\t\t<div class=\"elementor-widget-container\">\n\t\t\t\t\t<h3 class=\"elementor-heading-title elementor-size-default\">WELCOME TO THE END<\/h3>\t\t\t\t<\/div>\n\t\t\t\t<\/div>\n\t\t\t\t<div class=\"elementor-element elementor-element-5270446 elementor-widget elementor-widget-image\" data-id=\"5270446\" data-element_type=\"widget\" data-widget_type=\"image.default\">\n\t\t\t\t<div class=\"elementor-widget-container\">\n\t\t\t\t\t\t\t\t\t\t\t\t\t\t\t<img fetchpriority=\"high\" decoding=\"async\" width=\"768\" height=\"576\" src=\"https:\/\/filmfestaachen.com\/wp-content\/uploads\/2025\/08\/2551.03_002-768x576.jpg\" class=\"attachment-medium_large size-medium_large wp-image-731\" alt=\"\" srcset=\"https:\/\/filmfestaachen.com\/wp-content\/uploads\/2025\/08\/2551.03_002-768x576.jpg 768w, https:\/\/filmfestaachen.com\/wp-content\/uploads\/2025\/08\/2551.03_002-300x225.jpg 300w, https:\/\/filmfestaachen.com\/wp-content\/uploads\/2025\/08\/2551.03_002-1024x768.jpg 1024w, https:\/\/filmfestaachen.com\/wp-content\/uploads\/2025\/08\/2551.03_002-16x12.jpg 16w, https:\/\/filmfestaachen.com\/wp-content\/uploads\/2025\/08\/2551.03_002-1320x990.jpg 1320w, https:\/\/filmfestaachen.com\/wp-content\/uploads\/2025\/08\/2551.03_002.jpg 1440w\" sizes=\"(max-width: 768px) 100vw, 768px\" \/>\t\t\t\t\t\t\t\t\t\t\t\t\t\t\t<\/div>\n\t\t\t\t<\/div>\n\t\t\t\t<div class=\"elementor-element elementor-element-3a3eb18 elementor-widget elementor-widget-text-editor\" data-id=\"3a3eb18\" data-element_type=\"widget\" data-widget_type=\"text-editor.default\">\n\t\t\t\t<div class=\"elementor-widget-container\">\n\t\t\t\t\t\t\t\t\t<p>\u00a0<\/p><p><span style=\"color: #ffffff;\"><em><span class=\"OYPEnA font-feature-liga-off font-feature-clig-off font-feature-calt-off text-decoration-none text-strikethrough-none\">2025, Austria, 80 min,\u00a0<\/span>Norbert Pfaffenbichler<span class=\"OYPEnA font-feature-liga-off font-feature-clig-off font-feature-calt-off text-decoration-none text-strikethrough-none\">, No Dialogue, Germany Premiere<\/span><\/em><\/span><\/p><p><span style=\"color: #ffffff;\"><span class=\"a_GcMg font-feature-liga-off font-feature-clig-off font-feature-calt-off text-decoration-none text-strikethrough-none\">Reviving the spirit of Punk Cinema, Nobert Paffenbichler&#8217;s final 2551-<\/span><span class=\"a_GcMg font-feature-liga-off font-feature-clig-off font-feature-calt-off text-decoration-none text-strikethrough-none\">Entry<\/span><span class=\"a_GcMg font-feature-liga-off font-feature-clig-off font-feature-calt-off text-decoration-none text-strikethrough-none\"> cartographes a world in dark \u2013 like in the B-Film-Classic <\/span><span class=\"a_GcMg font-feature-liga-off font-feature-clig-off font-feature-calt-off text-decoration-none text-strikethrough-none\">Mindwrap <\/span><span class=\"a_GcMg font-feature-liga-off font-feature-clig-off font-feature-calt-off text-decoration-none text-strikethrough-none\">(1991) \u2013 there is a society growing underground, a fascist, repressive net of creatures. The protagonist, A monkey-man, tries to save a child. Behind masks there are more, behind every door the abyss; <\/span><span class=\"a_GcMg font-feature-liga-off font-feature-clig-off font-feature-calt-off text-decoration-none text-strikethrough-none\">2551.03 \u2013 The End<\/span><span class=\"a_GcMg font-feature-liga-off font-feature-clig-off font-feature-calt-off text-decoration-none text-strikethrough-none\"> is a true dystopia, Landscape made with blood and sweat \u2013 paranoia. A caricature of power. Hallways feel like Kafka wrote them, effects all hand crafted. Against totalitarianism, there is<\/span><\/span><span style=\"color: #ffffff;\"><span class=\"a_GcMg font-feature-liga-off font-feature-clig-off font-feature-calt-off text-decoration-none text-strikethrough-none\"> anarchist no-budget cinema!<\/span><\/span><\/p><p><span style=\"color: #ffffff;\">Die Wiederbelebung des\u00a0Punk-Kinos:\u00a0Nobert Paffenbichlers\u00a0letzter 2551-Beitrag\u00a0kartiert\u00a0eine\u00a0Welt\u00a0in Finsternis\u00a0\u2013 wie im\u00a0B-Film-Klassiker Mindwarp\u00a0(1991) w\u00e4chst eine Gesellschaft\u00a0im\u00a0Untergrund\u00a0heran, ein faschistisches, repressives Netz von\u00a0Kreaturen. Der Protagonist, ein\u00a0Affen-Man, versucht\u00a0ein\u00a0Kind\u00a0zu retten. Hinter jeder Maske\u00a0lauert\u00a0eine weitere,\u00a0hinter\u00a0jeder\u00a0T\u00fcr der Abgrund.\u00a02551.03 \u2013 The End\u00a0ist die\u00a0Essenz von Dystopie, eine mit\u00a0Blut\u00a0und Schwei\u00df geschaffene Landschaft \u2013 Paranoia. Eine\u00a0Karikatur\u00a0der\u00a0Macht.\u00a0Die\u00a0Flure wirken, als h\u00e4tte Kafka sie geschrieben, die Effekte sind\u00a0handgemacht. Gegen\u00a0den Totalitarismus\u00a0steht\u00a0das anarchistische No-Budget-Kino!<\/span><\/p><p><strong><span style=\"color: #ffffff;\">+ Short film: From.Beyond (2022) &#8211; Frederik S. Hana<\/span><\/strong><\/p>\t\t\t\t\t\t\t\t<\/div>\n\t\t\t\t<\/div>\n\t\t\t\t<div class=\"elementor-element elementor-element-d4f0b19 elementor-align-center elementor-mobile-align-center elementor-widget elementor-widget-button\" data-id=\"d4f0b19\" data-element_type=\"widget\" data-widget_type=\"button.default\">\n\t\t\t\t<div class=\"elementor-widget-container\">\n\t\t\t\t\t\t\t\t\t<div class=\"elementor-button-wrapper\">\n\t\t\t\t\t<a class=\"elementor-button elementor-button-link elementor-size-sm\" href=\"https:\/\/rausgegangen.de\/events\/255103-the-end-filmfest-aachen-2025-0\/\">\n\t\t\t\t\t\t<span class=\"elementor-button-content-wrapper\">\n\t\t\t\t\t\t<span class=\"elementor-button-icon\">\n\t\t\t\t<svg aria-hidden=\"true\" class=\"e-font-icon-svg e-fas-ticket-alt\" viewbox=\"0 0 576 512\" xmlns=\"http:\/\/www.w3.org\/2000\/svg\"><path d=\"M128 160h320v192H128V160zm400 96c0 26.51 21.49 48 48 48v96c0 26.51-21.49 48-48 48H48c-26.51 0-48-21.49-48-48v-96c26.51 0 48-21.49 48-48s-21.49-48-48-48v-96c0-26.51 21.49-48 48-48h480c26.51 0 48 21.49 48 48v96c-26.51 0-48 21.49-48 48zm-48-104c0-13.255-10.745-24-24-24H120c-13.255 0-24 10.745-24 24v208c0 13.255 10.745 24 24 24h336c13.255 0 24-10.745 24-24V152z\"><\/path><\/svg>\t\t\t<\/span>\n\t\t\t\t\t\t\t\t\t<span class=\"elementor-button-text\">TICKETS<\/span>\n\t\t\t\t\t<\/span>\n\t\t\t\t\t<\/a>\n\t\t\t\t<\/div>\n\t\t\t\t\t\t\t\t<\/div>\n\t\t\t\t<\/div>\n\t\t\t\t\t<\/div>\n\t\t\t\t<\/div>\n\t\t<div class=\"elementor-element elementor-element-38bff74 e-flex e-con-boxed e-con e-parent\" data-id=\"38bff74\" data-element_type=\"container\">\n\t\t\t\t\t<div class=\"e-con-inner\">\n\t\t\t\t<div class=\"elementor-element elementor-element-26a9048 elementor-widget elementor-widget-text-editor\" data-id=\"26a9048\" data-element_type=\"widget\" data-widget_type=\"text-editor.default\">\n\t\t\t\t<div class=\"elementor-widget-container\">\n\t\t\t\t\t\t\t\t\t<p style=\"text-align: center;\"><span style=\"color: #ffffff;\">Friday 05.09. 18:30 Apollo II<\/span><\/p>\t\t\t\t\t\t\t\t<\/div>\n\t\t\t\t<\/div>\n\t\t\t\t\t<\/div>\n\t\t\t\t<\/div>\n\t\t<div class=\"elementor-element elementor-element-cf8b9b3 e-flex e-con-boxed e-con e-parent\" data-id=\"cf8b9b3\" data-element_type=\"container\">\n\t\t\t\t\t<div class=\"e-con-inner\">\n\t\t\t\t<div class=\"elementor-element elementor-element-712c57f elementor-widget elementor-widget-video\" data-id=\"712c57f\" data-element_type=\"widget\" data-settings=\"{&quot;youtube_url&quot;:&quot;https:\\\/\\\/www.youtube.com\\\/watch?v=gKvAot2Nz-8&quot;,&quot;video_type&quot;:&quot;youtube&quot;,&quot;controls&quot;:&quot;yes&quot;}\" data-widget_type=\"video.default\">\n\t\t\t\t<div class=\"elementor-widget-container\">\n\t\t\t\t\t\t\t<div class=\"elementor-wrapper elementor-open-inline\">\n\t\t\t<div class=\"elementor-video\"><\/div>\t\t<\/div>\n\t\t\t\t\t\t<\/div>\n\t\t\t\t<\/div>\n\t\t\t\t\t<\/div>\n\t\t\t\t<\/div>\n\t\t<div class=\"elementor-element elementor-element-d2c5db6 e-flex e-con-boxed e-con e-parent\" data-id=\"d2c5db6\" data-element_type=\"container\">\n\t\t\t\t\t<div class=\"e-con-inner\">\n\t\t\t\t\t<\/div>\n\t\t\t\t<\/div>\n\t\t<div class=\"elementor-element elementor-element-13154bf e-flex e-con-boxed e-con e-parent\" data-id=\"13154bf\" data-element_type=\"container\">\n\t\t\t\t\t<div class=\"e-con-inner\">\n\t\t\t\t<div class=\"elementor-element elementor-element-0047707 elementor-widget elementor-widget-heading\" data-id=\"0047707\" data-element_type=\"widget\" data-widget_type=\"heading.default\">\n\t\t\t\t<div class=\"elementor-widget-container\">\n\t\t\t\t\t<h2 class=\"elementor-heading-title elementor-size-default\">Short: FROM.BEYOND<\/h2>\t\t\t\t<\/div>\n\t\t\t\t<\/div>\n\t\t\t\t<div class=\"elementor-element elementor-element-0a380f6 elementor-widget elementor-widget-image\" data-id=\"0a380f6\" data-element_type=\"widget\" data-widget_type=\"image.default\">\n\t\t\t\t<div class=\"elementor-widget-container\">\n\t\t\t\t\t\t\t\t\t\t\t\t\t\t\t<img decoding=\"async\" width=\"1000\" height=\"521\" src=\"https:\/\/filmfestaachen.com\/wp-content\/uploads\/2025\/08\/fb-1.jpg\" class=\"attachment-large size-large wp-image-792\" alt=\"\" srcset=\"https:\/\/filmfestaachen.com\/wp-content\/uploads\/2025\/08\/fb-1.jpg 1000w, https:\/\/filmfestaachen.com\/wp-content\/uploads\/2025\/08\/fb-1-300x156.jpg 300w, https:\/\/filmfestaachen.com\/wp-content\/uploads\/2025\/08\/fb-1-768x400.jpg 768w, https:\/\/filmfestaachen.com\/wp-content\/uploads\/2025\/08\/fb-1-18x9.jpg 18w\" sizes=\"(max-width: 1000px) 100vw, 1000px\" \/>\t\t\t\t\t\t\t\t\t\t\t\t\t\t\t<\/div>\n\t\t\t\t<\/div>\n\t\t\t\t\t<\/div>\n\t\t\t\t<\/div>\n\t\t<div class=\"elementor-element elementor-element-33e36e0 e-flex e-con-boxed e-con e-parent\" data-id=\"33e36e0\" data-element_type=\"container\">\n\t\t\t\t\t<div class=\"e-con-inner\">\n\t\t\t\t<div class=\"elementor-element elementor-element-8811440 elementor-widget elementor-widget-text-editor\" data-id=\"8811440\" data-element_type=\"widget\" data-widget_type=\"text-editor.default\">\n\t\t\t\t<div class=\"elementor-widget-container\">\n\t\t\t\t\t\t\t\t\t<p><span style=\"color: #ffffff;\"><span class=\"a_GcMg font-feature-liga-off font-feature-clig-off font-feature-calt-off text-decoration-none text-strikethrough-none\">In today\u2019s horror landscape, we are steadily moving away from clearly spelled-out monsters and terror. Instead, the LoFi, the blurry, Lovecraftian reversal of the \u201cShow, Don\u2019t Tell\u201d maxim emerges. <\/span><span class=\"a_GcMg font-feature-liga-off font-feature-clig-off font-feature-calt-off text-decoration-none text-strikethrough-none\">From.Beyond<\/span><span class=\"a_GcMg font-feature-liga-off font-feature-clig-off font-feature-calt-off text-decoration-none text-strikethrough-none\"> documents first contact with aliens through a kaleidoscopic blend of faux archival footage, practical effects, miniatures, and old-school in-camera trickery. The film thus shapes an aesthetic we can no longer escape: an aesthetic of suggestion, of the seduction of images, media, archives \u2013 not told through a single narrative camera lens, but through the omnipresent gaze of media.<\/span><\/span><\/p><p><span style=\"color: #ffffff;\"><span class=\"a_GcMg font-feature-liga-off font-feature-clig-off font-feature-calt-off text-decoration-none text-strikethrough-none\">In der heutigen Horrorlandschaft entfernen wir uns zunehmend von eindeutig<\/span> <span class=\"a_GcMg font-feature-liga-off font-feature-clig-off font-feature-calt-off text-decoration-none text-strikethrough-none\">ausformulierten Monstern und Schrecken. Stattdessen tritt eine LoFi-, verschwommene, lovecraftsche Umkehrung der Maxime \u201eShow, don\u2019t tell\u201c in den Vordergrund. <\/span><span class=\"a_GcMg font-feature-liga-off font-feature-clig-off font-feature-calt-off text-decoration-none text-strikethrough-none\">From.Beyond<\/span><span class=\"a_GcMg font-feature-liga-off font-feature-clig-off font-feature-calt-off text-decoration-none text-strikethrough-none\"> dokumentiert den ersten Kontakt mit Au\u00dferirdischen \u2013 nicht durch die Kameralinse, sondern durch ein kaleidoskopisches Geflecht aus gef\u00e4lschtem Archivmaterial, praktischen Effekten, Miniaturen und altmodischen In-Camera-Tricks. Der Film formt damit eine \u00c4sthetik, der wir k\u00fcnftig nicht mehr entkommen k\u00f6nnen: eine \u00c4sthetik der Andeutung, der Verf\u00fchrung durch Bilder, Medien, Archive \u2013 nicht erz\u00e4hlt durch eine narrative Kameralinse, sondern durch den allgegenw\u00e4rtigen Blick der sozialen Medien.<\/span><\/span><\/p>\t\t\t\t\t\t\t\t<\/div>\n\t\t\t\t<\/div>\n\t\t\t\t\t<\/div>\n\t\t\t\t<\/div>\n\t\t\t\t<\/div>","protected":false},"excerpt":{"rendered":"<p>WELCOME TO THE END \u00a0 2025, Austria, 80 min,\u00a0Norbert Pfaffenbichler, No Dialogue, Germany Premiere Reviving the spirit of Punk Cinema, Nobert Paffenbichler&#8217;s final 2551-Entry cartographes a world in dark \u2013 like in the B-Film-Classic Mindwrap (1991) \u2013 there is a society growing underground, a fascist, repressive net of creatures. The protagonist, A monkey-man, tries to [&hellip;]<\/p>","protected":false},"author":2,"featured_media":0,"parent":596,"menu_order":0,"comment_status":"closed","ping_status":"closed","template":"","meta":{"footnotes":""},"class_list":["post-662","page","type-page","status-publish","hentry"],"yoast_head":"<!-- This site is optimized with the Yoast SEO plugin v25.7 - https:\/\/yoast.com\/wordpress\/plugins\/seo\/ -->\n<title>2551.03 \u2013 The End - Filmfest Aachen<\/title>\n<meta name=\"robots\" content=\"index, follow, max-snippet:-1, max-image-preview:large, max-video-preview:-1\" \/>\n<link rel=\"canonical\" href=\"https:\/\/filmfestaachen.com\/en\/programm\/2551-03-the-end\/\" \/>\n<meta property=\"og:locale\" content=\"en_US\" \/>\n<meta property=\"og:type\" content=\"article\" \/>\n<meta property=\"og:title\" content=\"2551.03 \u2013 The End - Filmfest Aachen\" \/>\n<meta property=\"og:description\" content=\"WELCOME TO THE END \u00a0 2025, Austria, 80 min,\u00a0Norbert Pfaffenbichler, No Dialogue, Germany Premiere Reviving the spirit of Punk Cinema, Nobert Paffenbichler&#8217;s final 2551-Entry cartographes a world in dark \u2013 like in the B-Film-Classic Mindwrap (1991) \u2013 there is a society growing underground, a fascist, repressive net of creatures. The protagonist, A monkey-man, tries to [&hellip;]\" \/>\n<meta property=\"og:url\" content=\"https:\/\/filmfestaachen.com\/en\/programm\/2551-03-the-end\/\" \/>\n<meta property=\"og:site_name\" content=\"Filmfest Aachen\" \/>\n<meta property=\"article:modified_time\" content=\"2025-08-23T10:15:37+00:00\" \/>\n<meta property=\"og:image\" content=\"https:\/\/filmfestaachen.com\/wp-content\/uploads\/2025\/08\/2551.03_002.jpg\" \/>\n\t<meta property=\"og:image:width\" content=\"1440\" \/>\n\t<meta property=\"og:image:height\" content=\"1080\" \/>\n\t<meta property=\"og:image:type\" content=\"image\/jpeg\" \/>\n<meta name=\"twitter:card\" content=\"summary_large_image\" \/>\n<meta name=\"twitter:label1\" content=\"Est. reading time\" \/>\n\t<meta name=\"twitter:data1\" content=\"3 minutes\" \/>\n<script type=\"application\/ld+json\" class=\"yoast-schema-graph\">{\"@context\":\"https:\/\/schema.org\",\"@graph\":[{\"@type\":\"WebPage\",\"@id\":\"https:\/\/filmfestaachen.com\/programm\/2551-03-the-end\/\",\"url\":\"https:\/\/filmfestaachen.com\/programm\/2551-03-the-end\/\",\"name\":\"2551.03 \u2013 The End - Filmfest Aachen\",\"isPartOf\":{\"@id\":\"https:\/\/filmfestaachen.com\/#website\"},\"primaryImageOfPage\":{\"@id\":\"https:\/\/filmfestaachen.com\/programm\/2551-03-the-end\/#primaryimage\"},\"image\":{\"@id\":\"https:\/\/filmfestaachen.com\/programm\/2551-03-the-end\/#primaryimage\"},\"thumbnailUrl\":\"https:\/\/filmfestaachen.com\/wp-content\/uploads\/2025\/08\/2551.03_002-768x576.jpg\",\"datePublished\":\"2025-08-14T22:45:43+00:00\",\"dateModified\":\"2025-08-23T10:15:37+00:00\",\"breadcrumb\":{\"@id\":\"https:\/\/filmfestaachen.com\/programm\/2551-03-the-end\/#breadcrumb\"},\"inLanguage\":\"en-US\",\"potentialAction\":[{\"@type\":\"ReadAction\",\"target\":[\"https:\/\/filmfestaachen.com\/programm\/2551-03-the-end\/\"]}]},{\"@type\":\"ImageObject\",\"inLanguage\":\"en-US\",\"@id\":\"https:\/\/filmfestaachen.com\/programm\/2551-03-the-end\/#primaryimage\",\"url\":\"https:\/\/filmfestaachen.com\/wp-content\/uploads\/2025\/08\/2551.03_002-768x576.jpg\",\"contentUrl\":\"https:\/\/filmfestaachen.com\/wp-content\/uploads\/2025\/08\/2551.03_002-768x576.jpg\"},{\"@type\":\"BreadcrumbList\",\"@id\":\"https:\/\/filmfestaachen.com\/programm\/2551-03-the-end\/#breadcrumb\",\"itemListElement\":[{\"@type\":\"ListItem\",\"position\":1,\"name\":\"Startseite\",\"item\":\"https:\/\/filmfestaachen.com\/\"},{\"@type\":\"ListItem\",\"position\":2,\"name\":\"Programm\",\"item\":\"https:\/\/filmfestaachen.com\/programm\/\"},{\"@type\":\"ListItem\",\"position\":3,\"name\":\"2551.03 \u2013 The End\"}]},{\"@type\":\"WebSite\",\"@id\":\"https:\/\/filmfestaachen.com\/#website\",\"url\":\"https:\/\/filmfestaachen.com\/\",\"name\":\"Filmfest Aachen\",\"description\":\"Filmkultur auf Augenh\u00f6he!\",\"publisher\":{\"@id\":\"https:\/\/filmfestaachen.com\/#organization\"},\"potentialAction\":[{\"@type\":\"SearchAction\",\"target\":{\"@type\":\"EntryPoint\",\"urlTemplate\":\"https:\/\/filmfestaachen.com\/?s={search_term_string}\"},\"query-input\":{\"@type\":\"PropertyValueSpecification\",\"valueRequired\":true,\"valueName\":\"search_term_string\"}}],\"inLanguage\":\"en-US\"},{\"@type\":\"Organization\",\"@id\":\"https:\/\/filmfestaachen.com\/#organization\",\"name\":\"Filmfest Aachen\",\"url\":\"https:\/\/filmfestaachen.com\/\",\"logo\":{\"@type\":\"ImageObject\",\"inLanguage\":\"en-US\",\"@id\":\"https:\/\/filmfestaachen.com\/#\/schema\/logo\/image\/\",\"url\":\"https:\/\/filmfestaachen.com\/wp-content\/uploads\/2024\/07\/FFAWhite.png\",\"contentUrl\":\"https:\/\/filmfestaachen.com\/wp-content\/uploads\/2024\/07\/FFAWhite.png\",\"width\":937,\"height\":633,\"caption\":\"Filmfest Aachen\"},\"image\":{\"@id\":\"https:\/\/filmfestaachen.com\/#\/schema\/logo\/image\/\"},\"sameAs\":[\"https:\/\/www.instagram.com\/filmfestaachen\/\",\"https:\/\/letterboxd.com\/filmfestaachen\/\"]}]}<\/script>\n<!-- \/ Yoast SEO plugin. -->","yoast_head_json":{"title":"2551.03 \u2013 The End - Filmfest Aachen","robots":{"index":"index","follow":"follow","max-snippet":"max-snippet:-1","max-image-preview":"max-image-preview:large","max-video-preview":"max-video-preview:-1"},"canonical":"https:\/\/filmfestaachen.com\/en\/programm\/2551-03-the-end\/","og_locale":"en_US","og_type":"article","og_title":"2551.03 \u2013 The End - Filmfest Aachen","og_description":"WELCOME TO THE END \u00a0 2025, Austria, 80 min,\u00a0Norbert Pfaffenbichler, No Dialogue, Germany Premiere Reviving the spirit of Punk Cinema, Nobert Paffenbichler&#8217;s final 2551-Entry cartographes a world in dark \u2013 like in the B-Film-Classic Mindwrap (1991) \u2013 there is a society growing underground, a fascist, repressive net of creatures. The protagonist, A monkey-man, tries to [&hellip;]","og_url":"https:\/\/filmfestaachen.com\/en\/programm\/2551-03-the-end\/","og_site_name":"Filmfest Aachen","article_modified_time":"2025-08-23T10:15:37+00:00","og_image":[{"width":1440,"height":1080,"url":"https:\/\/filmfestaachen.com\/wp-content\/uploads\/2025\/08\/2551.03_002.jpg","type":"image\/jpeg"}],"twitter_card":"summary_large_image","twitter_misc":{"Est. reading time":"3 minutes"},"schema":{"@context":"https:\/\/schema.org","@graph":[{"@type":"WebPage","@id":"https:\/\/filmfestaachen.com\/programm\/2551-03-the-end\/","url":"https:\/\/filmfestaachen.com\/programm\/2551-03-the-end\/","name":"2551.03 \u2013 The End - Filmfest Aachen","isPartOf":{"@id":"https:\/\/filmfestaachen.com\/#website"},"primaryImageOfPage":{"@id":"https:\/\/filmfestaachen.com\/programm\/2551-03-the-end\/#primaryimage"},"image":{"@id":"https:\/\/filmfestaachen.com\/programm\/2551-03-the-end\/#primaryimage"},"thumbnailUrl":"https:\/\/filmfestaachen.com\/wp-content\/uploads\/2025\/08\/2551.03_002-768x576.jpg","datePublished":"2025-08-14T22:45:43+00:00","dateModified":"2025-08-23T10:15:37+00:00","breadcrumb":{"@id":"https:\/\/filmfestaachen.com\/programm\/2551-03-the-end\/#breadcrumb"},"inLanguage":"en-US","potentialAction":[{"@type":"ReadAction","target":["https:\/\/filmfestaachen.com\/programm\/2551-03-the-end\/"]}]},{"@type":"ImageObject","inLanguage":"en-US","@id":"https:\/\/filmfestaachen.com\/programm\/2551-03-the-end\/#primaryimage","url":"https:\/\/filmfestaachen.com\/wp-content\/uploads\/2025\/08\/2551.03_002-768x576.jpg","contentUrl":"https:\/\/filmfestaachen.com\/wp-content\/uploads\/2025\/08\/2551.03_002-768x576.jpg"},{"@type":"BreadcrumbList","@id":"https:\/\/filmfestaachen.com\/programm\/2551-03-the-end\/#breadcrumb","itemListElement":[{"@type":"ListItem","position":1,"name":"Startseite","item":"https:\/\/filmfestaachen.com\/"},{"@type":"ListItem","position":2,"name":"Programm","item":"https:\/\/filmfestaachen.com\/programm\/"},{"@type":"ListItem","position":3,"name":"2551.03 \u2013 The End"}]},{"@type":"WebSite","@id":"https:\/\/filmfestaachen.com\/#website","url":"https:\/\/filmfestaachen.com\/","name":"Filmfest Aachen","description":"Filmkultur auf Augenh\u00f6he!","publisher":{"@id":"https:\/\/filmfestaachen.com\/#organization"},"potentialAction":[{"@type":"SearchAction","target":{"@type":"EntryPoint","urlTemplate":"https:\/\/filmfestaachen.com\/?s={search_term_string}"},"query-input":{"@type":"PropertyValueSpecification","valueRequired":true,"valueName":"search_term_string"}}],"inLanguage":"en-US"},{"@type":"Organization","@id":"https:\/\/filmfestaachen.com\/#organization","name":"Filmfest Aachen","url":"https:\/\/filmfestaachen.com\/","logo":{"@type":"ImageObject","inLanguage":"en-US","@id":"https:\/\/filmfestaachen.com\/#\/schema\/logo\/image\/","url":"https:\/\/filmfestaachen.com\/wp-content\/uploads\/2024\/07\/FFAWhite.png","contentUrl":"https:\/\/filmfestaachen.com\/wp-content\/uploads\/2024\/07\/FFAWhite.png","width":937,"height":633,"caption":"Filmfest Aachen"},"image":{"@id":"https:\/\/filmfestaachen.com\/#\/schema\/logo\/image\/"},"sameAs":["https:\/\/www.instagram.com\/filmfestaachen\/","https:\/\/letterboxd.com\/filmfestaachen\/"]}]}},"_links":{"self":[{"href":"https:\/\/filmfestaachen.com\/en\/wp-json\/wp\/v2\/pages\/662","targetHints":{"allow":["GET"]}}],"collection":[{"href":"https:\/\/filmfestaachen.com\/en\/wp-json\/wp\/v2\/pages"}],"about":[{"href":"https:\/\/filmfestaachen.com\/en\/wp-json\/wp\/v2\/types\/page"}],"author":[{"embeddable":true,"href":"https:\/\/filmfestaachen.com\/en\/wp-json\/wp\/v2\/users\/2"}],"replies":[{"embeddable":true,"href":"https:\/\/filmfestaachen.com\/en\/wp-json\/wp\/v2\/comments?post=662"}],"version-history":[{"count":0,"href":"https:\/\/filmfestaachen.com\/en\/wp-json\/wp\/v2\/pages\/662\/revisions"}],"up":[{"embeddable":true,"href":"https:\/\/filmfestaachen.com\/en\/wp-json\/wp\/v2\/pages\/596"}],"wp:attachment":[{"href":"https:\/\/filmfestaachen.com\/en\/wp-json\/wp\/v2\/media?parent=662"}],"curies":[{"name":"wp","href":"https:\/\/api.w.org\/{rel}","templated":true}]}}