{"id":667,"date":"2025-08-15T00:46:20","date_gmt":"2025-08-14T22:46:20","guid":{"rendered":"https:\/\/filmfestaachen.com\/?page_id=667"},"modified":"2025-08-23T19:06:14","modified_gmt":"2025-08-23T17:06:14","slug":"mad-god","status":"publish","type":"page","link":"https:\/\/filmfestaachen.com\/en\/programm\/mad-god\/","title":{"rendered":"Mad God"},"content":{"rendered":"<div data-elementor-type=\"wp-page\" data-elementor-id=\"667\" class=\"elementor elementor-667\">\n\t\t\t\t<div class=\"elementor-element elementor-element-6c59229 e-flex e-con-boxed e-con e-parent\" data-id=\"6c59229\" data-element_type=\"container\">\n\t\t\t\t\t<div class=\"e-con-inner\">\n\t\t\t\t<div class=\"elementor-element elementor-element-74cae4d elementor-widget elementor-widget-heading\" data-id=\"74cae4d\" data-element_type=\"widget\" data-widget_type=\"heading.default\">\n\t\t\t\t<div class=\"elementor-widget-container\">\n\t\t\t\t\t<h2 class=\"elementor-heading-title elementor-size-default\">+ CUTS LIVE PODCAST<\/h2>\t\t\t\t<\/div>\n\t\t\t\t<\/div>\n\t\t\t\t<div class=\"elementor-element elementor-element-c5660e3 elementor-widget elementor-widget-image\" data-id=\"c5660e3\" data-element_type=\"widget\" data-widget_type=\"image.default\">\n\t\t\t\t<div class=\"elementor-widget-container\">\n\t\t\t\t\t\t\t\t\t\t\t\t\t\t\t<img fetchpriority=\"high\" decoding=\"async\" width=\"1024\" height=\"577\" src=\"https:\/\/filmfestaachen.com\/wp-content\/uploads\/2025\/08\/101120210104-1024x577.jpg\" class=\"attachment-large size-large wp-image-732\" alt=\"\" srcset=\"https:\/\/filmfestaachen.com\/wp-content\/uploads\/2025\/08\/101120210104-1024x577.jpg 1024w, https:\/\/filmfestaachen.com\/wp-content\/uploads\/2025\/08\/101120210104-300x169.jpg 300w, https:\/\/filmfestaachen.com\/wp-content\/uploads\/2025\/08\/101120210104-768x433.jpg 768w, https:\/\/filmfestaachen.com\/wp-content\/uploads\/2025\/08\/101120210104-18x10.jpg 18w, https:\/\/filmfestaachen.com\/wp-content\/uploads\/2025\/08\/101120210104.jpg 1198w\" sizes=\"(max-width: 1024px) 100vw, 1024px\" \/>\t\t\t\t\t\t\t\t\t\t\t\t\t\t\t<\/div>\n\t\t\t\t<\/div>\n\t\t\t\t\t<\/div>\n\t\t\t\t<\/div>\n\t\t<div class=\"elementor-element elementor-element-b29a43d e-flex e-con-boxed e-con e-parent\" data-id=\"b29a43d\" data-element_type=\"container\">\n\t\t\t\t\t<div class=\"e-con-inner\">\n\t\t\t\t<div class=\"elementor-element elementor-element-ce75694 elementor-widget elementor-widget-text-editor\" data-id=\"ce75694\" data-element_type=\"widget\" data-widget_type=\"text-editor.default\">\n\t\t\t\t<div class=\"elementor-widget-container\">\n\t\t\t\t\t\t\t\t\t<p><span style=\"color: #ffffff;\"><strong><span class=\"a_GcMg font-feature-liga-off font-feature-clig-off font-feature-calt-off text-decoration-none text-strikethrough-none\">Mad God<\/span><\/strong><span class=\"a_GcMg font-feature-liga-off font-feature-clig-off font-feature-calt-off text-decoration-none text-strikethrough-none\"> is a stop-motion fever dream, crafted over a 30 year span by legendary effects artist Phil Tippett (Star Wars, Robocop). The film plunges into a decaying, post-apocalyptic underworld ruled by machines and creatures. <\/span><span class=\"a_GcMg font-feature-liga-off font-feature-clig-off font-feature-calt-off text-decoration-none text-strikethrough-none\">Mad God <\/span><span class=\"a_GcMg font-feature-liga-off font-feature-clig-off font-feature-calt-off text-decoration-none text-strikethrough-none\">is a visceral descent into madness, built frame by frame with obsessive detail. It\u2019s shown in our Dystopia section because it embodies pure collapse \u2013 of worlds, bodies, and reason itself. Tippett\u2019s nightmare isn\u2019t just about the end of civilization; it\u2019s about what festers long after it. A masterpiece of animated decay.<\/span><\/span><\/p><p><span style=\"color: #ffffff;\"><strong><span class=\"a_GcMg font-feature-liga-off font-feature-clig-off font-feature-calt-off text-decoration-none text-strikethrough-none\">Mad God<\/span><\/strong><span class=\"a_GcMg font-feature-liga-off font-feature-clig-off font-feature-calt-off text-decoration-none text-strikethrough-none\"> ist ein Stop-Motion-Fiebertraum, der \u00fcber 30 Jahre hinweg vom legend\u00e4ren Effektk\u00fcnstler Phil Tippett (Star Wars, Robocop) geschaffen wurde. Der Film st\u00fcrzt hinab in eine verfallene, postapokalyptische Unterwelt, beherrscht von Maschinen und Kreaturen. Mad God ist ein<\/span> <span class=\"a_GcMg font-feature-liga-off font-feature-clig-off font-feature-calt-off text-decoration-none text-strikethrough-none\">k\u00f6rperliche Erfahrung des Wahnsinn, Bild f\u00fcr Bild aufgebaut mit obsessiver Detailverliebtheit. Wir zeigen ihn in unserer Sektion Abseits:Dystopia, weil er den reinen Kollaps verk\u00f6rpert \u2013 von Welten, K\u00f6rpern und dem Verstand selbst. Tippetts Albtraum erz\u00e4hlt nicht nur vom Ende der Zivilisation, sondern von dem, was lange danach weiterfault. Ein Meisterwerk des animierten Verfalls.<\/span><\/span><\/p>\t\t\t\t\t\t\t\t<\/div>\n\t\t\t\t<\/div>\n\t\t\t\t<div class=\"elementor-element elementor-element-6465f65 elementor-position-left elementor-vertical-align-top elementor-widget elementor-widget-image-box\" data-id=\"6465f65\" data-element_type=\"widget\" data-widget_type=\"image-box.default\">\n\t\t\t\t<div class=\"elementor-widget-container\">\n\t\t\t\t\t<div class=\"elementor-image-box-wrapper\"><figure class=\"elementor-image-box-img\"><img decoding=\"async\" width=\"1400\" height=\"1400\" src=\"https:\/\/filmfestaachen.com\/wp-content\/uploads\/2025\/08\/15b7bece-23e5-4bab-944b-959b79dc0cc4.jpg\" class=\"attachment-full size-full wp-image-1468\" alt=\"\" srcset=\"https:\/\/filmfestaachen.com\/wp-content\/uploads\/2025\/08\/15b7bece-23e5-4bab-944b-959b79dc0cc4.jpg 1400w, https:\/\/filmfestaachen.com\/wp-content\/uploads\/2025\/08\/15b7bece-23e5-4bab-944b-959b79dc0cc4-300x300.jpg 300w, https:\/\/filmfestaachen.com\/wp-content\/uploads\/2025\/08\/15b7bece-23e5-4bab-944b-959b79dc0cc4-1024x1024.jpg 1024w, https:\/\/filmfestaachen.com\/wp-content\/uploads\/2025\/08\/15b7bece-23e5-4bab-944b-959b79dc0cc4-150x150.jpg 150w, https:\/\/filmfestaachen.com\/wp-content\/uploads\/2025\/08\/15b7bece-23e5-4bab-944b-959b79dc0cc4-768x768.jpg 768w, https:\/\/filmfestaachen.com\/wp-content\/uploads\/2025\/08\/15b7bece-23e5-4bab-944b-959b79dc0cc4-12x12.jpg 12w, https:\/\/filmfestaachen.com\/wp-content\/uploads\/2025\/08\/15b7bece-23e5-4bab-944b-959b79dc0cc4-1320x1320.jpg 1320w\" sizes=\"(max-width: 1400px) 100vw, 1400px\" \/><\/figure><div class=\"elementor-image-box-content\"><h3 class=\"elementor-image-box-title\">+ cuts live podcast<\/h3><p class=\"elementor-image-box-description\">CUTS \u2013 Der kritische Film Podcast has been around since 2019 and is hosted by Christian Eichler and Lucas Barwenczik. The podcast analyzes current films, classics, and topics in film culture, often joined by guests such as film scholars. At the Filmfest Aachen, we will record a live episode after the screening of Mad God, discussing the film and exploring what defines dystopian cinema. Tackling question like why we never see utopian cinema. <\/p><\/div><\/div>\t\t\t\t<\/div>\n\t\t\t\t<\/div>\n\t\t\t\t<div class=\"elementor-element elementor-element-2e1d291 elementor-position-left elementor-vertical-align-top elementor-widget elementor-widget-image-box\" data-id=\"2e1d291\" data-element_type=\"widget\" data-widget_type=\"image-box.default\">\n\t\t\t\t<div class=\"elementor-widget-container\">\n\t\t\t\t\t<div class=\"elementor-image-box-wrapper\"><figure class=\"elementor-image-box-img\"><img decoding=\"async\" width=\"1400\" height=\"1400\" src=\"https:\/\/filmfestaachen.com\/wp-content\/uploads\/2025\/08\/15b7bece-23e5-4bab-944b-959b79dc0cc4.jpg\" class=\"attachment-full size-full wp-image-1468\" alt=\"\" srcset=\"https:\/\/filmfestaachen.com\/wp-content\/uploads\/2025\/08\/15b7bece-23e5-4bab-944b-959b79dc0cc4.jpg 1400w, https:\/\/filmfestaachen.com\/wp-content\/uploads\/2025\/08\/15b7bece-23e5-4bab-944b-959b79dc0cc4-300x300.jpg 300w, https:\/\/filmfestaachen.com\/wp-content\/uploads\/2025\/08\/15b7bece-23e5-4bab-944b-959b79dc0cc4-1024x1024.jpg 1024w, https:\/\/filmfestaachen.com\/wp-content\/uploads\/2025\/08\/15b7bece-23e5-4bab-944b-959b79dc0cc4-150x150.jpg 150w, https:\/\/filmfestaachen.com\/wp-content\/uploads\/2025\/08\/15b7bece-23e5-4bab-944b-959b79dc0cc4-768x768.jpg 768w, https:\/\/filmfestaachen.com\/wp-content\/uploads\/2025\/08\/15b7bece-23e5-4bab-944b-959b79dc0cc4-12x12.jpg 12w, https:\/\/filmfestaachen.com\/wp-content\/uploads\/2025\/08\/15b7bece-23e5-4bab-944b-959b79dc0cc4-1320x1320.jpg 1320w\" sizes=\"(max-width: 1400px) 100vw, 1400px\" \/><\/figure><div class=\"elementor-image-box-content\"><h3 class=\"elementor-image-box-title\">+ cuts live podcast<\/h3><p class=\"elementor-image-box-description\">CUTS \u2013 Der kritische Filmpodcast existiert seit 2019 und wird von Christian Eichler und Lucas Barwenczik moderiert. Der Podcast bespricht aktuelle Filme, Klassiker und filmkulturelle Themen oft gemeinsam mit G\u00e4sten wie Filmwissenschaftler*innen. Beim Filmfest Aachen nehmen wir eine Live-Episode nach dem Screening von Mad God auf, sprechen werden wir ueber den Film und gehen der Frage nach, was dystopisches Kino eigentlich ausmacht. Zum Beispiel: Warum sehen wir eigentlich nie utopisches Kino?\n<\/p><\/div><\/div>\t\t\t\t<\/div>\n\t\t\t\t<\/div>\n\t\t\t\t\t<\/div>\n\t\t\t\t<\/div>\n\t\t<div class=\"elementor-element elementor-element-b2b3a70 e-flex e-con-boxed e-con e-parent\" data-id=\"b2b3a70\" data-element_type=\"container\">\n\t\t\t\t\t<div class=\"e-con-inner\">\n\t\t\t\t<div class=\"elementor-element elementor-element-b108116 elementor-align-center elementor-widget elementor-widget-button\" data-id=\"b108116\" data-element_type=\"widget\" data-widget_type=\"button.default\">\n\t\t\t\t<div class=\"elementor-widget-container\">\n\t\t\t\t\t\t\t\t\t<div class=\"elementor-button-wrapper\">\n\t\t\t\t\t<a class=\"elementor-button elementor-button-link elementor-size-sm\" href=\"https:\/\/rausgegangen.de\/events\/mad-god-cuts-live-podcast-filmfest-aachen-2025-0\/\">\n\t\t\t\t\t\t<span class=\"elementor-button-content-wrapper\">\n\t\t\t\t\t\t<span class=\"elementor-button-icon\">\n\t\t\t\t<svg aria-hidden=\"true\" class=\"e-font-icon-svg e-fas-ticket-alt\" viewbox=\"0 0 576 512\" xmlns=\"http:\/\/www.w3.org\/2000\/svg\"><path d=\"M128 160h320v192H128V160zm400 96c0 26.51 21.49 48 48 48v96c0 26.51-21.49 48-48 48H48c-26.51 0-48-21.49-48-48v-96c26.51 0 48-21.49 48-48s-21.49-48-48-48v-96c0-26.51 21.49-48 48-48h480c26.51 0 48 21.49 48 48v96c-26.51 0-48 21.49-48 48zm-48-104c0-13.255-10.745-24-24-24H120c-13.255 0-24 10.745-24 24v208c0 13.255 10.745 24 24 24h336c13.255 0 24-10.745 24-24V152z\"><\/path><\/svg>\t\t\t<\/span>\n\t\t\t\t\t\t\t\t\t<span class=\"elementor-button-text\">TICKETS<\/span>\n\t\t\t\t\t<\/span>\n\t\t\t\t\t<\/a>\n\t\t\t\t<\/div>\n\t\t\t\t\t\t\t\t<\/div>\n\t\t\t\t<\/div>\n\t\t\t\t\t<\/div>\n\t\t\t\t<\/div>\n\t\t<div class=\"elementor-element elementor-element-d600ab9 e-flex e-con-boxed e-con e-parent\" data-id=\"d600ab9\" data-element_type=\"container\">\n\t\t\t\t\t<div class=\"e-con-inner\">\n\t\t\t\t<div class=\"elementor-element elementor-element-0328b2e elementor-widget elementor-widget-video\" data-id=\"0328b2e\" data-element_type=\"widget\" data-settings=\"{&quot;youtube_url&quot;:&quot;https:\\\/\\\/www.youtube.com\\\/watch?v=jas8OABbn0Y&quot;,&quot;video_type&quot;:&quot;youtube&quot;,&quot;controls&quot;:&quot;yes&quot;}\" data-widget_type=\"video.default\">\n\t\t\t\t<div class=\"elementor-widget-container\">\n\t\t\t\t\t\t\t<div class=\"elementor-wrapper elementor-open-inline\">\n\t\t\t<div class=\"elementor-video\"><\/div>\t\t<\/div>\n\t\t\t\t\t\t<\/div>\n\t\t\t\t<\/div>\n\t\t\t\t\t<\/div>\n\t\t\t\t<\/div>\n\t\t<div class=\"elementor-element elementor-element-fb17933 e-flex e-con-boxed e-con e-parent\" data-id=\"fb17933\" data-element_type=\"container\">\n\t\t\t\t\t<div class=\"e-con-inner\">\n\t\t\t\t\t<\/div>\n\t\t\t\t<\/div>\n\t\t\t\t<\/div>","protected":false},"excerpt":{"rendered":"<p>+ CUTS LIVE PODCAST Mad God is a stop-motion fever dream, crafted over a 30 year span by legendary effects artist Phil Tippett (Star Wars, Robocop). The film plunges into a decaying, post-apocalyptic underworld ruled by machines and creatures. Mad God is a visceral descent into madness, built frame by frame with obsessive detail. It\u2019s [&hellip;]<\/p>","protected":false},"author":2,"featured_media":0,"parent":596,"menu_order":0,"comment_status":"closed","ping_status":"closed","template":"","meta":{"footnotes":""},"class_list":["post-667","page","type-page","status-publish","hentry"],"yoast_head":"<!-- This site is optimized with the Yoast SEO plugin v25.7 - https:\/\/yoast.com\/wordpress\/plugins\/seo\/ -->\n<title>Mad God - Filmfest Aachen<\/title>\n<meta name=\"robots\" content=\"index, follow, max-snippet:-1, max-image-preview:large, max-video-preview:-1\" \/>\n<link rel=\"canonical\" href=\"https:\/\/filmfestaachen.com\/en\/programm\/mad-god\/\" \/>\n<meta property=\"og:locale\" content=\"en_US\" \/>\n<meta property=\"og:type\" content=\"article\" \/>\n<meta property=\"og:title\" content=\"Mad God - Filmfest Aachen\" \/>\n<meta property=\"og:description\" content=\"+ CUTS LIVE PODCAST Mad God is a stop-motion fever dream, crafted over a 30 year span by legendary effects artist Phil Tippett (Star Wars, Robocop). The film plunges into a decaying, post-apocalyptic underworld ruled by machines and creatures. Mad God is a visceral descent into madness, built frame by frame with obsessive detail. It\u2019s [&hellip;]\" \/>\n<meta property=\"og:url\" content=\"https:\/\/filmfestaachen.com\/en\/programm\/mad-god\/\" \/>\n<meta property=\"og:site_name\" content=\"Filmfest Aachen\" \/>\n<meta property=\"article:modified_time\" content=\"2025-08-23T17:06:14+00:00\" \/>\n<meta property=\"og:image\" content=\"https:\/\/filmfestaachen.com\/wp-content\/uploads\/2025\/08\/101120210104.jpg\" \/>\n\t<meta property=\"og:image:width\" content=\"1198\" \/>\n\t<meta property=\"og:image:height\" content=\"675\" \/>\n\t<meta property=\"og:image:type\" content=\"image\/jpeg\" \/>\n<meta name=\"twitter:card\" content=\"summary_large_image\" \/>\n<meta name=\"twitter:label1\" content=\"Est. reading time\" \/>\n\t<meta name=\"twitter:data1\" content=\"3 minutes\" \/>\n<script type=\"application\/ld+json\" class=\"yoast-schema-graph\">{\"@context\":\"https:\/\/schema.org\",\"@graph\":[{\"@type\":\"WebPage\",\"@id\":\"https:\/\/filmfestaachen.com\/programm\/mad-god\/\",\"url\":\"https:\/\/filmfestaachen.com\/programm\/mad-god\/\",\"name\":\"Mad God - Filmfest Aachen\",\"isPartOf\":{\"@id\":\"https:\/\/filmfestaachen.com\/#website\"},\"primaryImageOfPage\":{\"@id\":\"https:\/\/filmfestaachen.com\/programm\/mad-god\/#primaryimage\"},\"image\":{\"@id\":\"https:\/\/filmfestaachen.com\/programm\/mad-god\/#primaryimage\"},\"thumbnailUrl\":\"https:\/\/filmfestaachen.com\/wp-content\/uploads\/2025\/08\/101120210104-1024x577.jpg\",\"datePublished\":\"2025-08-14T22:46:20+00:00\",\"dateModified\":\"2025-08-23T17:06:14+00:00\",\"breadcrumb\":{\"@id\":\"https:\/\/filmfestaachen.com\/programm\/mad-god\/#breadcrumb\"},\"inLanguage\":\"en-US\",\"potentialAction\":[{\"@type\":\"ReadAction\",\"target\":[\"https:\/\/filmfestaachen.com\/programm\/mad-god\/\"]}]},{\"@type\":\"ImageObject\",\"inLanguage\":\"en-US\",\"@id\":\"https:\/\/filmfestaachen.com\/programm\/mad-god\/#primaryimage\",\"url\":\"https:\/\/filmfestaachen.com\/wp-content\/uploads\/2025\/08\/101120210104-1024x577.jpg\",\"contentUrl\":\"https:\/\/filmfestaachen.com\/wp-content\/uploads\/2025\/08\/101120210104-1024x577.jpg\"},{\"@type\":\"BreadcrumbList\",\"@id\":\"https:\/\/filmfestaachen.com\/programm\/mad-god\/#breadcrumb\",\"itemListElement\":[{\"@type\":\"ListItem\",\"position\":1,\"name\":\"Startseite\",\"item\":\"https:\/\/filmfestaachen.com\/\"},{\"@type\":\"ListItem\",\"position\":2,\"name\":\"Programm\",\"item\":\"https:\/\/filmfestaachen.com\/programm\/\"},{\"@type\":\"ListItem\",\"position\":3,\"name\":\"Mad God\"}]},{\"@type\":\"WebSite\",\"@id\":\"https:\/\/filmfestaachen.com\/#website\",\"url\":\"https:\/\/filmfestaachen.com\/\",\"name\":\"Filmfest Aachen\",\"description\":\"Filmkultur auf Augenh\u00f6he!\",\"publisher\":{\"@id\":\"https:\/\/filmfestaachen.com\/#organization\"},\"potentialAction\":[{\"@type\":\"SearchAction\",\"target\":{\"@type\":\"EntryPoint\",\"urlTemplate\":\"https:\/\/filmfestaachen.com\/?s={search_term_string}\"},\"query-input\":{\"@type\":\"PropertyValueSpecification\",\"valueRequired\":true,\"valueName\":\"search_term_string\"}}],\"inLanguage\":\"en-US\"},{\"@type\":\"Organization\",\"@id\":\"https:\/\/filmfestaachen.com\/#organization\",\"name\":\"Filmfest Aachen\",\"url\":\"https:\/\/filmfestaachen.com\/\",\"logo\":{\"@type\":\"ImageObject\",\"inLanguage\":\"en-US\",\"@id\":\"https:\/\/filmfestaachen.com\/#\/schema\/logo\/image\/\",\"url\":\"https:\/\/filmfestaachen.com\/wp-content\/uploads\/2024\/07\/FFAWhite.png\",\"contentUrl\":\"https:\/\/filmfestaachen.com\/wp-content\/uploads\/2024\/07\/FFAWhite.png\",\"width\":937,\"height\":633,\"caption\":\"Filmfest Aachen\"},\"image\":{\"@id\":\"https:\/\/filmfestaachen.com\/#\/schema\/logo\/image\/\"},\"sameAs\":[\"https:\/\/www.instagram.com\/filmfestaachen\/\",\"https:\/\/letterboxd.com\/filmfestaachen\/\"]}]}<\/script>\n<!-- \/ Yoast SEO plugin. -->","yoast_head_json":{"title":"Mad God - Filmfest Aachen","robots":{"index":"index","follow":"follow","max-snippet":"max-snippet:-1","max-image-preview":"max-image-preview:large","max-video-preview":"max-video-preview:-1"},"canonical":"https:\/\/filmfestaachen.com\/en\/programm\/mad-god\/","og_locale":"en_US","og_type":"article","og_title":"Mad God - Filmfest Aachen","og_description":"+ CUTS LIVE PODCAST Mad God is a stop-motion fever dream, crafted over a 30 year span by legendary effects artist Phil Tippett (Star Wars, Robocop). The film plunges into a decaying, post-apocalyptic underworld ruled by machines and creatures. Mad God is a visceral descent into madness, built frame by frame with obsessive detail. It\u2019s [&hellip;]","og_url":"https:\/\/filmfestaachen.com\/en\/programm\/mad-god\/","og_site_name":"Filmfest Aachen","article_modified_time":"2025-08-23T17:06:14+00:00","og_image":[{"width":1198,"height":675,"url":"https:\/\/filmfestaachen.com\/wp-content\/uploads\/2025\/08\/101120210104.jpg","type":"image\/jpeg"}],"twitter_card":"summary_large_image","twitter_misc":{"Est. reading time":"3 minutes"},"schema":{"@context":"https:\/\/schema.org","@graph":[{"@type":"WebPage","@id":"https:\/\/filmfestaachen.com\/programm\/mad-god\/","url":"https:\/\/filmfestaachen.com\/programm\/mad-god\/","name":"Mad God - Filmfest Aachen","isPartOf":{"@id":"https:\/\/filmfestaachen.com\/#website"},"primaryImageOfPage":{"@id":"https:\/\/filmfestaachen.com\/programm\/mad-god\/#primaryimage"},"image":{"@id":"https:\/\/filmfestaachen.com\/programm\/mad-god\/#primaryimage"},"thumbnailUrl":"https:\/\/filmfestaachen.com\/wp-content\/uploads\/2025\/08\/101120210104-1024x577.jpg","datePublished":"2025-08-14T22:46:20+00:00","dateModified":"2025-08-23T17:06:14+00:00","breadcrumb":{"@id":"https:\/\/filmfestaachen.com\/programm\/mad-god\/#breadcrumb"},"inLanguage":"en-US","potentialAction":[{"@type":"ReadAction","target":["https:\/\/filmfestaachen.com\/programm\/mad-god\/"]}]},{"@type":"ImageObject","inLanguage":"en-US","@id":"https:\/\/filmfestaachen.com\/programm\/mad-god\/#primaryimage","url":"https:\/\/filmfestaachen.com\/wp-content\/uploads\/2025\/08\/101120210104-1024x577.jpg","contentUrl":"https:\/\/filmfestaachen.com\/wp-content\/uploads\/2025\/08\/101120210104-1024x577.jpg"},{"@type":"BreadcrumbList","@id":"https:\/\/filmfestaachen.com\/programm\/mad-god\/#breadcrumb","itemListElement":[{"@type":"ListItem","position":1,"name":"Startseite","item":"https:\/\/filmfestaachen.com\/"},{"@type":"ListItem","position":2,"name":"Programm","item":"https:\/\/filmfestaachen.com\/programm\/"},{"@type":"ListItem","position":3,"name":"Mad God"}]},{"@type":"WebSite","@id":"https:\/\/filmfestaachen.com\/#website","url":"https:\/\/filmfestaachen.com\/","name":"Filmfest Aachen","description":"Filmkultur auf Augenh\u00f6he!","publisher":{"@id":"https:\/\/filmfestaachen.com\/#organization"},"potentialAction":[{"@type":"SearchAction","target":{"@type":"EntryPoint","urlTemplate":"https:\/\/filmfestaachen.com\/?s={search_term_string}"},"query-input":{"@type":"PropertyValueSpecification","valueRequired":true,"valueName":"search_term_string"}}],"inLanguage":"en-US"},{"@type":"Organization","@id":"https:\/\/filmfestaachen.com\/#organization","name":"Filmfest Aachen","url":"https:\/\/filmfestaachen.com\/","logo":{"@type":"ImageObject","inLanguage":"en-US","@id":"https:\/\/filmfestaachen.com\/#\/schema\/logo\/image\/","url":"https:\/\/filmfestaachen.com\/wp-content\/uploads\/2024\/07\/FFAWhite.png","contentUrl":"https:\/\/filmfestaachen.com\/wp-content\/uploads\/2024\/07\/FFAWhite.png","width":937,"height":633,"caption":"Filmfest Aachen"},"image":{"@id":"https:\/\/filmfestaachen.com\/#\/schema\/logo\/image\/"},"sameAs":["https:\/\/www.instagram.com\/filmfestaachen\/","https:\/\/letterboxd.com\/filmfestaachen\/"]}]}},"_links":{"self":[{"href":"https:\/\/filmfestaachen.com\/en\/wp-json\/wp\/v2\/pages\/667","targetHints":{"allow":["GET"]}}],"collection":[{"href":"https:\/\/filmfestaachen.com\/en\/wp-json\/wp\/v2\/pages"}],"about":[{"href":"https:\/\/filmfestaachen.com\/en\/wp-json\/wp\/v2\/types\/page"}],"author":[{"embeddable":true,"href":"https:\/\/filmfestaachen.com\/en\/wp-json\/wp\/v2\/users\/2"}],"replies":[{"embeddable":true,"href":"https:\/\/filmfestaachen.com\/en\/wp-json\/wp\/v2\/comments?post=667"}],"version-history":[{"count":0,"href":"https:\/\/filmfestaachen.com\/en\/wp-json\/wp\/v2\/pages\/667\/revisions"}],"up":[{"embeddable":true,"href":"https:\/\/filmfestaachen.com\/en\/wp-json\/wp\/v2\/pages\/596"}],"wp:attachment":[{"href":"https:\/\/filmfestaachen.com\/en\/wp-json\/wp\/v2\/media?parent=667"}],"curies":[{"name":"wp","href":"https:\/\/api.w.org\/{rel}","templated":true}]}}