{"id":676,"date":"2025-08-15T00:50:42","date_gmt":"2025-08-14T22:50:42","guid":{"rendered":"https:\/\/filmfestaachen.com\/?page_id=676"},"modified":"2025-08-23T12:30:15","modified_gmt":"2025-08-23T10:30:15","slug":"born-in-flames","status":"publish","type":"page","link":"https:\/\/filmfestaachen.com\/en\/programm\/born-in-flames\/","title":{"rendered":"Born in Flames"},"content":{"rendered":"<div data-elementor-type=\"wp-page\" data-elementor-id=\"676\" class=\"elementor elementor-676\">\n\t\t\t\t<div class=\"elementor-element elementor-element-4b3576b e-flex e-con-boxed e-con e-parent\" data-id=\"4b3576b\" data-element_type=\"container\">\n\t\t\t\t\t<div class=\"e-con-inner\">\n\t\t\t\t<div class=\"elementor-element elementor-element-9b44e1f elementor-widget elementor-widget-heading\" data-id=\"9b44e1f\" data-element_type=\"widget\" data-widget_type=\"heading.default\">\n\t\t\t\t<div class=\"elementor-widget-container\">\n\t\t\t\t\t<h2 class=\"elementor-heading-title elementor-size-default\">SPECIAL SCREENING: REMEMBERING FUTURE<\/h2>\t\t\t\t<\/div>\n\t\t\t\t<\/div>\n\t\t\t\t\t<\/div>\n\t\t\t\t<\/div>\n\t\t<div class=\"elementor-element elementor-element-ec266dd e-flex e-con-boxed e-con e-parent\" data-id=\"ec266dd\" data-element_type=\"container\">\n\t\t\t\t\t<div class=\"e-con-inner\">\n\t\t\t\t<div class=\"elementor-element elementor-element-fa29ccf elementor-widget elementor-widget-image\" data-id=\"fa29ccf\" data-element_type=\"widget\" data-widget_type=\"image.default\">\n\t\t\t\t<div class=\"elementor-widget-container\">\n\t\t\t\t\t\t\t\t\t\t\t\t\t\t\t<img fetchpriority=\"high\" decoding=\"async\" width=\"1024\" height=\"768\" src=\"https:\/\/filmfestaachen.com\/wp-content\/uploads\/2025\/08\/46-1024x768.png\" class=\"attachment-large size-large wp-image-809\" alt=\"\" srcset=\"https:\/\/filmfestaachen.com\/wp-content\/uploads\/2025\/08\/46-1024x768.png 1024w, https:\/\/filmfestaachen.com\/wp-content\/uploads\/2025\/08\/46-300x225.png 300w, https:\/\/filmfestaachen.com\/wp-content\/uploads\/2025\/08\/46-768x576.png 768w, https:\/\/filmfestaachen.com\/wp-content\/uploads\/2025\/08\/46-16x12.png 16w, https:\/\/filmfestaachen.com\/wp-content\/uploads\/2025\/08\/46-1320x990.png 1320w, https:\/\/filmfestaachen.com\/wp-content\/uploads\/2025\/08\/46.png 1440w\" sizes=\"(max-width: 1024px) 100vw, 1024px\" \/>\t\t\t\t\t\t\t\t\t\t\t\t\t\t\t<\/div>\n\t\t\t\t<\/div>\n\t\t\t\t\t<\/div>\n\t\t\t\t<\/div>\n\t\t<div class=\"elementor-element elementor-element-6bec1bf e-flex e-con-boxed e-con e-parent\" data-id=\"6bec1bf\" data-element_type=\"container\">\n\t\t\t\t\t<div class=\"e-con-inner\">\n\t\t\t\t<div class=\"elementor-element elementor-element-ea12b0b elementor-widget elementor-widget-text-editor\" data-id=\"ea12b0b\" data-element_type=\"widget\" data-widget_type=\"text-editor.default\">\n\t\t\t\t<div class=\"elementor-widget-container\">\n\t\t\t\t\t\t\t\t\t<p class=\"cvGsUA direction-ltr align-justify para-style-body\"><span style=\"color: #ff0000;\"><span class=\"a_GcMg font-feature-liga-off font-feature-clig-off font-feature-calt-off text-decoration-none text-strikethrough-none\">The Beginning of the End, or the End of the Beginning? This year, our focus is Resistance \u2013<\/span> <span class=\"a_GcMg font-feature-liga-off font-feature-clig-off font-feature-calt-off text-decoration-none text-strikethrough-none\">and what comes after it: Dystopia. Our two curated sections, Fragments of Resistance and <strong>Abseits: Dystopia<\/strong>, are bridged by one pivotal film: <\/span><strong><span class=\"a_GcMg font-feature-liga-off font-feature-clig-off font-feature-calt-off text-decoration-none text-strikethrough-none\">Born in Flames<\/span><\/strong><span class=\"a_GcMg font-feature-liga-off font-feature-clig-off font-feature-calt-off text-decoration-none text-strikethrough-none\"><strong>.<\/strong> Lizzie Borden\u2019s visionary work imagines a world ten years after a peaceful socialist revolution. But what happens after the revolution, when the banners are gone and the system claims to be just? The film shows us what remains: patriarchy, economic inequality, the continued oppression of women, queer and trans people. Freedom is promised, but not delivered.<\/span><\/span><\/p><p class=\"cvGsUA direction-ltr align-justify para-style-body\"><span style=\"color: #ff0000;\"><span class=\"a_GcMg font-feature-liga-off font-feature-clig-off font-feature-calt-off text-decoration-none text-strikethrough-none\">Led by black lesbian working-class women, a new movement rises. Not to tear down what was \u2013 but to demand the liberation that was never granted. <\/span><strong><span class=\"a_GcMg font-feature-liga-off font-feature-clig-off font-feature-calt-off text-decoration-none text-strikethrough-none\">Born in Flames<\/span><\/strong><span class=\"a_GcMg font-feature-liga-off font-feature-clig-off font-feature-calt-off text-decoration-none text-strikethrough-none\"> offers a radical vision of intersectional revolution: one that doesn\u2019t stop at regime change but reshapes the very fabric of society.<\/span><\/span><\/p><p class=\"cvGsUA direction-ltr align-justify para-style-body\"><span style=\"color: #ff0000;\"><span class=\"a_GcMg font-feature-liga-off font-feature-clig-off font-feature-calt-off text-decoration-none text-strikethrough-none\">If Fragments of Resistance is about memory and struggle, and Abseits: Dystopia warns of the future we&#8217;re complicit in creating, then <\/span><span class=\"a_GcMg font-feature-liga-off font-feature-clig-off font-feature-calt-off text-decoration-none text-strikethrough-none\">Born in Flames<\/span><span class=\"a_GcMg font-feature-liga-off font-feature-clig-off font-feature-calt-off text-decoration-none text-strikethrough-none\"> is their convergence \u2013 a story of resisting dystopia from within, of imagining otherwise in a world that insists we cannot. This is not just the end. This might be the beginning \u2013 again.<\/span><\/span><\/p><p>\u00a0<\/p><div><div><div><p><span style=\"color: #ff0000;\">Der Anfang vom Ende \u2013 oder das Ende vom Anfang? In diesem Jahr liegt unser Fokus auf Widerstand \u2013 und auf dem, was danach kommt: der Dystopie. Unsere beiden kuratierten Sektionen, Fragments of Resistance und <strong>ABSEITS: Dystopia<\/strong>, werden durch einen zentralen Film miteinander verbunden: Born in Flames. Lizzie Bordens vision\u00e4res Werk entwirft eine Welt zehn Jahre nach einer friedlichen sozialistischen Revolution. Doch was passiert nach der Revolution, wenn die Fahnen eingerollt sind und das System sich selbst f\u00fcr gerecht erkl\u00e4rt? Der Film zeigt, was bleibt: Patriarchat, \u00f6konomische Ungleichheit, die fortgesetzte Unterdr\u00fcckung von Frauen, Queers und trans Personen. Freiheit wird versprochen \u2013 aber nicht eingel\u00f6st.<\/span><\/p><\/div><div><p><span style=\"color: #ff0000;\">Angef\u00fchrt von Schwarzen lesbischen Arbeiterinnen entsteht eine neue Bewegung. Nicht, um das Alte einfach niederzurei\u00dfen, sondern um die Befreiung einzufordern, die nie verwirklicht wurde. Born in Flames entwirft eine radikale Vision einer intersektionalen Revolution \u2013 eine, die nicht bei einem Systemwechsel stehen bleibt, sondern die Gesellschaft grundlegend neu denkt.<\/span><\/p><\/div><div><p><span style=\"color: #ff0000;\">Wenn <strong>Fragments of Resistance<\/strong> sich mit Erinnerung und Widerstand besch\u00e4ftigt und <strong>ABSEITS: Dystopia<\/strong> vor der Zukunft warnt, an deren Entstehung wir alle mitwirken, dann ist <strong>Born in Flames<\/strong> ihr Schnittpunkt \u2013 eine Geschichte des Widerstands gegen die Dystopie, von Gegenentw\u00fcrfen in einer Welt, die uns glauben machen will, dass es keine Alternativen gibt. Das ist nicht einfach das Ende. Es k\u00f6nnte ein neuer Anfang sein.<\/span><\/p><\/div><\/div><\/div>\t\t\t\t\t\t\t\t<\/div>\n\t\t\t\t<\/div>\n\t\t\t\t\t<\/div>\n\t\t\t\t<\/div>\n\t\t<div class=\"elementor-element elementor-element-17fbe54 e-flex e-con-boxed e-con e-parent\" data-id=\"17fbe54\" data-element_type=\"container\">\n\t\t\t\t\t<div class=\"e-con-inner\">\n\t\t\t\t<div class=\"elementor-element elementor-element-b52f47c elementor-align-center elementor-widget elementor-widget-button\" data-id=\"b52f47c\" data-element_type=\"widget\" data-widget_type=\"button.default\">\n\t\t\t\t<div class=\"elementor-widget-container\">\n\t\t\t\t\t\t\t\t\t<div class=\"elementor-button-wrapper\">\n\t\t\t\t\t<a class=\"elementor-button elementor-button-link elementor-size-sm\" href=\"https:\/\/rausgegangen.de\/events\/born-in-flames-filmfest-aachen-2025-0\/\">\n\t\t\t\t\t\t<span class=\"elementor-button-content-wrapper\">\n\t\t\t\t\t\t<span class=\"elementor-button-icon\">\n\t\t\t\t<svg aria-hidden=\"true\" class=\"e-font-icon-svg e-fas-ticket-alt\" viewbox=\"0 0 576 512\" xmlns=\"http:\/\/www.w3.org\/2000\/svg\"><path d=\"M128 160h320v192H128V160zm400 96c0 26.51 21.49 48 48 48v96c0 26.51-21.49 48-48 48H48c-26.51 0-48-21.49-48-48v-96c26.51 0 48-21.49 48-48s-21.49-48-48-48v-96c0-26.51 21.49-48 48-48h480c26.51 0 48 21.49 48 48v96c-26.51 0-48 21.49-48 48zm-48-104c0-13.255-10.745-24-24-24H120c-13.255 0-24 10.745-24 24v208c0 13.255 10.745 24 24 24h336c13.255 0 24-10.745 24-24V152z\"><\/path><\/svg>\t\t\t<\/span>\n\t\t\t\t\t\t\t\t\t<span class=\"elementor-button-text\">TICKETS<\/span>\n\t\t\t\t\t<\/span>\n\t\t\t\t\t<\/a>\n\t\t\t\t<\/div>\n\t\t\t\t\t\t\t\t<\/div>\n\t\t\t\t<\/div>\n\t\t\t\t\t<\/div>\n\t\t\t\t<\/div>\n\t\t<div class=\"elementor-element elementor-element-8d6b354 e-flex e-con-boxed e-con e-parent\" data-id=\"8d6b354\" data-element_type=\"container\">\n\t\t\t\t\t<div class=\"e-con-inner\">\n\t\t\t\t<div class=\"elementor-element elementor-element-d7e592b elementor-widget elementor-widget-video\" data-id=\"d7e592b\" data-element_type=\"widget\" data-settings=\"{&quot;youtube_url&quot;:&quot;https:\\\/\\\/youtu.be\\\/qQnYxdXbaY4&quot;,&quot;video_type&quot;:&quot;youtube&quot;,&quot;controls&quot;:&quot;yes&quot;}\" data-widget_type=\"video.default\">\n\t\t\t\t<div class=\"elementor-widget-container\">\n\t\t\t\t\t\t\t<div class=\"elementor-wrapper elementor-open-inline\">\n\t\t\t<div class=\"elementor-video\"><\/div>\t\t<\/div>\n\t\t\t\t\t\t<\/div>\n\t\t\t\t<\/div>\n\t\t\t\t\t<\/div>\n\t\t\t\t<\/div>\n\t\t\t\t<\/div>","protected":false},"excerpt":{"rendered":"<p>SPECIAL SCREENING: REMEMBERING FUTURE The Beginning of the End, or the End of the Beginning? This year, our focus is Resistance \u2013 and what comes after it: Dystopia. Our two curated sections, Fragments of Resistance and Abseits: Dystopia, are bridged by one pivotal film: Born in Flames. Lizzie Borden\u2019s visionary work imagines a world ten [&hellip;]<\/p>","protected":false},"author":2,"featured_media":0,"parent":596,"menu_order":0,"comment_status":"closed","ping_status":"closed","template":"","meta":{"footnotes":""},"class_list":["post-676","page","type-page","status-publish","hentry"],"yoast_head":"<!-- This site is optimized with the Yoast SEO plugin v25.7 - https:\/\/yoast.com\/wordpress\/plugins\/seo\/ -->\n<title>Born in Flames - Filmfest Aachen<\/title>\n<meta name=\"robots\" content=\"index, follow, max-snippet:-1, max-image-preview:large, max-video-preview:-1\" \/>\n<link rel=\"canonical\" href=\"https:\/\/filmfestaachen.com\/en\/programm\/born-in-flames\/\" \/>\n<meta property=\"og:locale\" content=\"en_US\" \/>\n<meta property=\"og:type\" content=\"article\" \/>\n<meta property=\"og:title\" content=\"Born in Flames - Filmfest Aachen\" \/>\n<meta property=\"og:description\" content=\"SPECIAL SCREENING: REMEMBERING FUTURE The Beginning of the End, or the End of the Beginning? This year, our focus is Resistance \u2013 and what comes after it: Dystopia. Our two curated sections, Fragments of Resistance and Abseits: Dystopia, are bridged by one pivotal film: Born in Flames. Lizzie Borden\u2019s visionary work imagines a world ten [&hellip;]\" \/>\n<meta property=\"og:url\" content=\"https:\/\/filmfestaachen.com\/en\/programm\/born-in-flames\/\" \/>\n<meta property=\"og:site_name\" content=\"Filmfest Aachen\" \/>\n<meta property=\"article:modified_time\" content=\"2025-08-23T10:30:15+00:00\" \/>\n<meta property=\"og:image\" content=\"https:\/\/filmfestaachen.com\/wp-content\/uploads\/2025\/08\/46.png\" \/>\n\t<meta property=\"og:image:width\" content=\"1440\" \/>\n\t<meta property=\"og:image:height\" content=\"1080\" \/>\n\t<meta property=\"og:image:type\" content=\"image\/png\" \/>\n<meta name=\"twitter:card\" content=\"summary_large_image\" \/>\n<meta name=\"twitter:label1\" content=\"Est. reading time\" \/>\n\t<meta name=\"twitter:data1\" content=\"3 minutes\" \/>\n<script type=\"application\/ld+json\" class=\"yoast-schema-graph\">{\"@context\":\"https:\/\/schema.org\",\"@graph\":[{\"@type\":\"WebPage\",\"@id\":\"https:\/\/filmfestaachen.com\/programm\/born-in-flames\/\",\"url\":\"https:\/\/filmfestaachen.com\/programm\/born-in-flames\/\",\"name\":\"Born in Flames - Filmfest Aachen\",\"isPartOf\":{\"@id\":\"https:\/\/filmfestaachen.com\/#website\"},\"primaryImageOfPage\":{\"@id\":\"https:\/\/filmfestaachen.com\/programm\/born-in-flames\/#primaryimage\"},\"image\":{\"@id\":\"https:\/\/filmfestaachen.com\/programm\/born-in-flames\/#primaryimage\"},\"thumbnailUrl\":\"https:\/\/filmfestaachen.com\/wp-content\/uploads\/2025\/08\/46-1024x768.png\",\"datePublished\":\"2025-08-14T22:50:42+00:00\",\"dateModified\":\"2025-08-23T10:30:15+00:00\",\"breadcrumb\":{\"@id\":\"https:\/\/filmfestaachen.com\/programm\/born-in-flames\/#breadcrumb\"},\"inLanguage\":\"en-US\",\"potentialAction\":[{\"@type\":\"ReadAction\",\"target\":[\"https:\/\/filmfestaachen.com\/programm\/born-in-flames\/\"]}]},{\"@type\":\"ImageObject\",\"inLanguage\":\"en-US\",\"@id\":\"https:\/\/filmfestaachen.com\/programm\/born-in-flames\/#primaryimage\",\"url\":\"https:\/\/filmfestaachen.com\/wp-content\/uploads\/2025\/08\/46-1024x768.png\",\"contentUrl\":\"https:\/\/filmfestaachen.com\/wp-content\/uploads\/2025\/08\/46-1024x768.png\"},{\"@type\":\"BreadcrumbList\",\"@id\":\"https:\/\/filmfestaachen.com\/programm\/born-in-flames\/#breadcrumb\",\"itemListElement\":[{\"@type\":\"ListItem\",\"position\":1,\"name\":\"Startseite\",\"item\":\"https:\/\/filmfestaachen.com\/\"},{\"@type\":\"ListItem\",\"position\":2,\"name\":\"Programm\",\"item\":\"https:\/\/filmfestaachen.com\/programm\/\"},{\"@type\":\"ListItem\",\"position\":3,\"name\":\"Born in Flames\"}]},{\"@type\":\"WebSite\",\"@id\":\"https:\/\/filmfestaachen.com\/#website\",\"url\":\"https:\/\/filmfestaachen.com\/\",\"name\":\"Filmfest Aachen\",\"description\":\"Filmkultur auf Augenh\u00f6he!\",\"publisher\":{\"@id\":\"https:\/\/filmfestaachen.com\/#organization\"},\"potentialAction\":[{\"@type\":\"SearchAction\",\"target\":{\"@type\":\"EntryPoint\",\"urlTemplate\":\"https:\/\/filmfestaachen.com\/?s={search_term_string}\"},\"query-input\":{\"@type\":\"PropertyValueSpecification\",\"valueRequired\":true,\"valueName\":\"search_term_string\"}}],\"inLanguage\":\"en-US\"},{\"@type\":\"Organization\",\"@id\":\"https:\/\/filmfestaachen.com\/#organization\",\"name\":\"Filmfest Aachen\",\"url\":\"https:\/\/filmfestaachen.com\/\",\"logo\":{\"@type\":\"ImageObject\",\"inLanguage\":\"en-US\",\"@id\":\"https:\/\/filmfestaachen.com\/#\/schema\/logo\/image\/\",\"url\":\"https:\/\/filmfestaachen.com\/wp-content\/uploads\/2024\/07\/FFAWhite.png\",\"contentUrl\":\"https:\/\/filmfestaachen.com\/wp-content\/uploads\/2024\/07\/FFAWhite.png\",\"width\":937,\"height\":633,\"caption\":\"Filmfest Aachen\"},\"image\":{\"@id\":\"https:\/\/filmfestaachen.com\/#\/schema\/logo\/image\/\"},\"sameAs\":[\"https:\/\/www.instagram.com\/filmfestaachen\/\",\"https:\/\/letterboxd.com\/filmfestaachen\/\"]}]}<\/script>\n<!-- \/ Yoast SEO plugin. -->","yoast_head_json":{"title":"Born in Flames - Filmfest Aachen","robots":{"index":"index","follow":"follow","max-snippet":"max-snippet:-1","max-image-preview":"max-image-preview:large","max-video-preview":"max-video-preview:-1"},"canonical":"https:\/\/filmfestaachen.com\/en\/programm\/born-in-flames\/","og_locale":"en_US","og_type":"article","og_title":"Born in Flames - Filmfest Aachen","og_description":"SPECIAL SCREENING: REMEMBERING FUTURE The Beginning of the End, or the End of the Beginning? This year, our focus is Resistance \u2013 and what comes after it: Dystopia. Our two curated sections, Fragments of Resistance and Abseits: Dystopia, are bridged by one pivotal film: Born in Flames. Lizzie Borden\u2019s visionary work imagines a world ten [&hellip;]","og_url":"https:\/\/filmfestaachen.com\/en\/programm\/born-in-flames\/","og_site_name":"Filmfest Aachen","article_modified_time":"2025-08-23T10:30:15+00:00","og_image":[{"width":1440,"height":1080,"url":"https:\/\/filmfestaachen.com\/wp-content\/uploads\/2025\/08\/46.png","type":"image\/png"}],"twitter_card":"summary_large_image","twitter_misc":{"Est. reading time":"3 minutes"},"schema":{"@context":"https:\/\/schema.org","@graph":[{"@type":"WebPage","@id":"https:\/\/filmfestaachen.com\/programm\/born-in-flames\/","url":"https:\/\/filmfestaachen.com\/programm\/born-in-flames\/","name":"Born in Flames - Filmfest Aachen","isPartOf":{"@id":"https:\/\/filmfestaachen.com\/#website"},"primaryImageOfPage":{"@id":"https:\/\/filmfestaachen.com\/programm\/born-in-flames\/#primaryimage"},"image":{"@id":"https:\/\/filmfestaachen.com\/programm\/born-in-flames\/#primaryimage"},"thumbnailUrl":"https:\/\/filmfestaachen.com\/wp-content\/uploads\/2025\/08\/46-1024x768.png","datePublished":"2025-08-14T22:50:42+00:00","dateModified":"2025-08-23T10:30:15+00:00","breadcrumb":{"@id":"https:\/\/filmfestaachen.com\/programm\/born-in-flames\/#breadcrumb"},"inLanguage":"en-US","potentialAction":[{"@type":"ReadAction","target":["https:\/\/filmfestaachen.com\/programm\/born-in-flames\/"]}]},{"@type":"ImageObject","inLanguage":"en-US","@id":"https:\/\/filmfestaachen.com\/programm\/born-in-flames\/#primaryimage","url":"https:\/\/filmfestaachen.com\/wp-content\/uploads\/2025\/08\/46-1024x768.png","contentUrl":"https:\/\/filmfestaachen.com\/wp-content\/uploads\/2025\/08\/46-1024x768.png"},{"@type":"BreadcrumbList","@id":"https:\/\/filmfestaachen.com\/programm\/born-in-flames\/#breadcrumb","itemListElement":[{"@type":"ListItem","position":1,"name":"Startseite","item":"https:\/\/filmfestaachen.com\/"},{"@type":"ListItem","position":2,"name":"Programm","item":"https:\/\/filmfestaachen.com\/programm\/"},{"@type":"ListItem","position":3,"name":"Born in Flames"}]},{"@type":"WebSite","@id":"https:\/\/filmfestaachen.com\/#website","url":"https:\/\/filmfestaachen.com\/","name":"Filmfest Aachen","description":"Filmkultur auf Augenh\u00f6he!","publisher":{"@id":"https:\/\/filmfestaachen.com\/#organization"},"potentialAction":[{"@type":"SearchAction","target":{"@type":"EntryPoint","urlTemplate":"https:\/\/filmfestaachen.com\/?s={search_term_string}"},"query-input":{"@type":"PropertyValueSpecification","valueRequired":true,"valueName":"search_term_string"}}],"inLanguage":"en-US"},{"@type":"Organization","@id":"https:\/\/filmfestaachen.com\/#organization","name":"Filmfest Aachen","url":"https:\/\/filmfestaachen.com\/","logo":{"@type":"ImageObject","inLanguage":"en-US","@id":"https:\/\/filmfestaachen.com\/#\/schema\/logo\/image\/","url":"https:\/\/filmfestaachen.com\/wp-content\/uploads\/2024\/07\/FFAWhite.png","contentUrl":"https:\/\/filmfestaachen.com\/wp-content\/uploads\/2024\/07\/FFAWhite.png","width":937,"height":633,"caption":"Filmfest Aachen"},"image":{"@id":"https:\/\/filmfestaachen.com\/#\/schema\/logo\/image\/"},"sameAs":["https:\/\/www.instagram.com\/filmfestaachen\/","https:\/\/letterboxd.com\/filmfestaachen\/"]}]}},"_links":{"self":[{"href":"https:\/\/filmfestaachen.com\/en\/wp-json\/wp\/v2\/pages\/676","targetHints":{"allow":["GET"]}}],"collection":[{"href":"https:\/\/filmfestaachen.com\/en\/wp-json\/wp\/v2\/pages"}],"about":[{"href":"https:\/\/filmfestaachen.com\/en\/wp-json\/wp\/v2\/types\/page"}],"author":[{"embeddable":true,"href":"https:\/\/filmfestaachen.com\/en\/wp-json\/wp\/v2\/users\/2"}],"replies":[{"embeddable":true,"href":"https:\/\/filmfestaachen.com\/en\/wp-json\/wp\/v2\/comments?post=676"}],"version-history":[{"count":0,"href":"https:\/\/filmfestaachen.com\/en\/wp-json\/wp\/v2\/pages\/676\/revisions"}],"up":[{"embeddable":true,"href":"https:\/\/filmfestaachen.com\/en\/wp-json\/wp\/v2\/pages\/596"}],"wp:attachment":[{"href":"https:\/\/filmfestaachen.com\/en\/wp-json\/wp\/v2\/media?parent=676"}],"curies":[{"name":"wp","href":"https:\/\/api.w.org\/{rel}","templated":true}]}}