{"id":689,"date":"2025-08-15T00:51:15","date_gmt":"2025-08-14T22:51:15","guid":{"rendered":"https:\/\/filmfestaachen.com\/?page_id=689"},"modified":"2025-08-23T18:51:27","modified_gmt":"2025-08-23T16:51:27","slug":"hotspring-sharkattack","status":"publish","type":"page","link":"https:\/\/filmfestaachen.com\/en\/programm\/hotspring-sharkattack\/","title":{"rendered":"Hotspring SharkAttack"},"content":{"rendered":"<div data-elementor-type=\"wp-page\" data-elementor-id=\"689\" class=\"elementor elementor-689\">\n\t\t\t\t<div class=\"elementor-element elementor-element-2a6d317 e-flex e-con-boxed e-con e-parent\" data-id=\"2a6d317\" data-element_type=\"container\">\n\t\t\t\t\t<div class=\"e-con-inner\">\n\t\t\t\t<div class=\"elementor-element elementor-element-84d055d elementor-widget elementor-widget-image\" data-id=\"84d055d\" data-element_type=\"widget\" data-widget_type=\"image.default\">\n\t\t\t\t<div class=\"elementor-widget-container\">\n\t\t\t\t\t\t\t\t\t\t\t\t\t\t\t<img fetchpriority=\"high\" decoding=\"async\" width=\"1024\" height=\"576\" src=\"https:\/\/filmfestaachen.com\/wp-content\/uploads\/2025\/08\/NC25_Visions_Hotspring-SharkAttack_01_1920x1080-1024x576.png\" class=\"attachment-large size-large wp-image-811\" alt=\"\" srcset=\"https:\/\/filmfestaachen.com\/wp-content\/uploads\/2025\/08\/NC25_Visions_Hotspring-SharkAttack_01_1920x1080-1024x576.png 1024w, https:\/\/filmfestaachen.com\/wp-content\/uploads\/2025\/08\/NC25_Visions_Hotspring-SharkAttack_01_1920x1080-300x169.png 300w, https:\/\/filmfestaachen.com\/wp-content\/uploads\/2025\/08\/NC25_Visions_Hotspring-SharkAttack_01_1920x1080-768x432.png 768w, https:\/\/filmfestaachen.com\/wp-content\/uploads\/2025\/08\/NC25_Visions_Hotspring-SharkAttack_01_1920x1080-1536x864.png 1536w, https:\/\/filmfestaachen.com\/wp-content\/uploads\/2025\/08\/NC25_Visions_Hotspring-SharkAttack_01_1920x1080-18x10.png 18w, https:\/\/filmfestaachen.com\/wp-content\/uploads\/2025\/08\/NC25_Visions_Hotspring-SharkAttack_01_1920x1080-1320x743.png 1320w, https:\/\/filmfestaachen.com\/wp-content\/uploads\/2025\/08\/NC25_Visions_Hotspring-SharkAttack_01_1920x1080.png 1920w\" sizes=\"(max-width: 1024px) 100vw, 1024px\" \/>\t\t\t\t\t\t\t\t\t\t\t\t\t\t\t<\/div>\n\t\t\t\t<\/div>\n\t\t\t\t\t<\/div>\n\t\t\t\t<\/div>\n\t\t<div class=\"elementor-element elementor-element-7451711 e-flex e-con-boxed e-con e-parent\" data-id=\"7451711\" data-element_type=\"container\">\n\t\t\t\t\t<div class=\"e-con-inner\">\n\t\t\t\t<div class=\"elementor-element elementor-element-f5aa276 elementor-widget elementor-widget-text-editor\" data-id=\"f5aa276\" data-element_type=\"widget\" data-widget_type=\"text-editor.default\">\n\t\t\t\t<div class=\"elementor-widget-container\">\n\t\t\t\t\t\t\t\t\t<p><em><span style=\"color: #00ff00;\">Japan, 2024, 70 min, Morito Inoue, NRW Premiere<\/span><br \/><\/em><\/p>\t\t\t\t\t\t\t\t<\/div>\n\t\t\t\t<\/div>\n\t\t\t\t\t<\/div>\n\t\t\t\t<\/div>\n\t\t<div class=\"elementor-element elementor-element-27a2ef5 e-flex e-con-boxed e-con e-parent\" data-id=\"27a2ef5\" data-element_type=\"container\">\n\t\t\t\t\t<div class=\"e-con-inner\">\n\t\t\t\t<div class=\"elementor-element elementor-element-a70e212 elementor-widget elementor-widget-text-editor\" data-id=\"a70e212\" data-element_type=\"widget\" data-widget_type=\"text-editor.default\">\n\t\t\t\t<div class=\"elementor-widget-container\">\n\t\t\t\t\t\t\t\t\t<p><span style=\"color: #00ff00;\"><span class=\"a_GcMg font-feature-liga-off font-feature-clig-off font-feature-calt-off text-decoration-none text-strikethrough-none\">What if hotspring, but shark? An ancient shark species is awakened from its slumber by aggressive urban development. The mayor had planned to open a luxury wellness resort \u2013 yeah, not happening! Police, soldiers, even the U.S. military are helpless against the Onsen Shark. What sets <\/span><span class=\"a_GcMg font-feature-liga-off font-feature-clig-off font-feature-calt-off text-decoration-none text-strikethrough-none\">Hotspring SharkAttack<\/span><span class=\"a_GcMg font-feature-liga-off font-feature-clig-off font-feature-calt-off text-decoration-none text-strikethrough-none\"> apart from other trash-loving-cinema is its almost dialectical Looney Tunes logic, which not only subverts the B-movie genre itself but (hard to believe, we know) oozes anti-capitalism in every frame. <\/span><span class=\"a_GcMg font-feature-liga-off font-feature-clig-off font-feature-calt-off text-decoration-none text-strikethrough-none\">But luckily sharks can only swim in water&#8230; right?<\/span><\/span><\/p><p><span style=\"color: #00ff00;\">Funfact: Winner of the Paris Shark-Week-Festival \ud83d\ude42<\/span><\/p><p><span style=\"color: #00ff00;\"><span class=\"a_GcMg font-feature-liga-off font-feature-clig-off font-feature-calt-off text-decoration-none text-strikethrough-none\">Was wenn hei\u00dfe Quelle, aber Hai? Eine uralte Hai-Spezies wird durch aggressive Stadtentwicklung aus ihrem Schlummer geweckt. Der B\u00fcrgermeister wollte eigentlich ein luxuri\u00f6ses Wellness-Resort er\u00f6ffnen \u2013 ja, daraus wird nichts! Polizei, Soldaten, sogar das US-Milit\u00e4r sind dem Onsen-Shark hilflos ausgeliefert. Was <\/span><span class=\"a_GcMg font-feature-liga-off font-feature-clig-off font-feature-calt-off text-decoration-none text-strikethrough-none\">Hotspring SharkAttack<\/span><span class=\"a_GcMg font-feature-liga-off font-feature-clig-off font-feature-calt-off text-decoration-none text-strikethrough-none\"> von anderen Trash-Perlen abhebt, ist seine beinahe dialektische Looney-Tunes-Logik, die nicht nur das B-Movie-Genre selbst subversiert, sondern der (wohl kaum zu glauben) aus jeder Pore Antikapitalismus quilt. <\/span><span class=\"a_GcMg font-feature-liga-off font-feature-clig-off font-feature-calt-off text-decoration-none text-strikethrough-none\">Aber zum Gl\u00fcck k\u00f6nnen Haie ja nur im Wasser schwimmen&#8230; oder?<\/span><\/span><\/p>\t\t\t\t\t\t\t\t<\/div>\n\t\t\t\t<\/div>\n\t\t\t\t\t<\/div>\n\t\t\t\t<\/div>\n\t\t<div class=\"elementor-element elementor-element-5bab5fb e-flex e-con-boxed e-con e-parent\" data-id=\"5bab5fb\" data-element_type=\"container\">\n\t\t\t\t\t<div class=\"e-con-inner\">\n\t\t\t\t<div class=\"elementor-element elementor-element-62fb977 elementor-align-center elementor-widget elementor-widget-button\" data-id=\"62fb977\" data-element_type=\"widget\" data-widget_type=\"button.default\">\n\t\t\t\t<div class=\"elementor-widget-container\">\n\t\t\t\t\t\t\t\t\t<div class=\"elementor-button-wrapper\">\n\t\t\t\t\t<a class=\"elementor-button elementor-button-link elementor-size-sm\" href=\"https:\/\/rausgegangen.de\/events\/hotspring-sharkattack-filmfest-aachen-2025-0\/\">\n\t\t\t\t\t\t<span class=\"elementor-button-content-wrapper\">\n\t\t\t\t\t\t<span class=\"elementor-button-icon\">\n\t\t\t\t<svg aria-hidden=\"true\" class=\"e-font-icon-svg e-fas-ticket-alt\" viewbox=\"0 0 576 512\" xmlns=\"http:\/\/www.w3.org\/2000\/svg\"><path d=\"M128 160h320v192H128V160zm400 96c0 26.51 21.49 48 48 48v96c0 26.51-21.49 48-48 48H48c-26.51 0-48-21.49-48-48v-96c26.51 0 48-21.49 48-48s-21.49-48-48-48v-96c0-26.51 21.49-48 48-48h480c26.51 0 48 21.49 48 48v96c-26.51 0-48 21.49-48 48zm-48-104c0-13.255-10.745-24-24-24H120c-13.255 0-24 10.745-24 24v208c0 13.255 10.745 24 24 24h336c13.255 0 24-10.745 24-24V152z\"><\/path><\/svg>\t\t\t<\/span>\n\t\t\t\t\t\t\t\t\t<span class=\"elementor-button-text\">TICKETS<\/span>\n\t\t\t\t\t<\/span>\n\t\t\t\t\t<\/a>\n\t\t\t\t<\/div>\n\t\t\t\t\t\t\t\t<\/div>\n\t\t\t\t<\/div>\n\t\t\t\t\t<\/div>\n\t\t\t\t<\/div>\n\t\t<div class=\"elementor-element elementor-element-c5156c4 e-flex e-con-boxed e-con e-parent\" data-id=\"c5156c4\" data-element_type=\"container\">\n\t\t\t\t\t<div class=\"e-con-inner\">\n\t\t\t\t<div class=\"elementor-element elementor-element-9579285 elementor-widget elementor-widget-text-editor\" data-id=\"9579285\" data-element_type=\"widget\" data-widget_type=\"text-editor.default\">\n\t\t\t\t<div class=\"elementor-widget-container\">\n\t\t\t\t\t\t\t\t\t<p style=\"text-align: center;\"><span style=\"color: #00ff00;\">Sa 06.09. 22:30 Apollo III<\/span><\/p>\t\t\t\t\t\t\t\t<\/div>\n\t\t\t\t<\/div>\n\t\t\t\t\t<\/div>\n\t\t\t\t<\/div>\n\t\t<div class=\"elementor-element elementor-element-747bfc7 e-flex e-con-boxed e-con e-parent\" data-id=\"747bfc7\" data-element_type=\"container\">\n\t\t\t\t\t<div class=\"e-con-inner\">\n\t\t\t\t<div class=\"elementor-element elementor-element-9445951 elementor-widget elementor-widget-video\" data-id=\"9445951\" data-element_type=\"widget\" data-settings=\"{&quot;youtube_url&quot;:&quot;https:\\\/\\\/www.youtube.com\\\/watch?v=I2LKbDwaQDQ&quot;,&quot;video_type&quot;:&quot;youtube&quot;,&quot;controls&quot;:&quot;yes&quot;}\" data-widget_type=\"video.default\">\n\t\t\t\t<div class=\"elementor-widget-container\">\n\t\t\t\t\t\t\t<div class=\"elementor-wrapper elementor-open-inline\">\n\t\t\t<div class=\"elementor-video\"><\/div>\t\t<\/div>\n\t\t\t\t\t\t<\/div>\n\t\t\t\t<\/div>\n\t\t\t\t\t<\/div>\n\t\t\t\t<\/div>\n\t\t\t\t<\/div>","protected":false},"excerpt":{"rendered":"<p>Japan, 2024, 70 min, Morito Inoue, NRW Premiere What if hotspring, but shark? An ancient shark species is awakened from its slumber by aggressive urban development. The mayor had planned to open a luxury wellness resort \u2013 yeah, not happening! Police, soldiers, even the U.S. military are helpless against the Onsen Shark. What sets Hotspring [&hellip;]<\/p>","protected":false},"author":2,"featured_media":0,"parent":596,"menu_order":0,"comment_status":"closed","ping_status":"closed","template":"","meta":{"footnotes":""},"class_list":["post-689","page","type-page","status-publish","hentry"],"yoast_head":"<!-- This site is optimized with the Yoast SEO plugin v25.7 - https:\/\/yoast.com\/wordpress\/plugins\/seo\/ -->\n<title>Hotspring SharkAttack - Filmfest Aachen<\/title>\n<meta name=\"description\" content=\"What if hotspring, but shark? An ancient shark species is awakened from its slumber by aggressive urban development.\" \/>\n<meta name=\"robots\" content=\"index, follow, max-snippet:-1, max-image-preview:large, max-video-preview:-1\" \/>\n<link rel=\"canonical\" href=\"https:\/\/filmfestaachen.com\/en\/programm\/hotspring-sharkattack\/\" \/>\n<meta property=\"og:locale\" content=\"en_US\" \/>\n<meta property=\"og:type\" content=\"article\" \/>\n<meta property=\"og:title\" content=\"Hotspring SharkAttack - Filmfest Aachen\" \/>\n<meta property=\"og:description\" content=\"What if hotspring, but shark? An ancient shark species is awakened from its slumber by aggressive urban development.\" \/>\n<meta property=\"og:url\" content=\"https:\/\/filmfestaachen.com\/en\/programm\/hotspring-sharkattack\/\" \/>\n<meta property=\"og:site_name\" content=\"Filmfest Aachen\" \/>\n<meta property=\"article:modified_time\" content=\"2025-08-23T16:51:27+00:00\" \/>\n<meta property=\"og:image\" content=\"https:\/\/filmfestaachen.com\/wp-content\/uploads\/2025\/08\/NC25_Visions_Hotspring-SharkAttack_01_1920x1080-1024x576.png\" \/>\n\t<meta property=\"og:image:width\" content=\"1024\" \/>\n\t<meta property=\"og:image:height\" content=\"576\" \/>\n\t<meta property=\"og:image:type\" content=\"image\/png\" \/>\n<meta name=\"twitter:card\" content=\"summary_large_image\" \/>\n<meta name=\"twitter:label1\" content=\"Est. reading time\" \/>\n\t<meta name=\"twitter:data1\" content=\"2 minutes\" \/>\n<script type=\"application\/ld+json\" class=\"yoast-schema-graph\">{\"@context\":\"https:\/\/schema.org\",\"@graph\":[{\"@type\":\"WebPage\",\"@id\":\"https:\/\/filmfestaachen.com\/programm\/hotspring-sharkattack\/\",\"url\":\"https:\/\/filmfestaachen.com\/programm\/hotspring-sharkattack\/\",\"name\":\"Hotspring SharkAttack - Filmfest Aachen\",\"isPartOf\":{\"@id\":\"https:\/\/filmfestaachen.com\/#website\"},\"primaryImageOfPage\":{\"@id\":\"https:\/\/filmfestaachen.com\/programm\/hotspring-sharkattack\/#primaryimage\"},\"image\":{\"@id\":\"https:\/\/filmfestaachen.com\/programm\/hotspring-sharkattack\/#primaryimage\"},\"thumbnailUrl\":\"https:\/\/filmfestaachen.com\/wp-content\/uploads\/2025\/08\/NC25_Visions_Hotspring-SharkAttack_01_1920x1080-1024x576.png\",\"datePublished\":\"2025-08-14T22:51:15+00:00\",\"dateModified\":\"2025-08-23T16:51:27+00:00\",\"description\":\"What if hotspring, but shark? An ancient shark species is awakened from its slumber by aggressive urban development.\",\"breadcrumb\":{\"@id\":\"https:\/\/filmfestaachen.com\/programm\/hotspring-sharkattack\/#breadcrumb\"},\"inLanguage\":\"en-US\",\"potentialAction\":[{\"@type\":\"ReadAction\",\"target\":[\"https:\/\/filmfestaachen.com\/programm\/hotspring-sharkattack\/\"]}]},{\"@type\":\"ImageObject\",\"inLanguage\":\"en-US\",\"@id\":\"https:\/\/filmfestaachen.com\/programm\/hotspring-sharkattack\/#primaryimage\",\"url\":\"https:\/\/filmfestaachen.com\/wp-content\/uploads\/2025\/08\/NC25_Visions_Hotspring-SharkAttack_01_1920x1080-1024x576.png\",\"contentUrl\":\"https:\/\/filmfestaachen.com\/wp-content\/uploads\/2025\/08\/NC25_Visions_Hotspring-SharkAttack_01_1920x1080-1024x576.png\"},{\"@type\":\"BreadcrumbList\",\"@id\":\"https:\/\/filmfestaachen.com\/programm\/hotspring-sharkattack\/#breadcrumb\",\"itemListElement\":[{\"@type\":\"ListItem\",\"position\":1,\"name\":\"Startseite\",\"item\":\"https:\/\/filmfestaachen.com\/\"},{\"@type\":\"ListItem\",\"position\":2,\"name\":\"Programm\",\"item\":\"https:\/\/filmfestaachen.com\/programm\/\"},{\"@type\":\"ListItem\",\"position\":3,\"name\":\"Hotspring SharkAttack\"}]},{\"@type\":\"WebSite\",\"@id\":\"https:\/\/filmfestaachen.com\/#website\",\"url\":\"https:\/\/filmfestaachen.com\/\",\"name\":\"Filmfest Aachen\",\"description\":\"Filmkultur auf Augenh\u00f6he!\",\"publisher\":{\"@id\":\"https:\/\/filmfestaachen.com\/#organization\"},\"potentialAction\":[{\"@type\":\"SearchAction\",\"target\":{\"@type\":\"EntryPoint\",\"urlTemplate\":\"https:\/\/filmfestaachen.com\/?s={search_term_string}\"},\"query-input\":{\"@type\":\"PropertyValueSpecification\",\"valueRequired\":true,\"valueName\":\"search_term_string\"}}],\"inLanguage\":\"en-US\"},{\"@type\":\"Organization\",\"@id\":\"https:\/\/filmfestaachen.com\/#organization\",\"name\":\"Filmfest Aachen\",\"url\":\"https:\/\/filmfestaachen.com\/\",\"logo\":{\"@type\":\"ImageObject\",\"inLanguage\":\"en-US\",\"@id\":\"https:\/\/filmfestaachen.com\/#\/schema\/logo\/image\/\",\"url\":\"https:\/\/filmfestaachen.com\/wp-content\/uploads\/2024\/07\/FFAWhite.png\",\"contentUrl\":\"https:\/\/filmfestaachen.com\/wp-content\/uploads\/2024\/07\/FFAWhite.png\",\"width\":937,\"height\":633,\"caption\":\"Filmfest Aachen\"},\"image\":{\"@id\":\"https:\/\/filmfestaachen.com\/#\/schema\/logo\/image\/\"},\"sameAs\":[\"https:\/\/www.instagram.com\/filmfestaachen\/\",\"https:\/\/letterboxd.com\/filmfestaachen\/\"]}]}<\/script>\n<!-- \/ Yoast SEO plugin. -->","yoast_head_json":{"title":"Hotspring SharkAttack - Filmfest Aachen","description":"What if hotspring, but shark? An ancient shark species is awakened from its slumber by aggressive urban development.","robots":{"index":"index","follow":"follow","max-snippet":"max-snippet:-1","max-image-preview":"max-image-preview:large","max-video-preview":"max-video-preview:-1"},"canonical":"https:\/\/filmfestaachen.com\/en\/programm\/hotspring-sharkattack\/","og_locale":"en_US","og_type":"article","og_title":"Hotspring SharkAttack - Filmfest Aachen","og_description":"What if hotspring, but shark? An ancient shark species is awakened from its slumber by aggressive urban development.","og_url":"https:\/\/filmfestaachen.com\/en\/programm\/hotspring-sharkattack\/","og_site_name":"Filmfest Aachen","article_modified_time":"2025-08-23T16:51:27+00:00","og_image":[{"width":1024,"height":576,"url":"https:\/\/filmfestaachen.com\/wp-content\/uploads\/2025\/08\/NC25_Visions_Hotspring-SharkAttack_01_1920x1080-1024x576.png","type":"image\/png"}],"twitter_card":"summary_large_image","twitter_misc":{"Est. reading time":"2 minutes"},"schema":{"@context":"https:\/\/schema.org","@graph":[{"@type":"WebPage","@id":"https:\/\/filmfestaachen.com\/programm\/hotspring-sharkattack\/","url":"https:\/\/filmfestaachen.com\/programm\/hotspring-sharkattack\/","name":"Hotspring SharkAttack - Filmfest Aachen","isPartOf":{"@id":"https:\/\/filmfestaachen.com\/#website"},"primaryImageOfPage":{"@id":"https:\/\/filmfestaachen.com\/programm\/hotspring-sharkattack\/#primaryimage"},"image":{"@id":"https:\/\/filmfestaachen.com\/programm\/hotspring-sharkattack\/#primaryimage"},"thumbnailUrl":"https:\/\/filmfestaachen.com\/wp-content\/uploads\/2025\/08\/NC25_Visions_Hotspring-SharkAttack_01_1920x1080-1024x576.png","datePublished":"2025-08-14T22:51:15+00:00","dateModified":"2025-08-23T16:51:27+00:00","description":"What if hotspring, but shark? An ancient shark species is awakened from its slumber by aggressive urban development.","breadcrumb":{"@id":"https:\/\/filmfestaachen.com\/programm\/hotspring-sharkattack\/#breadcrumb"},"inLanguage":"en-US","potentialAction":[{"@type":"ReadAction","target":["https:\/\/filmfestaachen.com\/programm\/hotspring-sharkattack\/"]}]},{"@type":"ImageObject","inLanguage":"en-US","@id":"https:\/\/filmfestaachen.com\/programm\/hotspring-sharkattack\/#primaryimage","url":"https:\/\/filmfestaachen.com\/wp-content\/uploads\/2025\/08\/NC25_Visions_Hotspring-SharkAttack_01_1920x1080-1024x576.png","contentUrl":"https:\/\/filmfestaachen.com\/wp-content\/uploads\/2025\/08\/NC25_Visions_Hotspring-SharkAttack_01_1920x1080-1024x576.png"},{"@type":"BreadcrumbList","@id":"https:\/\/filmfestaachen.com\/programm\/hotspring-sharkattack\/#breadcrumb","itemListElement":[{"@type":"ListItem","position":1,"name":"Startseite","item":"https:\/\/filmfestaachen.com\/"},{"@type":"ListItem","position":2,"name":"Programm","item":"https:\/\/filmfestaachen.com\/programm\/"},{"@type":"ListItem","position":3,"name":"Hotspring SharkAttack"}]},{"@type":"WebSite","@id":"https:\/\/filmfestaachen.com\/#website","url":"https:\/\/filmfestaachen.com\/","name":"Filmfest Aachen","description":"Filmkultur auf Augenh\u00f6he!","publisher":{"@id":"https:\/\/filmfestaachen.com\/#organization"},"potentialAction":[{"@type":"SearchAction","target":{"@type":"EntryPoint","urlTemplate":"https:\/\/filmfestaachen.com\/?s={search_term_string}"},"query-input":{"@type":"PropertyValueSpecification","valueRequired":true,"valueName":"search_term_string"}}],"inLanguage":"en-US"},{"@type":"Organization","@id":"https:\/\/filmfestaachen.com\/#organization","name":"Filmfest Aachen","url":"https:\/\/filmfestaachen.com\/","logo":{"@type":"ImageObject","inLanguage":"en-US","@id":"https:\/\/filmfestaachen.com\/#\/schema\/logo\/image\/","url":"https:\/\/filmfestaachen.com\/wp-content\/uploads\/2024\/07\/FFAWhite.png","contentUrl":"https:\/\/filmfestaachen.com\/wp-content\/uploads\/2024\/07\/FFAWhite.png","width":937,"height":633,"caption":"Filmfest Aachen"},"image":{"@id":"https:\/\/filmfestaachen.com\/#\/schema\/logo\/image\/"},"sameAs":["https:\/\/www.instagram.com\/filmfestaachen\/","https:\/\/letterboxd.com\/filmfestaachen\/"]}]}},"_links":{"self":[{"href":"https:\/\/filmfestaachen.com\/en\/wp-json\/wp\/v2\/pages\/689","targetHints":{"allow":["GET"]}}],"collection":[{"href":"https:\/\/filmfestaachen.com\/en\/wp-json\/wp\/v2\/pages"}],"about":[{"href":"https:\/\/filmfestaachen.com\/en\/wp-json\/wp\/v2\/types\/page"}],"author":[{"embeddable":true,"href":"https:\/\/filmfestaachen.com\/en\/wp-json\/wp\/v2\/users\/2"}],"replies":[{"embeddable":true,"href":"https:\/\/filmfestaachen.com\/en\/wp-json\/wp\/v2\/comments?post=689"}],"version-history":[{"count":0,"href":"https:\/\/filmfestaachen.com\/en\/wp-json\/wp\/v2\/pages\/689\/revisions"}],"up":[{"embeddable":true,"href":"https:\/\/filmfestaachen.com\/en\/wp-json\/wp\/v2\/pages\/596"}],"wp:attachment":[{"href":"https:\/\/filmfestaachen.com\/en\/wp-json\/wp\/v2\/media?parent=689"}],"curies":[{"name":"wp","href":"https:\/\/api.w.org\/{rel}","templated":true}]}}