{"id":697,"date":"2025-08-15T00:54:13","date_gmt":"2025-08-14T22:54:13","guid":{"rendered":"https:\/\/filmfestaachen.com\/?page_id=697"},"modified":"2025-08-23T12:49:58","modified_gmt":"2025-08-23T10:49:58","slug":"chrysanthemum","status":"publish","type":"page","link":"https:\/\/filmfestaachen.com\/en\/programm\/chrysanthemum\/","title":{"rendered":"Chrysanthemum"},"content":{"rendered":"<div data-elementor-type=\"wp-page\" data-elementor-id=\"697\" class=\"elementor elementor-697\">\n\t\t\t\t<div class=\"elementor-element elementor-element-35c880f e-flex e-con-boxed e-con e-parent\" data-id=\"35c880f\" data-element_type=\"container\">\n\t\t\t\t\t<div class=\"e-con-inner\">\n\t\t\t\t<div class=\"elementor-element elementor-element-debe411 elementor-widget elementor-widget-image\" data-id=\"debe411\" data-element_type=\"widget\" data-widget_type=\"image.default\">\n\t\t\t\t<div class=\"elementor-widget-container\">\n\t\t\t\t\t\t\t\t\t\t\t\t\t\t\t<img fetchpriority=\"high\" decoding=\"async\" width=\"400\" height=\"225\" src=\"https:\/\/filmfestaachen.com\/wp-content\/uploads\/2025\/08\/chrysanthemum.webp\" class=\"attachment-large size-large wp-image-1315\" alt=\"\" srcset=\"https:\/\/filmfestaachen.com\/wp-content\/uploads\/2025\/08\/chrysanthemum.webp 400w, https:\/\/filmfestaachen.com\/wp-content\/uploads\/2025\/08\/chrysanthemum-300x169.webp 300w, https:\/\/filmfestaachen.com\/wp-content\/uploads\/2025\/08\/chrysanthemum-18x10.webp 18w\" sizes=\"(max-width: 400px) 100vw, 400px\" \/>\t\t\t\t\t\t\t\t\t\t\t\t\t\t\t<\/div>\n\t\t\t\t<\/div>\n\t\t\t\t\t<\/div>\n\t\t\t\t<\/div>\n\t\t<div class=\"elementor-element elementor-element-8a33377 e-flex e-con-boxed e-con e-parent\" data-id=\"8a33377\" data-element_type=\"container\">\n\t\t\t\t\t<div class=\"e-con-inner\">\n\t\t\t\t<div class=\"elementor-element elementor-element-cc943a2 elementor-widget elementor-widget-text-editor\" data-id=\"cc943a2\" data-element_type=\"widget\" data-widget_type=\"text-editor.default\">\n\t\t\t\t<div class=\"elementor-widget-container\">\n\t\t\t\t\t\t\t\t\t<p><span class=\"a_GcMg font-feature-liga-off font-feature-clig-off font-feature-calt-off text-decoration-none text-strikethrough-none\" style=\"color: #ff00ff;\">Germany, 2025, 9 min, Jingyuan Luo, English<\/span><\/p>\t\t\t\t\t\t\t\t<\/div>\n\t\t\t\t<\/div>\n\t\t\t\t\t<\/div>\n\t\t\t\t<\/div>\n\t\t<div class=\"elementor-element elementor-element-5d43bd5 e-flex e-con-boxed e-con e-parent\" data-id=\"5d43bd5\" data-element_type=\"container\">\n\t\t\t\t\t<div class=\"e-con-inner\">\n\t\t\t\t<div class=\"elementor-element elementor-element-c8c4fa7 elementor-widget elementor-widget-text-editor\" data-id=\"c8c4fa7\" data-element_type=\"widget\" data-widget_type=\"text-editor.default\">\n\t\t\t\t<div class=\"elementor-widget-container\">\n\t\t\t\t\t\t\t\t\t<p><span class=\"a_GcMg font-feature-liga-off font-feature-clig-off font-feature-calt-off text-decoration-none text-strikethrough-none\" style=\"color: #ff00ff;\">Over and over again, the filmmaker\u2019s mind wanders to one of the many \u2018suicide jumpers\u2019 during the lockdowns in China, although she now lives far away. Deeply personal and fragile, the film reflects on trauma and takes us along an artist\u2019s search for a way to cope.<\/span><\/p><p><span class=\"a_GcMg font-feature-liga-off font-feature-clig-off font-feature-calt-off text-decoration-none text-strikethrough-none\" style=\"color: #ff00ff;\">Immer wieder schweifen die Gedanken der Filmemacherin zu einem der vielen Selbstmorde, die sich w\u00e4hrend der Lockdowns in China ereigneten, obwohl sie jetzt weit weg lebt. Zutiefst pers\u00f6nlich und zerbrechlich, nimmt der Film uns mit auf die Suche einer K\u00fcnstlerin nach einem Weg, damit umzugehen.<\/span><\/p>\t\t\t\t\t\t\t\t<\/div>\n\t\t\t\t<\/div>\n\t\t\t\t\t<\/div>\n\t\t\t\t<\/div>\n\t\t\t\t<\/div>","protected":false},"excerpt":{"rendered":"<p>Germany, 2025, 9 min, Jingyuan Luo, English Over and over again, the filmmaker\u2019s mind wanders to one of the many \u2018suicide jumpers\u2019 during the lockdowns in China, although she now lives far away. Deeply personal and fragile, the film reflects on trauma and takes us along an artist\u2019s search for a way to cope. Immer [&hellip;]<\/p>","protected":false},"author":2,"featured_media":0,"parent":596,"menu_order":0,"comment_status":"closed","ping_status":"closed","template":"","meta":{"footnotes":""},"class_list":["post-697","page","type-page","status-publish","hentry"],"yoast_head":"<!-- This site is optimized with the Yoast SEO plugin v25.7 - https:\/\/yoast.com\/wordpress\/plugins\/seo\/ -->\n<title>Chrysanthemum - Filmfest Aachen<\/title>\n<meta name=\"robots\" content=\"index, follow, max-snippet:-1, max-image-preview:large, max-video-preview:-1\" \/>\n<link rel=\"canonical\" href=\"https:\/\/filmfestaachen.com\/en\/programm\/chrysanthemum\/\" \/>\n<meta property=\"og:locale\" content=\"en_US\" \/>\n<meta property=\"og:type\" content=\"article\" \/>\n<meta property=\"og:title\" content=\"Chrysanthemum - Filmfest Aachen\" \/>\n<meta property=\"og:description\" content=\"Germany, 2025, 9 min, Jingyuan Luo, English Over and over again, the filmmaker\u2019s mind wanders to one of the many \u2018suicide jumpers\u2019 during the lockdowns in China, although she now lives far away. Deeply personal and fragile, the film reflects on trauma and takes us along an artist\u2019s search for a way to cope. Immer [&hellip;]\" \/>\n<meta property=\"og:url\" content=\"https:\/\/filmfestaachen.com\/en\/programm\/chrysanthemum\/\" \/>\n<meta property=\"og:site_name\" content=\"Filmfest Aachen\" \/>\n<meta property=\"article:modified_time\" content=\"2025-08-23T10:49:58+00:00\" \/>\n<meta property=\"og:image\" content=\"https:\/\/filmfestaachen.com\/wp-content\/uploads\/2025\/08\/chrysanthemum.webp\" \/>\n\t<meta property=\"og:image:width\" content=\"400\" \/>\n\t<meta property=\"og:image:height\" content=\"225\" \/>\n\t<meta property=\"og:image:type\" content=\"image\/webp\" \/>\n<meta name=\"twitter:card\" content=\"summary_large_image\" \/>\n<meta name=\"twitter:label1\" content=\"Est. reading time\" \/>\n\t<meta name=\"twitter:data1\" content=\"1 minute\" \/>\n<script type=\"application\/ld+json\" class=\"yoast-schema-graph\">{\"@context\":\"https:\/\/schema.org\",\"@graph\":[{\"@type\":\"WebPage\",\"@id\":\"https:\/\/filmfestaachen.com\/programm\/chrysanthemum\/\",\"url\":\"https:\/\/filmfestaachen.com\/programm\/chrysanthemum\/\",\"name\":\"Chrysanthemum - Filmfest Aachen\",\"isPartOf\":{\"@id\":\"https:\/\/filmfestaachen.com\/#website\"},\"primaryImageOfPage\":{\"@id\":\"https:\/\/filmfestaachen.com\/programm\/chrysanthemum\/#primaryimage\"},\"image\":{\"@id\":\"https:\/\/filmfestaachen.com\/programm\/chrysanthemum\/#primaryimage\"},\"thumbnailUrl\":\"https:\/\/filmfestaachen.com\/wp-content\/uploads\/2025\/08\/chrysanthemum.webp\",\"datePublished\":\"2025-08-14T22:54:13+00:00\",\"dateModified\":\"2025-08-23T10:49:58+00:00\",\"breadcrumb\":{\"@id\":\"https:\/\/filmfestaachen.com\/programm\/chrysanthemum\/#breadcrumb\"},\"inLanguage\":\"en-US\",\"potentialAction\":[{\"@type\":\"ReadAction\",\"target\":[\"https:\/\/filmfestaachen.com\/programm\/chrysanthemum\/\"]}]},{\"@type\":\"ImageObject\",\"inLanguage\":\"en-US\",\"@id\":\"https:\/\/filmfestaachen.com\/programm\/chrysanthemum\/#primaryimage\",\"url\":\"https:\/\/filmfestaachen.com\/wp-content\/uploads\/2025\/08\/chrysanthemum.webp\",\"contentUrl\":\"https:\/\/filmfestaachen.com\/wp-content\/uploads\/2025\/08\/chrysanthemum.webp\"},{\"@type\":\"BreadcrumbList\",\"@id\":\"https:\/\/filmfestaachen.com\/programm\/chrysanthemum\/#breadcrumb\",\"itemListElement\":[{\"@type\":\"ListItem\",\"position\":1,\"name\":\"Startseite\",\"item\":\"https:\/\/filmfestaachen.com\/\"},{\"@type\":\"ListItem\",\"position\":2,\"name\":\"Programm\",\"item\":\"https:\/\/filmfestaachen.com\/programm\/\"},{\"@type\":\"ListItem\",\"position\":3,\"name\":\"Chrysanthemum\"}]},{\"@type\":\"WebSite\",\"@id\":\"https:\/\/filmfestaachen.com\/#website\",\"url\":\"https:\/\/filmfestaachen.com\/\",\"name\":\"Filmfest Aachen\",\"description\":\"Filmkultur auf Augenh\u00f6he!\",\"publisher\":{\"@id\":\"https:\/\/filmfestaachen.com\/#organization\"},\"potentialAction\":[{\"@type\":\"SearchAction\",\"target\":{\"@type\":\"EntryPoint\",\"urlTemplate\":\"https:\/\/filmfestaachen.com\/?s={search_term_string}\"},\"query-input\":{\"@type\":\"PropertyValueSpecification\",\"valueRequired\":true,\"valueName\":\"search_term_string\"}}],\"inLanguage\":\"en-US\"},{\"@type\":\"Organization\",\"@id\":\"https:\/\/filmfestaachen.com\/#organization\",\"name\":\"Filmfest Aachen\",\"url\":\"https:\/\/filmfestaachen.com\/\",\"logo\":{\"@type\":\"ImageObject\",\"inLanguage\":\"en-US\",\"@id\":\"https:\/\/filmfestaachen.com\/#\/schema\/logo\/image\/\",\"url\":\"https:\/\/filmfestaachen.com\/wp-content\/uploads\/2024\/07\/FFAWhite.png\",\"contentUrl\":\"https:\/\/filmfestaachen.com\/wp-content\/uploads\/2024\/07\/FFAWhite.png\",\"width\":937,\"height\":633,\"caption\":\"Filmfest Aachen\"},\"image\":{\"@id\":\"https:\/\/filmfestaachen.com\/#\/schema\/logo\/image\/\"},\"sameAs\":[\"https:\/\/www.instagram.com\/filmfestaachen\/\",\"https:\/\/letterboxd.com\/filmfestaachen\/\"]}]}<\/script>\n<!-- \/ Yoast SEO plugin. -->","yoast_head_json":{"title":"Chrysanthemum - Filmfest Aachen","robots":{"index":"index","follow":"follow","max-snippet":"max-snippet:-1","max-image-preview":"max-image-preview:large","max-video-preview":"max-video-preview:-1"},"canonical":"https:\/\/filmfestaachen.com\/en\/programm\/chrysanthemum\/","og_locale":"en_US","og_type":"article","og_title":"Chrysanthemum - Filmfest Aachen","og_description":"Germany, 2025, 9 min, Jingyuan Luo, English Over and over again, the filmmaker\u2019s mind wanders to one of the many \u2018suicide jumpers\u2019 during the lockdowns in China, although she now lives far away. Deeply personal and fragile, the film reflects on trauma and takes us along an artist\u2019s search for a way to cope. Immer [&hellip;]","og_url":"https:\/\/filmfestaachen.com\/en\/programm\/chrysanthemum\/","og_site_name":"Filmfest Aachen","article_modified_time":"2025-08-23T10:49:58+00:00","og_image":[{"width":400,"height":225,"url":"https:\/\/filmfestaachen.com\/wp-content\/uploads\/2025\/08\/chrysanthemum.webp","type":"image\/webp"}],"twitter_card":"summary_large_image","twitter_misc":{"Est. reading time":"1 minute"},"schema":{"@context":"https:\/\/schema.org","@graph":[{"@type":"WebPage","@id":"https:\/\/filmfestaachen.com\/programm\/chrysanthemum\/","url":"https:\/\/filmfestaachen.com\/programm\/chrysanthemum\/","name":"Chrysanthemum - Filmfest Aachen","isPartOf":{"@id":"https:\/\/filmfestaachen.com\/#website"},"primaryImageOfPage":{"@id":"https:\/\/filmfestaachen.com\/programm\/chrysanthemum\/#primaryimage"},"image":{"@id":"https:\/\/filmfestaachen.com\/programm\/chrysanthemum\/#primaryimage"},"thumbnailUrl":"https:\/\/filmfestaachen.com\/wp-content\/uploads\/2025\/08\/chrysanthemum.webp","datePublished":"2025-08-14T22:54:13+00:00","dateModified":"2025-08-23T10:49:58+00:00","breadcrumb":{"@id":"https:\/\/filmfestaachen.com\/programm\/chrysanthemum\/#breadcrumb"},"inLanguage":"en-US","potentialAction":[{"@type":"ReadAction","target":["https:\/\/filmfestaachen.com\/programm\/chrysanthemum\/"]}]},{"@type":"ImageObject","inLanguage":"en-US","@id":"https:\/\/filmfestaachen.com\/programm\/chrysanthemum\/#primaryimage","url":"https:\/\/filmfestaachen.com\/wp-content\/uploads\/2025\/08\/chrysanthemum.webp","contentUrl":"https:\/\/filmfestaachen.com\/wp-content\/uploads\/2025\/08\/chrysanthemum.webp"},{"@type":"BreadcrumbList","@id":"https:\/\/filmfestaachen.com\/programm\/chrysanthemum\/#breadcrumb","itemListElement":[{"@type":"ListItem","position":1,"name":"Startseite","item":"https:\/\/filmfestaachen.com\/"},{"@type":"ListItem","position":2,"name":"Programm","item":"https:\/\/filmfestaachen.com\/programm\/"},{"@type":"ListItem","position":3,"name":"Chrysanthemum"}]},{"@type":"WebSite","@id":"https:\/\/filmfestaachen.com\/#website","url":"https:\/\/filmfestaachen.com\/","name":"Filmfest Aachen","description":"Filmkultur auf Augenh\u00f6he!","publisher":{"@id":"https:\/\/filmfestaachen.com\/#organization"},"potentialAction":[{"@type":"SearchAction","target":{"@type":"EntryPoint","urlTemplate":"https:\/\/filmfestaachen.com\/?s={search_term_string}"},"query-input":{"@type":"PropertyValueSpecification","valueRequired":true,"valueName":"search_term_string"}}],"inLanguage":"en-US"},{"@type":"Organization","@id":"https:\/\/filmfestaachen.com\/#organization","name":"Filmfest Aachen","url":"https:\/\/filmfestaachen.com\/","logo":{"@type":"ImageObject","inLanguage":"en-US","@id":"https:\/\/filmfestaachen.com\/#\/schema\/logo\/image\/","url":"https:\/\/filmfestaachen.com\/wp-content\/uploads\/2024\/07\/FFAWhite.png","contentUrl":"https:\/\/filmfestaachen.com\/wp-content\/uploads\/2024\/07\/FFAWhite.png","width":937,"height":633,"caption":"Filmfest Aachen"},"image":{"@id":"https:\/\/filmfestaachen.com\/#\/schema\/logo\/image\/"},"sameAs":["https:\/\/www.instagram.com\/filmfestaachen\/","https:\/\/letterboxd.com\/filmfestaachen\/"]}]}},"_links":{"self":[{"href":"https:\/\/filmfestaachen.com\/en\/wp-json\/wp\/v2\/pages\/697","targetHints":{"allow":["GET"]}}],"collection":[{"href":"https:\/\/filmfestaachen.com\/en\/wp-json\/wp\/v2\/pages"}],"about":[{"href":"https:\/\/filmfestaachen.com\/en\/wp-json\/wp\/v2\/types\/page"}],"author":[{"embeddable":true,"href":"https:\/\/filmfestaachen.com\/en\/wp-json\/wp\/v2\/users\/2"}],"replies":[{"embeddable":true,"href":"https:\/\/filmfestaachen.com\/en\/wp-json\/wp\/v2\/comments?post=697"}],"version-history":[{"count":0,"href":"https:\/\/filmfestaachen.com\/en\/wp-json\/wp\/v2\/pages\/697\/revisions"}],"up":[{"embeddable":true,"href":"https:\/\/filmfestaachen.com\/en\/wp-json\/wp\/v2\/pages\/596"}],"wp:attachment":[{"href":"https:\/\/filmfestaachen.com\/en\/wp-json\/wp\/v2\/media?parent=697"}],"curies":[{"name":"wp","href":"https:\/\/api.w.org\/{rel}","templated":true}]}}