{"id":75,"date":"2024-07-22T14:49:08","date_gmt":"2024-07-22T12:49:08","guid":{"rendered":"https:\/\/filmfestaachen.com\/?page_id=75"},"modified":"2024-10-15T18:06:24","modified_gmt":"2024-10-15T16:06:24","slug":"mission-statement","status":"publish","type":"page","link":"https:\/\/filmfestaachen.com\/en\/mission-statement\/","title":{"rendered":"Mission Statement"},"content":{"rendered":"<p>Das Filmfest Aachen ist eine neu gegr\u00fcndete Initiative, die im September 2025 seine erste mehrt\u00e4gige Ausgabe feiern wird. Ziel unserer Initiative ist es, Aachen kulturell nach vorne zu bringen und die Filmkultur sowohl regional, als auch \u00fcberregional zu st\u00e4rken. Denn w\u00e4hrend K\u00f6ln aktuell 13 verschiedene Filmfestivals und Feste zelebriert, sieht es in Aachen noch sp\u00e4rlich aus. Das wollen wir \u00e4ndern. Das Filmfest Aachen (FFA) soll diese kulturelle L\u00fccke schlie\u00dfen und den Stein ins Rollen bringen. Wir finden, Filmfestivals sollten einen Raum f\u00fcr Austausch, Ann\u00e4herung und Begegnung schaffen. Daher setzen wir uns daf\u00fcr ein, dass alle Filme in Originalversion mit englischen oder deutschen Untertiteln gezeigt werden, alle Filmvorf\u00fchrungen stets mit Diskussionsangeboten versehen sind und unsere Events f\u00fcr m\u00f6glichst alle Menschen zug\u00e4nglich sind.<br><br>Wir f\u00f6rdern Filmkultur in Aachen und sorgen f\u00fcr ein diverses Angebot, nicht nur an Filmkunst, sondern an Perspektiven und Lebensrealit\u00e4ten. Wir sind das FFA: Aachens Filmfestival!<\/p>\n\n\n\n\n\n<p><\/p>\n\n\n\n<p><\/p>","protected":false},"excerpt":{"rendered":"<p>Das Filmfest Aachen ist eine neu gegr\u00fcndete Initiative, die im September 2025 seine erste mehrt\u00e4gige Ausgabe feiern wird. Ziel unserer Initiative ist es, Aachen kulturell nach vorne zu bringen und die Filmkultur sowohl regional, als auch \u00fcberregional zu st\u00e4rken. Denn w\u00e4hrend K\u00f6ln aktuell 13 verschiedene Filmfestivals und Feste zelebriert, sieht es in Aachen noch sp\u00e4rlich [&hellip;]<\/p>","protected":false},"author":1,"featured_media":0,"parent":0,"menu_order":0,"comment_status":"closed","ping_status":"closed","template":"","meta":{"footnotes":""},"class_list":["post-75","page","type-page","status-publish","hentry"],"yoast_head":"<!-- This site is optimized with the Yoast SEO plugin v25.7 - https:\/\/yoast.com\/wordpress\/plugins\/seo\/ -->\n<title>Mission Statement - Filmfest Aachen<\/title>\n<meta name=\"robots\" content=\"index, follow, max-snippet:-1, max-image-preview:large, max-video-preview:-1\" \/>\n<link rel=\"canonical\" href=\"https:\/\/filmfestaachen.com\/en\/mission-statement\/\" \/>\n<meta property=\"og:locale\" content=\"en_US\" \/>\n<meta property=\"og:type\" content=\"article\" \/>\n<meta property=\"og:title\" content=\"Mission Statement - Filmfest Aachen\" \/>\n<meta property=\"og:description\" content=\"Das Filmfest Aachen ist eine neu gegr\u00fcndete Initiative, die im September 2025 seine erste mehrt\u00e4gige Ausgabe feiern wird. Ziel unserer Initiative ist es, Aachen kulturell nach vorne zu bringen und die Filmkultur sowohl regional, als auch \u00fcberregional zu st\u00e4rken. Denn w\u00e4hrend K\u00f6ln aktuell 13 verschiedene Filmfestivals und Feste zelebriert, sieht es in Aachen noch sp\u00e4rlich [&hellip;]\" \/>\n<meta property=\"og:url\" content=\"https:\/\/filmfestaachen.com\/en\/mission-statement\/\" \/>\n<meta property=\"og:site_name\" content=\"Filmfest Aachen\" \/>\n<meta property=\"article:modified_time\" content=\"2024-10-15T16:06:24+00:00\" \/>\n<meta name=\"twitter:card\" content=\"summary_large_image\" \/>\n<script type=\"application\/ld+json\" class=\"yoast-schema-graph\">{\"@context\":\"https:\/\/schema.org\",\"@graph\":[{\"@type\":\"WebPage\",\"@id\":\"https:\/\/filmfestaachen.com\/mission-statement\/\",\"url\":\"https:\/\/filmfestaachen.com\/mission-statement\/\",\"name\":\"Mission Statement - Filmfest Aachen\",\"isPartOf\":{\"@id\":\"https:\/\/filmfestaachen.com\/#website\"},\"datePublished\":\"2024-07-22T12:49:08+00:00\",\"dateModified\":\"2024-10-15T16:06:24+00:00\",\"breadcrumb\":{\"@id\":\"https:\/\/filmfestaachen.com\/mission-statement\/#breadcrumb\"},\"inLanguage\":\"en-US\",\"potentialAction\":[{\"@type\":\"ReadAction\",\"target\":[\"https:\/\/filmfestaachen.com\/mission-statement\/\"]}]},{\"@type\":\"BreadcrumbList\",\"@id\":\"https:\/\/filmfestaachen.com\/mission-statement\/#breadcrumb\",\"itemListElement\":[{\"@type\":\"ListItem\",\"position\":1,\"name\":\"Startseite\",\"item\":\"https:\/\/filmfestaachen.com\/\"},{\"@type\":\"ListItem\",\"position\":2,\"name\":\"Mission Statement\"}]},{\"@type\":\"WebSite\",\"@id\":\"https:\/\/filmfestaachen.com\/#website\",\"url\":\"https:\/\/filmfestaachen.com\/\",\"name\":\"Filmfest Aachen\",\"description\":\"Filmkultur auf Augenh\u00f6he!\",\"publisher\":{\"@id\":\"https:\/\/filmfestaachen.com\/#organization\"},\"potentialAction\":[{\"@type\":\"SearchAction\",\"target\":{\"@type\":\"EntryPoint\",\"urlTemplate\":\"https:\/\/filmfestaachen.com\/?s={search_term_string}\"},\"query-input\":{\"@type\":\"PropertyValueSpecification\",\"valueRequired\":true,\"valueName\":\"search_term_string\"}}],\"inLanguage\":\"en-US\"},{\"@type\":\"Organization\",\"@id\":\"https:\/\/filmfestaachen.com\/#organization\",\"name\":\"Filmfest Aachen\",\"url\":\"https:\/\/filmfestaachen.com\/\",\"logo\":{\"@type\":\"ImageObject\",\"inLanguage\":\"en-US\",\"@id\":\"https:\/\/filmfestaachen.com\/#\/schema\/logo\/image\/\",\"url\":\"https:\/\/filmfestaachen.com\/wp-content\/uploads\/2024\/07\/FFAWhite.png\",\"contentUrl\":\"https:\/\/filmfestaachen.com\/wp-content\/uploads\/2024\/07\/FFAWhite.png\",\"width\":937,\"height\":633,\"caption\":\"Filmfest Aachen\"},\"image\":{\"@id\":\"https:\/\/filmfestaachen.com\/#\/schema\/logo\/image\/\"},\"sameAs\":[\"https:\/\/www.instagram.com\/filmfestaachen\/\",\"https:\/\/letterboxd.com\/filmfestaachen\/\"]}]}<\/script>\n<!-- \/ Yoast SEO plugin. -->","yoast_head_json":{"title":"Mission Statement - Filmfest Aachen","robots":{"index":"index","follow":"follow","max-snippet":"max-snippet:-1","max-image-preview":"max-image-preview:large","max-video-preview":"max-video-preview:-1"},"canonical":"https:\/\/filmfestaachen.com\/en\/mission-statement\/","og_locale":"en_US","og_type":"article","og_title":"Mission Statement - Filmfest Aachen","og_description":"Das Filmfest Aachen ist eine neu gegr\u00fcndete Initiative, die im September 2025 seine erste mehrt\u00e4gige Ausgabe feiern wird. Ziel unserer Initiative ist es, Aachen kulturell nach vorne zu bringen und die Filmkultur sowohl regional, als auch \u00fcberregional zu st\u00e4rken. Denn w\u00e4hrend K\u00f6ln aktuell 13 verschiedene Filmfestivals und Feste zelebriert, sieht es in Aachen noch sp\u00e4rlich [&hellip;]","og_url":"https:\/\/filmfestaachen.com\/en\/mission-statement\/","og_site_name":"Filmfest Aachen","article_modified_time":"2024-10-15T16:06:24+00:00","twitter_card":"summary_large_image","schema":{"@context":"https:\/\/schema.org","@graph":[{"@type":"WebPage","@id":"https:\/\/filmfestaachen.com\/mission-statement\/","url":"https:\/\/filmfestaachen.com\/mission-statement\/","name":"Mission Statement - Filmfest Aachen","isPartOf":{"@id":"https:\/\/filmfestaachen.com\/#website"},"datePublished":"2024-07-22T12:49:08+00:00","dateModified":"2024-10-15T16:06:24+00:00","breadcrumb":{"@id":"https:\/\/filmfestaachen.com\/mission-statement\/#breadcrumb"},"inLanguage":"en-US","potentialAction":[{"@type":"ReadAction","target":["https:\/\/filmfestaachen.com\/mission-statement\/"]}]},{"@type":"BreadcrumbList","@id":"https:\/\/filmfestaachen.com\/mission-statement\/#breadcrumb","itemListElement":[{"@type":"ListItem","position":1,"name":"Startseite","item":"https:\/\/filmfestaachen.com\/"},{"@type":"ListItem","position":2,"name":"Mission Statement"}]},{"@type":"WebSite","@id":"https:\/\/filmfestaachen.com\/#website","url":"https:\/\/filmfestaachen.com\/","name":"Filmfest Aachen","description":"Filmkultur auf Augenh\u00f6he!","publisher":{"@id":"https:\/\/filmfestaachen.com\/#organization"},"potentialAction":[{"@type":"SearchAction","target":{"@type":"EntryPoint","urlTemplate":"https:\/\/filmfestaachen.com\/?s={search_term_string}"},"query-input":{"@type":"PropertyValueSpecification","valueRequired":true,"valueName":"search_term_string"}}],"inLanguage":"en-US"},{"@type":"Organization","@id":"https:\/\/filmfestaachen.com\/#organization","name":"Filmfest Aachen","url":"https:\/\/filmfestaachen.com\/","logo":{"@type":"ImageObject","inLanguage":"en-US","@id":"https:\/\/filmfestaachen.com\/#\/schema\/logo\/image\/","url":"https:\/\/filmfestaachen.com\/wp-content\/uploads\/2024\/07\/FFAWhite.png","contentUrl":"https:\/\/filmfestaachen.com\/wp-content\/uploads\/2024\/07\/FFAWhite.png","width":937,"height":633,"caption":"Filmfest Aachen"},"image":{"@id":"https:\/\/filmfestaachen.com\/#\/schema\/logo\/image\/"},"sameAs":["https:\/\/www.instagram.com\/filmfestaachen\/","https:\/\/letterboxd.com\/filmfestaachen\/"]}]}},"_links":{"self":[{"href":"https:\/\/filmfestaachen.com\/en\/wp-json\/wp\/v2\/pages\/75","targetHints":{"allow":["GET"]}}],"collection":[{"href":"https:\/\/filmfestaachen.com\/en\/wp-json\/wp\/v2\/pages"}],"about":[{"href":"https:\/\/filmfestaachen.com\/en\/wp-json\/wp\/v2\/types\/page"}],"author":[{"embeddable":true,"href":"https:\/\/filmfestaachen.com\/en\/wp-json\/wp\/v2\/users\/1"}],"replies":[{"embeddable":true,"href":"https:\/\/filmfestaachen.com\/en\/wp-json\/wp\/v2\/comments?post=75"}],"version-history":[{"count":0,"href":"https:\/\/filmfestaachen.com\/en\/wp-json\/wp\/v2\/pages\/75\/revisions"}],"wp:attachment":[{"href":"https:\/\/filmfestaachen.com\/en\/wp-json\/wp\/v2\/media?parent=75"}],"curies":[{"name":"wp","href":"https:\/\/api.w.org\/{rel}","templated":true}]}}