{"id":79,"date":"2024-07-16T17:14:33","date_gmt":"2024-07-16T15:14:33","guid":{"rendered":"https:\/\/filmfestaachen.com\/?page_id=79"},"modified":"2024-10-22T13:23:44","modified_gmt":"2024-10-22T11:23:44","slug":"support","status":"publish","type":"page","link":"https:\/\/filmfestaachen.com\/en\/support\/","title":{"rendered":"Support"},"content":{"rendered":"<p><br><br>Als Privatperson k\u00f6nnt ihr uns aktuell nur auf <strong><a href=\"https:\/\/www.patreon.com\/FilmfestAachen\">Patreon<\/a><\/strong> finanziell unterst\u00fctzen. Ab einem monatlichen Betrag von 3\u20ac k\u00f6nnt ihr dort den Aufbau und den Erhaltung von Film- und Festivalkultur in Aachen unterst\u00fctzen. <br><br>Au\u00dferdem unterst\u00fctzt ihr uns und das Projekt nat\u00fcrlich mit jedem gekauften Ticket und jeder besuchten Veranstaltung.<\/p>\n\n\n\n<hr class=\"wp-block-separator has-alpha-channel-opacity\"\/>\n\n\n\n<p>F\u00fcr Firmen und Organisationen haben wir folgende Kooperations- und Unterst\u00fctzungsangebote vorformuliert:<br><br><strong>Angebot Sponsoring \/ Kooperationsangebot\u00a0<\/strong><\/p>\n\n\n\n<p><strong>Variante 1: Multiplikatoren<\/strong><\/p>\n\n\n\n<p><strong>So k\u00f6nnt ihr uns unterst\u00fctzen:<\/strong><\/p>\n\n\n\n<ul class=\"wp-block-list\">\n<li>Ank\u00fcndigung des Festivals in eurem Netzwerk und auf euren Kan\u00e4len (z.B. Instagram, Webseite, Newsletter, E-Mail Verteiler)<\/li>\n\n\n\n<li>ggf. Ank\u00fcndigung des Festivals in euren Publikationen&nbsp;&nbsp;<\/li>\n\n\n\n<li>Auslage von Flyern \/ Verteilung von Flyern&nbsp;<\/li>\n\n\n\n<li>ggf. Moderation des Filmgespr\u00e4chs, Expert*innen-Gespr\u00e4ch<\/li>\n<\/ul>\n\n\n\n<p><strong>Was wir euch anbieten:<\/strong><\/p>\n\n\n\n<ul class=\"wp-block-list\">\n<li>Logoplatzierung auf der Festival-Webseite<\/li>\n\n\n\n<li>X Freikarten f\u00fcr euer Team und\/oder eine Verlosung&nbsp;<\/li>\n<\/ul>\n\n\n\n<hr class=\"wp-block-separator has-alpha-channel-opacity\"\/>\n\n\n\n<p><strong>Variante 2: Filmpatenschaft, kleines Sponsoring<\/strong><\/p>\n\n\n\n<p><strong>So k\u00f6nnt ihr uns unterst\u00fctzen:<\/strong><\/p>\n\n\n\n<ul class=\"wp-block-list\">\n<li>Sponsoring \/ Kosten\u00fcbernahme der Lizenzgeb\u00fchr f\u00fcr &#8222;Film X\u201d (ca. 150-200\u20ac)<\/li>\n\n\n\n<li>Ank\u00fcndigung des Festivals und der Filmvorf\u00fchrung von \u201cFilm X\u201d in eurem Netzwerk und auf euren Kan\u00e4len (z.B. Instagram, Webseite, Newsletter, E-Mail Verteiler)<\/li>\n\n\n\n<li>ggf. Ank\u00fcndigung des Festivals in euren Publikationen&nbsp;&nbsp;<\/li>\n\n\n\n<li>Auslage von Flyern \/ Verteilung von Flyern&nbsp;<\/li>\n\n\n\n<li>ggf. Moderation des Filmgespr\u00e4chs, Expert*innen-Gespr\u00e4ch<\/li>\n<\/ul>\n\n\n\n<p><strong>Was wir euch anbieten:<\/strong><\/p>\n\n\n\n<ul class=\"wp-block-list\">\n<li>Logoplatzierung auf der Festival-Webseite<\/li>\n\n\n\n<li>Logoplatzierung im Flyer<\/li>\n\n\n\n<li>Nennung als Partner der Filmvorf\u00fchrung im Programm (z.B. &#8222;In Kooperation mit&#8220; \/ &#8222;mit Unterst\u00fctzung von&#8220;)<\/li>\n\n\n\n<li>X Freikarten f\u00fcr euer Team und\/oder eine Verlosung&nbsp;<\/li>\n<\/ul>\n\n\n\n<hr class=\"wp-block-separator has-alpha-channel-opacity\"\/>\n\n\n\n<p><strong>Variante 3: Sponsoring&nbsp;<\/strong><\/p>\n\n\n\n<p><strong>&nbsp;So k\u00f6nnt ihr uns unterst\u00fctzen:&nbsp;<\/strong><\/p>\n\n\n\n<ul class=\"wp-block-list\">\n<li>Sponsoring in H\u00f6he von mindestens 500\u20ac&nbsp; (z.B. f\u00fcr Druckkosten, Miete Kinosaal)<\/li>\n\n\n\n<li>Stiftung eines Festival-Preises&nbsp;<\/li>\n\n\n\n<li>Ank\u00fcndigung des Festivals in eurem Netzwerk und auf euren Kan\u00e4len (z.B. Instagram, Webseite, Newsletter, E-Mail Verteiler)<\/li>\n\n\n\n<li>ggf. Ank\u00fcndigung des Festivals in euren Publikationen&nbsp;&nbsp;<\/li>\n\n\n\n<li>Auslage von Flyern \/ Verteilung von Flyern&nbsp;<\/li>\n<\/ul>\n\n\n\n<p><strong>Was wir euch anbieten:<\/strong><\/p>\n\n\n\n<ul class=\"wp-block-list\">\n<li>Nennung als Unterst\u00fctzer (z.B. \u201cmit besonderer Unterst\u00fctzung von\u201d) auf den Festival-Kan\u00e4len und Publikationen: Webseite, Instagram-Kanal, Flyer sowie Festival-Trailer (auf YouTube und Vorspann vor allen Screenings)<\/li>\n\n\n\n<li>Logoplatzierung im Festival-Trailer&nbsp;<\/li>\n\n\n\n<li>Logoplatzierung auf der Festival-Webseite&nbsp;<\/li>\n\n\n\n<li>Logoplatzierung im Flyer<\/li>\n\n\n\n<li>X Freikarten f\u00fcr euer Team und\/oder eine Verlosung&nbsp;<\/li>\n<\/ul>","protected":false},"excerpt":{"rendered":"<p>Als Privatperson k\u00f6nnt ihr uns aktuell nur auf Patreon finanziell unterst\u00fctzen. Ab einem monatlichen Betrag von 3\u20ac k\u00f6nnt ihr dort den Aufbau und den Erhaltung von Film- und Festivalkultur in Aachen unterst\u00fctzen. Au\u00dferdem unterst\u00fctzt ihr uns und das Projekt nat\u00fcrlich mit jedem gekauften Ticket und jeder besuchten Veranstaltung. F\u00fcr Firmen und Organisationen haben wir folgende [&hellip;]<\/p>","protected":false},"author":1,"featured_media":0,"parent":0,"menu_order":0,"comment_status":"closed","ping_status":"closed","template":"","meta":{"footnotes":""},"class_list":["post-79","page","type-page","status-publish","hentry"],"yoast_head":"<!-- This site is optimized with the Yoast SEO plugin v25.7 - https:\/\/yoast.com\/wordpress\/plugins\/seo\/ -->\n<title>Support - Filmfest Aachen<\/title>\n<meta name=\"robots\" content=\"index, follow, max-snippet:-1, max-image-preview:large, max-video-preview:-1\" \/>\n<link rel=\"canonical\" href=\"https:\/\/filmfestaachen.com\/en\/support\/\" \/>\n<meta property=\"og:locale\" content=\"en_US\" \/>\n<meta property=\"og:type\" content=\"article\" \/>\n<meta property=\"og:title\" content=\"Support - Filmfest Aachen\" \/>\n<meta property=\"og:description\" content=\"Als Privatperson k\u00f6nnt ihr uns aktuell nur auf Patreon finanziell unterst\u00fctzen. Ab einem monatlichen Betrag von 3\u20ac k\u00f6nnt ihr dort den Aufbau und den Erhaltung von Film- und Festivalkultur in Aachen unterst\u00fctzen. Au\u00dferdem unterst\u00fctzt ihr uns und das Projekt nat\u00fcrlich mit jedem gekauften Ticket und jeder besuchten Veranstaltung. F\u00fcr Firmen und Organisationen haben wir folgende [&hellip;]\" \/>\n<meta property=\"og:url\" content=\"https:\/\/filmfestaachen.com\/en\/support\/\" \/>\n<meta property=\"og:site_name\" content=\"Filmfest Aachen\" \/>\n<meta property=\"article:modified_time\" content=\"2024-10-22T11:23:44+00:00\" \/>\n<meta name=\"twitter:card\" content=\"summary_large_image\" \/>\n<meta name=\"twitter:label1\" content=\"Est. reading time\" \/>\n\t<meta name=\"twitter:data1\" content=\"2 minutes\" \/>\n<script type=\"application\/ld+json\" class=\"yoast-schema-graph\">{\"@context\":\"https:\/\/schema.org\",\"@graph\":[{\"@type\":\"WebPage\",\"@id\":\"https:\/\/filmfestaachen.com\/support\/\",\"url\":\"https:\/\/filmfestaachen.com\/support\/\",\"name\":\"Support - Filmfest Aachen\",\"isPartOf\":{\"@id\":\"https:\/\/filmfestaachen.com\/#website\"},\"datePublished\":\"2024-07-16T15:14:33+00:00\",\"dateModified\":\"2024-10-22T11:23:44+00:00\",\"breadcrumb\":{\"@id\":\"https:\/\/filmfestaachen.com\/support\/#breadcrumb\"},\"inLanguage\":\"en-US\",\"potentialAction\":[{\"@type\":\"ReadAction\",\"target\":[\"https:\/\/filmfestaachen.com\/support\/\"]}]},{\"@type\":\"BreadcrumbList\",\"@id\":\"https:\/\/filmfestaachen.com\/support\/#breadcrumb\",\"itemListElement\":[{\"@type\":\"ListItem\",\"position\":1,\"name\":\"Startseite\",\"item\":\"https:\/\/filmfestaachen.com\/\"},{\"@type\":\"ListItem\",\"position\":2,\"name\":\"Support\"}]},{\"@type\":\"WebSite\",\"@id\":\"https:\/\/filmfestaachen.com\/#website\",\"url\":\"https:\/\/filmfestaachen.com\/\",\"name\":\"Filmfest Aachen\",\"description\":\"Filmkultur auf Augenh\u00f6he!\",\"publisher\":{\"@id\":\"https:\/\/filmfestaachen.com\/#organization\"},\"potentialAction\":[{\"@type\":\"SearchAction\",\"target\":{\"@type\":\"EntryPoint\",\"urlTemplate\":\"https:\/\/filmfestaachen.com\/?s={search_term_string}\"},\"query-input\":{\"@type\":\"PropertyValueSpecification\",\"valueRequired\":true,\"valueName\":\"search_term_string\"}}],\"inLanguage\":\"en-US\"},{\"@type\":\"Organization\",\"@id\":\"https:\/\/filmfestaachen.com\/#organization\",\"name\":\"Filmfest Aachen\",\"url\":\"https:\/\/filmfestaachen.com\/\",\"logo\":{\"@type\":\"ImageObject\",\"inLanguage\":\"en-US\",\"@id\":\"https:\/\/filmfestaachen.com\/#\/schema\/logo\/image\/\",\"url\":\"https:\/\/filmfestaachen.com\/wp-content\/uploads\/2024\/07\/FFAWhite.png\",\"contentUrl\":\"https:\/\/filmfestaachen.com\/wp-content\/uploads\/2024\/07\/FFAWhite.png\",\"width\":937,\"height\":633,\"caption\":\"Filmfest Aachen\"},\"image\":{\"@id\":\"https:\/\/filmfestaachen.com\/#\/schema\/logo\/image\/\"},\"sameAs\":[\"https:\/\/www.instagram.com\/filmfestaachen\/\",\"https:\/\/letterboxd.com\/filmfestaachen\/\"]}]}<\/script>\n<!-- \/ Yoast SEO plugin. -->","yoast_head_json":{"title":"Support - Filmfest Aachen","robots":{"index":"index","follow":"follow","max-snippet":"max-snippet:-1","max-image-preview":"max-image-preview:large","max-video-preview":"max-video-preview:-1"},"canonical":"https:\/\/filmfestaachen.com\/en\/support\/","og_locale":"en_US","og_type":"article","og_title":"Support - Filmfest Aachen","og_description":"Als Privatperson k\u00f6nnt ihr uns aktuell nur auf Patreon finanziell unterst\u00fctzen. Ab einem monatlichen Betrag von 3\u20ac k\u00f6nnt ihr dort den Aufbau und den Erhaltung von Film- und Festivalkultur in Aachen unterst\u00fctzen. Au\u00dferdem unterst\u00fctzt ihr uns und das Projekt nat\u00fcrlich mit jedem gekauften Ticket und jeder besuchten Veranstaltung. F\u00fcr Firmen und Organisationen haben wir folgende [&hellip;]","og_url":"https:\/\/filmfestaachen.com\/en\/support\/","og_site_name":"Filmfest Aachen","article_modified_time":"2024-10-22T11:23:44+00:00","twitter_card":"summary_large_image","twitter_misc":{"Est. reading time":"2 minutes"},"schema":{"@context":"https:\/\/schema.org","@graph":[{"@type":"WebPage","@id":"https:\/\/filmfestaachen.com\/support\/","url":"https:\/\/filmfestaachen.com\/support\/","name":"Support - Filmfest Aachen","isPartOf":{"@id":"https:\/\/filmfestaachen.com\/#website"},"datePublished":"2024-07-16T15:14:33+00:00","dateModified":"2024-10-22T11:23:44+00:00","breadcrumb":{"@id":"https:\/\/filmfestaachen.com\/support\/#breadcrumb"},"inLanguage":"en-US","potentialAction":[{"@type":"ReadAction","target":["https:\/\/filmfestaachen.com\/support\/"]}]},{"@type":"BreadcrumbList","@id":"https:\/\/filmfestaachen.com\/support\/#breadcrumb","itemListElement":[{"@type":"ListItem","position":1,"name":"Startseite","item":"https:\/\/filmfestaachen.com\/"},{"@type":"ListItem","position":2,"name":"Support"}]},{"@type":"WebSite","@id":"https:\/\/filmfestaachen.com\/#website","url":"https:\/\/filmfestaachen.com\/","name":"Filmfest Aachen","description":"Filmkultur auf Augenh\u00f6he!","publisher":{"@id":"https:\/\/filmfestaachen.com\/#organization"},"potentialAction":[{"@type":"SearchAction","target":{"@type":"EntryPoint","urlTemplate":"https:\/\/filmfestaachen.com\/?s={search_term_string}"},"query-input":{"@type":"PropertyValueSpecification","valueRequired":true,"valueName":"search_term_string"}}],"inLanguage":"en-US"},{"@type":"Organization","@id":"https:\/\/filmfestaachen.com\/#organization","name":"Filmfest Aachen","url":"https:\/\/filmfestaachen.com\/","logo":{"@type":"ImageObject","inLanguage":"en-US","@id":"https:\/\/filmfestaachen.com\/#\/schema\/logo\/image\/","url":"https:\/\/filmfestaachen.com\/wp-content\/uploads\/2024\/07\/FFAWhite.png","contentUrl":"https:\/\/filmfestaachen.com\/wp-content\/uploads\/2024\/07\/FFAWhite.png","width":937,"height":633,"caption":"Filmfest Aachen"},"image":{"@id":"https:\/\/filmfestaachen.com\/#\/schema\/logo\/image\/"},"sameAs":["https:\/\/www.instagram.com\/filmfestaachen\/","https:\/\/letterboxd.com\/filmfestaachen\/"]}]}},"_links":{"self":[{"href":"https:\/\/filmfestaachen.com\/en\/wp-json\/wp\/v2\/pages\/79","targetHints":{"allow":["GET"]}}],"collection":[{"href":"https:\/\/filmfestaachen.com\/en\/wp-json\/wp\/v2\/pages"}],"about":[{"href":"https:\/\/filmfestaachen.com\/en\/wp-json\/wp\/v2\/types\/page"}],"author":[{"embeddable":true,"href":"https:\/\/filmfestaachen.com\/en\/wp-json\/wp\/v2\/users\/1"}],"replies":[{"embeddable":true,"href":"https:\/\/filmfestaachen.com\/en\/wp-json\/wp\/v2\/comments?post=79"}],"version-history":[{"count":0,"href":"https:\/\/filmfestaachen.com\/en\/wp-json\/wp\/v2\/pages\/79\/revisions"}],"wp:attachment":[{"href":"https:\/\/filmfestaachen.com\/en\/wp-json\/wp\/v2\/media?parent=79"}],"curies":[{"name":"wp","href":"https:\/\/api.w.org\/{rel}","templated":true}]}}