{"id":957,"date":"2025-08-15T15:54:50","date_gmt":"2025-08-15T13:54:50","guid":{"rendered":"https:\/\/filmfestaachen.com\/?page_id=957"},"modified":"2025-08-23T18:09:08","modified_gmt":"2025-08-23T16:09:08","slug":"home-interrupted","status":"publish","type":"page","link":"https:\/\/filmfestaachen.com\/en\/programm\/home-interrupted\/","title":{"rendered":"Home, Interrupted"},"content":{"rendered":"<div data-elementor-type=\"wp-page\" data-elementor-id=\"957\" class=\"elementor elementor-957\">\n\t\t\t\t<div class=\"elementor-element elementor-element-ba30ebc e-flex e-con-boxed e-con e-parent\" data-id=\"ba30ebc\" data-element_type=\"container\">\n\t\t\t\t\t<div class=\"e-con-inner\">\n\t\t\t\t<div class=\"elementor-element elementor-element-0d79e90 elementor-widget elementor-widget-image\" data-id=\"0d79e90\" data-element_type=\"widget\" data-widget_type=\"image.default\">\n\t\t\t\t<div class=\"elementor-widget-container\">\n\t\t\t\t\t\t\t\t\t\t\t\t\t\t\t<img fetchpriority=\"high\" decoding=\"async\" width=\"1024\" height=\"576\" src=\"https:\/\/filmfestaachen.com\/wp-content\/uploads\/2025\/08\/RuNiSuoYuan_Dir-HAO-ZHOU_Still-1-1024x576.jpg\" class=\"attachment-large size-large wp-image-822\" alt=\"\" srcset=\"https:\/\/filmfestaachen.com\/wp-content\/uploads\/2025\/08\/RuNiSuoYuan_Dir-HAO-ZHOU_Still-1-1024x576.jpg 1024w, https:\/\/filmfestaachen.com\/wp-content\/uploads\/2025\/08\/RuNiSuoYuan_Dir-HAO-ZHOU_Still-1-300x169.jpg 300w, https:\/\/filmfestaachen.com\/wp-content\/uploads\/2025\/08\/RuNiSuoYuan_Dir-HAO-ZHOU_Still-1-768x432.jpg 768w, https:\/\/filmfestaachen.com\/wp-content\/uploads\/2025\/08\/RuNiSuoYuan_Dir-HAO-ZHOU_Still-1-1536x864.jpg 1536w, https:\/\/filmfestaachen.com\/wp-content\/uploads\/2025\/08\/RuNiSuoYuan_Dir-HAO-ZHOU_Still-1-2048x1152.jpg 2048w, https:\/\/filmfestaachen.com\/wp-content\/uploads\/2025\/08\/RuNiSuoYuan_Dir-HAO-ZHOU_Still-1-18x10.jpg 18w, https:\/\/filmfestaachen.com\/wp-content\/uploads\/2025\/08\/RuNiSuoYuan_Dir-HAO-ZHOU_Still-1-1320x743.jpg 1320w\" sizes=\"(max-width: 1024px) 100vw, 1024px\" \/>\t\t\t\t\t\t\t\t\t\t\t\t\t\t\t<\/div>\n\t\t\t\t<\/div>\n\t\t\t\t\t<\/div>\n\t\t\t\t<\/div>\n\t\t<div class=\"elementor-element elementor-element-cf60582 e-flex e-con-boxed e-con e-parent\" data-id=\"cf60582\" data-element_type=\"container\">\n\t\t\t\t\t<div class=\"e-con-inner\">\n\t\t\t\t<div class=\"elementor-element elementor-element-8f2b9ff elementor-widget elementor-widget-text-editor\" data-id=\"8f2b9ff\" data-element_type=\"widget\" data-widget_type=\"text-editor.default\">\n\t\t\t\t<div class=\"elementor-widget-container\">\n\t\t\t\t\t\t\t\t\t<p><em><span style=\"color: #ff00ff;\">Short film program II: 5 short films, 89 min<\/span><\/em><\/p><p><span class=\"a_GcMg font-feature-liga-off font-feature-clig-off font-feature-calt-off text-decoration-none text-strikethrough-none\" style=\"color: #ff00ff;\">What happens to your idea of home, if you can never return? The short program Home, interrupted circles around contemporary stories of distance, displacement, and exile, most of them drawn from the filmmakers\u2019 biographies. These short films are personal, sometimes painfully so, and speak to the ambivalence of a world that is increasingly connected through digitals means, yet somehow more distant than ever. Our protagonists live far away from home, in exile, as expats and refugees from war, yet they try to make a connection to their former lives. Reaching out to their families after years of silence, sharing painful memories of their past life with new friends and making a return visit. Gently and vulnerably, these five short films question whether reconciliation is ever possible (Monument), highlight the precarious nature of care work <strong>(She Crossed)<\/strong> and the strain of exercising solidarity from afar <strong>(Chrysanthemum)<\/strong>, show what it&#8217;s like to be loved but not seen in your queerness <strong>(Correct me if I&#8217;m wrong)<\/strong> and what it means to leave your family in a war zone<strong> (Fire Drill).<\/strong><\/span><\/p><p>\u00a0<\/p><p><span style=\"color: #ff00ff;\"><span class=\"a_GcMg font-feature-liga-off font-feature-clig-off font-feature-calt-off text-decoration-none text-strikethrough-none\">Was passiert mit der Idee von Heimat, wenn man nie wieder zur\u00fcckkehren kann? Das Kurzfilmprogramm <\/span><span class=\"a_GcMg font-feature-liga-off font-feature-clig-off font-feature-calt-off text-decoration-none text-strikethrough-none\">Home, interrupted <\/span><span class=\"a_GcMg font-feature-liga-off font-feature-clig-off font-feature-calt-off text-decoration-none text-strikethrough-none\">vereint f\u00fcnf zeitgen\u00f6ssische Geschichten von Entfremdung, Vertreibung und Exil, von denen die meisten aus den Biografien der Filmemacher*innen stammen. Diese Kurzfilme sind pers\u00f6nlich, manchmal schmerzhaft, und sprechen von der Ambivalenz einer Welt, die zunehmend digital vernetzt ist und doch weiter auseinanderzudriften scheint. Unsere Protagonist*innen leben weit weg von zu Hause, im Exil, als Expats, sind ausgewandert und vor dem Krieg gefl\u00fcchtet \u2013 und auf der Suche nach einer Verbindung in ihr fr\u00fcheres Leben. Sie nehmen nach Jahren des Schweigens den Kontakt zu den Eltern auf, teilen schmerzhafte Erinnerungen an ihr fr\u00fcheres Leben mit neuen Freund*innen und wagen einen Besuch bei der Familie. Behutsam und verletzlich stellen diese f\u00fcnf Kurzfilme die Frage, ob Vers\u00f6hnung jemals m\u00f6glich ist <strong>(Monument)<\/strong>, beleuchten die prek\u00e4re Natur der Pflegearbeit <strong>(She Crossed)<\/strong> und die Anstrengung, Solidarit\u00e4t aus der Ferne auszu\u00fcben <strong>(Chrysanthemum)<\/strong>, zeigen, wie es ist, geliebt, aber nicht in seiner Queerness gesehen zu werden <strong>(Correct me if I&#8217;m wrong)<\/strong> und was es bedeutet, seine Familie in einem Kriegsgebiet zu verlassen <strong>(Fire Drill)<\/strong>.<\/span><\/span><\/p>\t\t\t\t\t\t\t\t<\/div>\n\t\t\t\t<\/div>\n\t\t\t\t<div class=\"elementor-element elementor-element-62bc768 elementor-align-center elementor-widget elementor-widget-button\" data-id=\"62bc768\" data-element_type=\"widget\" data-widget_type=\"button.default\">\n\t\t\t\t<div class=\"elementor-widget-container\">\n\t\t\t\t\t\t\t\t\t<div class=\"elementor-button-wrapper\">\n\t\t\t\t\t<a class=\"elementor-button elementor-button-link elementor-size-sm\" href=\"https:\/\/rausgegangen.de\/events\/home-interrupted-filmfest-aachen-2025-0\/\">\n\t\t\t\t\t\t<span class=\"elementor-button-content-wrapper\">\n\t\t\t\t\t\t<span class=\"elementor-button-icon\">\n\t\t\t\t<svg aria-hidden=\"true\" class=\"e-font-icon-svg e-fas-ticket-alt\" viewbox=\"0 0 576 512\" xmlns=\"http:\/\/www.w3.org\/2000\/svg\"><path d=\"M128 160h320v192H128V160zm400 96c0 26.51 21.49 48 48 48v96c0 26.51-21.49 48-48 48H48c-26.51 0-48-21.49-48-48v-96c26.51 0 48-21.49 48-48s-21.49-48-48-48v-96c0-26.51 21.49-48 48-48h480c26.51 0 48 21.49 48 48v96c-26.51 0-48 21.49-48 48zm-48-104c0-13.255-10.745-24-24-24H120c-13.255 0-24 10.745-24 24v208c0 13.255 10.745 24 24 24h336c13.255 0 24-10.745 24-24V152z\"><\/path><\/svg>\t\t\t<\/span>\n\t\t\t\t\t\t\t\t\t<span class=\"elementor-button-text\">TICKETS<\/span>\n\t\t\t\t\t<\/span>\n\t\t\t\t\t<\/a>\n\t\t\t\t<\/div>\n\t\t\t\t\t\t\t\t<\/div>\n\t\t\t\t<\/div>\n\t\t\t\t\t<\/div>\n\t\t\t\t<\/div>\n\t\t<div class=\"elementor-element elementor-element-faa3e1f e-flex e-con-boxed e-con e-parent\" data-id=\"faa3e1f\" data-element_type=\"container\">\n\t\t\t\t\t<div class=\"e-con-inner\">\n\t\t\t\t<div class=\"elementor-element elementor-element-be4a51e elementor-position-left elementor-vertical-align-top elementor-widget elementor-widget-image-box\" data-id=\"be4a51e\" data-element_type=\"widget\" data-widget_type=\"image-box.default\">\n\t\t\t\t<div class=\"elementor-widget-container\">\n\t\t\t\t\t<div class=\"elementor-image-box-wrapper\"><figure class=\"elementor-image-box-img\"><a href=\"https:\/\/filmfestaachen.com\/en\/programm\/fire-drill\/\" tabindex=\"-1\"><img decoding=\"async\" width=\"2560\" height=\"1276\" src=\"https:\/\/filmfestaachen.com\/wp-content\/uploads\/2025\/08\/fire-drill-1.jpg\" class=\"attachment-full size-full wp-image-1307\" alt=\"\" srcset=\"https:\/\/filmfestaachen.com\/wp-content\/uploads\/2025\/08\/fire-drill-1.jpg 2560w, https:\/\/filmfestaachen.com\/wp-content\/uploads\/2025\/08\/fire-drill-1-300x150.jpg 300w, https:\/\/filmfestaachen.com\/wp-content\/uploads\/2025\/08\/fire-drill-1-1024x510.jpg 1024w, https:\/\/filmfestaachen.com\/wp-content\/uploads\/2025\/08\/fire-drill-1-768x383.jpg 768w, https:\/\/filmfestaachen.com\/wp-content\/uploads\/2025\/08\/fire-drill-1-1536x766.jpg 1536w, https:\/\/filmfestaachen.com\/wp-content\/uploads\/2025\/08\/fire-drill-1-2048x1021.jpg 2048w, https:\/\/filmfestaachen.com\/wp-content\/uploads\/2025\/08\/fire-drill-1-18x9.jpg 18w, https:\/\/filmfestaachen.com\/wp-content\/uploads\/2025\/08\/fire-drill-1-1320x658.jpg 1320w\" sizes=\"(max-width: 2560px) 100vw, 2560px\" \/><\/a><\/figure><div class=\"elementor-image-box-content\"><h3 class=\"elementor-image-box-title\"><a href=\"https:\/\/filmfestaachen.com\/en\/programm\/fire-drill\/\">Fire Drill<\/a><\/h3><p class=\"elementor-image-box-description\">Germany, 2024, 22 min, Maximilian Villwock, English, Ukrainian <\/p><\/div><\/div>\t\t\t\t<\/div>\n\t\t\t\t<\/div>\n\t\t\t\t<div class=\"elementor-element elementor-element-10e70a7 elementor-position-left elementor-vertical-align-top elementor-widget elementor-widget-image-box\" data-id=\"10e70a7\" data-element_type=\"widget\" data-widget_type=\"image-box.default\">\n\t\t\t\t<div class=\"elementor-widget-container\">\n\t\t\t\t\t<div class=\"elementor-image-box-wrapper\"><figure class=\"elementor-image-box-img\"><a href=\"https:\/\/filmfestaachen.com\/en\/programm\/monument\/\" tabindex=\"-1\"><img decoding=\"async\" width=\"1600\" height=\"900\" src=\"https:\/\/filmfestaachen.com\/wp-content\/uploads\/2025\/08\/Monument.jpg\" class=\"attachment-full size-full wp-image-1311\" alt=\"\" srcset=\"https:\/\/filmfestaachen.com\/wp-content\/uploads\/2025\/08\/Monument.jpg 1600w, https:\/\/filmfestaachen.com\/wp-content\/uploads\/2025\/08\/Monument-300x169.jpg 300w, https:\/\/filmfestaachen.com\/wp-content\/uploads\/2025\/08\/Monument-1024x576.jpg 1024w, https:\/\/filmfestaachen.com\/wp-content\/uploads\/2025\/08\/Monument-768x432.jpg 768w, https:\/\/filmfestaachen.com\/wp-content\/uploads\/2025\/08\/Monument-1536x864.jpg 1536w, https:\/\/filmfestaachen.com\/wp-content\/uploads\/2025\/08\/Monument-18x10.jpg 18w, https:\/\/filmfestaachen.com\/wp-content\/uploads\/2025\/08\/Monument-1320x743.jpg 1320w\" sizes=\"(max-width: 1600px) 100vw, 1600px\" \/><\/a><\/figure><div class=\"elementor-image-box-content\"><h3 class=\"elementor-image-box-title\"><a href=\"https:\/\/filmfestaachen.com\/en\/programm\/monument\/\">Monument<\/a><\/h3><p class=\"elementor-image-box-description\">Germany 2024, 15 min, Maksim Avdeev, Russian\n<\/p><\/div><\/div>\t\t\t\t<\/div>\n\t\t\t\t<\/div>\n\t\t\t\t<div class=\"elementor-element elementor-element-33c9eae elementor-position-left elementor-vertical-align-top elementor-widget elementor-widget-image-box\" data-id=\"33c9eae\" data-element_type=\"widget\" data-widget_type=\"image-box.default\">\n\t\t\t\t<div class=\"elementor-widget-container\">\n\t\t\t\t\t<div class=\"elementor-image-box-wrapper\"><figure class=\"elementor-image-box-img\"><a href=\"https:\/\/filmfestaachen.com\/en\/programm\/chrysanthemum\/\" tabindex=\"-1\"><img loading=\"lazy\" decoding=\"async\" width=\"400\" height=\"225\" src=\"https:\/\/filmfestaachen.com\/wp-content\/uploads\/2025\/08\/chrysanthemum.webp\" class=\"attachment-full size-full wp-image-1315\" alt=\"\" srcset=\"https:\/\/filmfestaachen.com\/wp-content\/uploads\/2025\/08\/chrysanthemum.webp 400w, https:\/\/filmfestaachen.com\/wp-content\/uploads\/2025\/08\/chrysanthemum-300x169.webp 300w, https:\/\/filmfestaachen.com\/wp-content\/uploads\/2025\/08\/chrysanthemum-18x10.webp 18w\" sizes=\"(max-width: 400px) 100vw, 400px\" \/><\/a><\/figure><div class=\"elementor-image-box-content\"><h3 class=\"elementor-image-box-title\"><a href=\"https:\/\/filmfestaachen.com\/en\/programm\/chrysanthemum\/\">Chrysanthemum<\/a><\/h3><p class=\"elementor-image-box-description\">Germany, 2025, 9 min, Jingyuan Luo, English<\/p><\/div><\/div>\t\t\t\t<\/div>\n\t\t\t\t<\/div>\n\t\t\t\t<div class=\"elementor-element elementor-element-37e5b9a elementor-position-left elementor-vertical-align-top elementor-widget elementor-widget-image-box\" data-id=\"37e5b9a\" data-element_type=\"widget\" data-widget_type=\"image-box.default\">\n\t\t\t\t<div class=\"elementor-widget-container\">\n\t\t\t\t\t<div class=\"elementor-image-box-wrapper\"><figure class=\"elementor-image-box-img\"><a href=\"https:\/\/filmfestaachen.com\/en\/programm\/she-crossed\/\" tabindex=\"-1\"><img loading=\"lazy\" decoding=\"async\" width=\"2423\" height=\"1363\" src=\"https:\/\/filmfestaachen.com\/wp-content\/uploads\/2025\/08\/she-crossed.jpg\" class=\"attachment-full size-full wp-image-1323\" alt=\"\" srcset=\"https:\/\/filmfestaachen.com\/wp-content\/uploads\/2025\/08\/she-crossed.jpg 2423w, https:\/\/filmfestaachen.com\/wp-content\/uploads\/2025\/08\/she-crossed-300x169.jpg 300w, https:\/\/filmfestaachen.com\/wp-content\/uploads\/2025\/08\/she-crossed-1024x576.jpg 1024w, https:\/\/filmfestaachen.com\/wp-content\/uploads\/2025\/08\/she-crossed-768x432.jpg 768w, https:\/\/filmfestaachen.com\/wp-content\/uploads\/2025\/08\/she-crossed-1536x864.jpg 1536w, https:\/\/filmfestaachen.com\/wp-content\/uploads\/2025\/08\/she-crossed-2048x1152.jpg 2048w, https:\/\/filmfestaachen.com\/wp-content\/uploads\/2025\/08\/she-crossed-18x10.jpg 18w, https:\/\/filmfestaachen.com\/wp-content\/uploads\/2025\/08\/she-crossed-1320x743.jpg 1320w\" sizes=\"(max-width: 2423px) 100vw, 2423px\" \/><\/a><\/figure><div class=\"elementor-image-box-content\"><h3 class=\"elementor-image-box-title\"><a href=\"https:\/\/filmfestaachen.com\/en\/programm\/she-crossed\/\">She Crossed<\/a><\/h3><p class=\"elementor-image-box-description\">USA, 2025, 20 min, Daisy Ziyan Zhang, English \n<\/p><\/div><\/div>\t\t\t\t<\/div>\n\t\t\t\t<\/div>\n\t\t\t\t<div class=\"elementor-element elementor-element-544f2b8 elementor-position-left elementor-vertical-align-top elementor-widget elementor-widget-image-box\" data-id=\"544f2b8\" data-element_type=\"widget\" data-widget_type=\"image-box.default\">\n\t\t\t\t<div class=\"elementor-widget-container\">\n\t\t\t\t\t<div class=\"elementor-image-box-wrapper\"><figure class=\"elementor-image-box-img\"><a href=\"https:\/\/filmfestaachen.com\/en\/programm\/correct-me-if-im-wrong\/\" tabindex=\"-1\"><img loading=\"lazy\" decoding=\"async\" width=\"2560\" height=\"1440\" src=\"https:\/\/filmfestaachen.com\/wp-content\/uploads\/2025\/08\/RuNiSuoYuan_Dir-HAO-ZHOU_Still-1-scaled.jpg\" class=\"attachment-full size-full wp-image-822\" alt=\"\" srcset=\"https:\/\/filmfestaachen.com\/wp-content\/uploads\/2025\/08\/RuNiSuoYuan_Dir-HAO-ZHOU_Still-1-scaled.jpg 2560w, https:\/\/filmfestaachen.com\/wp-content\/uploads\/2025\/08\/RuNiSuoYuan_Dir-HAO-ZHOU_Still-1-300x169.jpg 300w, https:\/\/filmfestaachen.com\/wp-content\/uploads\/2025\/08\/RuNiSuoYuan_Dir-HAO-ZHOU_Still-1-1024x576.jpg 1024w, https:\/\/filmfestaachen.com\/wp-content\/uploads\/2025\/08\/RuNiSuoYuan_Dir-HAO-ZHOU_Still-1-768x432.jpg 768w, https:\/\/filmfestaachen.com\/wp-content\/uploads\/2025\/08\/RuNiSuoYuan_Dir-HAO-ZHOU_Still-1-1536x864.jpg 1536w, https:\/\/filmfestaachen.com\/wp-content\/uploads\/2025\/08\/RuNiSuoYuan_Dir-HAO-ZHOU_Still-1-2048x1152.jpg 2048w, https:\/\/filmfestaachen.com\/wp-content\/uploads\/2025\/08\/RuNiSuoYuan_Dir-HAO-ZHOU_Still-1-18x10.jpg 18w, https:\/\/filmfestaachen.com\/wp-content\/uploads\/2025\/08\/RuNiSuoYuan_Dir-HAO-ZHOU_Still-1-1320x743.jpg 1320w\" sizes=\"(max-width: 2560px) 100vw, 2560px\" \/><\/a><\/figure><div class=\"elementor-image-box-content\"><h3 class=\"elementor-image-box-title\"><a href=\"https:\/\/filmfestaachen.com\/en\/programm\/correct-me-if-im-wrong\/\">Correct me if I'm wrong<\/a><\/h3><p class=\"elementor-image-box-description\">Germany, 2025, 23 min, Hao Zhou, Chinese \n\n<\/p><\/div><\/div>\t\t\t\t<\/div>\n\t\t\t\t<\/div>\n\t\t\t\t\t<\/div>\n\t\t\t\t<\/div>\n\t\t\t\t<\/div>","protected":false},"excerpt":{"rendered":"<p>Short film program II: 5 short films, 89 min What happens to your idea of home, if you can never return? The short program Home, interrupted circles around contemporary stories of distance, displacement, and exile, most of them drawn from the filmmakers\u2019 biographies. These short films are personal, sometimes painfully so, and speak to the [&hellip;]<\/p>","protected":false},"author":2,"featured_media":0,"parent":596,"menu_order":0,"comment_status":"closed","ping_status":"closed","template":"","meta":{"footnotes":""},"class_list":["post-957","page","type-page","status-publish","hentry"],"yoast_head":"<!-- This site is optimized with the Yoast SEO plugin v25.7 - https:\/\/yoast.com\/wordpress\/plugins\/seo\/ -->\n<title>Home, Interrupted - Filmfest Aachen<\/title>\n<meta name=\"robots\" content=\"index, follow, max-snippet:-1, max-image-preview:large, max-video-preview:-1\" \/>\n<link rel=\"canonical\" href=\"https:\/\/filmfestaachen.com\/en\/programm\/home-interrupted\/\" \/>\n<meta property=\"og:locale\" content=\"en_US\" \/>\n<meta property=\"og:type\" content=\"article\" \/>\n<meta property=\"og:title\" content=\"Home, Interrupted - Filmfest Aachen\" \/>\n<meta property=\"og:description\" content=\"Short film program II: 5 short films, 89 min What happens to your idea of home, if you can never return? The short program Home, interrupted circles around contemporary stories of distance, displacement, and exile, most of them drawn from the filmmakers\u2019 biographies. These short films are personal, sometimes painfully so, and speak to the [&hellip;]\" \/>\n<meta property=\"og:url\" content=\"https:\/\/filmfestaachen.com\/en\/programm\/home-interrupted\/\" \/>\n<meta property=\"og:site_name\" content=\"Filmfest Aachen\" \/>\n<meta property=\"article:modified_time\" content=\"2025-08-23T16:09:08+00:00\" \/>\n<meta property=\"og:image\" content=\"https:\/\/filmfestaachen.com\/wp-content\/uploads\/2025\/08\/RuNiSuoYuan_Dir-HAO-ZHOU_Still-1-scaled.jpg\" \/>\n\t<meta property=\"og:image:width\" content=\"2560\" \/>\n\t<meta property=\"og:image:height\" content=\"1440\" \/>\n\t<meta property=\"og:image:type\" content=\"image\/jpeg\" \/>\n<meta name=\"twitter:card\" content=\"summary_large_image\" \/>\n<meta name=\"twitter:label1\" content=\"Est. reading time\" \/>\n\t<meta name=\"twitter:data1\" content=\"4 minutes\" \/>\n<script type=\"application\/ld+json\" class=\"yoast-schema-graph\">{\"@context\":\"https:\/\/schema.org\",\"@graph\":[{\"@type\":\"WebPage\",\"@id\":\"https:\/\/filmfestaachen.com\/programm\/home-interrupted\/\",\"url\":\"https:\/\/filmfestaachen.com\/programm\/home-interrupted\/\",\"name\":\"Home, Interrupted - Filmfest Aachen\",\"isPartOf\":{\"@id\":\"https:\/\/filmfestaachen.com\/#website\"},\"primaryImageOfPage\":{\"@id\":\"https:\/\/filmfestaachen.com\/programm\/home-interrupted\/#primaryimage\"},\"image\":{\"@id\":\"https:\/\/filmfestaachen.com\/programm\/home-interrupted\/#primaryimage\"},\"thumbnailUrl\":\"https:\/\/filmfestaachen.com\/wp-content\/uploads\/2025\/08\/RuNiSuoYuan_Dir-HAO-ZHOU_Still-1-1024x576.jpg\",\"datePublished\":\"2025-08-15T13:54:50+00:00\",\"dateModified\":\"2025-08-23T16:09:08+00:00\",\"breadcrumb\":{\"@id\":\"https:\/\/filmfestaachen.com\/programm\/home-interrupted\/#breadcrumb\"},\"inLanguage\":\"en-US\",\"potentialAction\":[{\"@type\":\"ReadAction\",\"target\":[\"https:\/\/filmfestaachen.com\/programm\/home-interrupted\/\"]}]},{\"@type\":\"ImageObject\",\"inLanguage\":\"en-US\",\"@id\":\"https:\/\/filmfestaachen.com\/programm\/home-interrupted\/#primaryimage\",\"url\":\"https:\/\/filmfestaachen.com\/wp-content\/uploads\/2025\/08\/RuNiSuoYuan_Dir-HAO-ZHOU_Still-1-1024x576.jpg\",\"contentUrl\":\"https:\/\/filmfestaachen.com\/wp-content\/uploads\/2025\/08\/RuNiSuoYuan_Dir-HAO-ZHOU_Still-1-1024x576.jpg\"},{\"@type\":\"BreadcrumbList\",\"@id\":\"https:\/\/filmfestaachen.com\/programm\/home-interrupted\/#breadcrumb\",\"itemListElement\":[{\"@type\":\"ListItem\",\"position\":1,\"name\":\"Startseite\",\"item\":\"https:\/\/filmfestaachen.com\/\"},{\"@type\":\"ListItem\",\"position\":2,\"name\":\"Programm\",\"item\":\"https:\/\/filmfestaachen.com\/programm\/\"},{\"@type\":\"ListItem\",\"position\":3,\"name\":\"Home, Interrupted\"}]},{\"@type\":\"WebSite\",\"@id\":\"https:\/\/filmfestaachen.com\/#website\",\"url\":\"https:\/\/filmfestaachen.com\/\",\"name\":\"Filmfest Aachen\",\"description\":\"Filmkultur auf Augenh\u00f6he!\",\"publisher\":{\"@id\":\"https:\/\/filmfestaachen.com\/#organization\"},\"potentialAction\":[{\"@type\":\"SearchAction\",\"target\":{\"@type\":\"EntryPoint\",\"urlTemplate\":\"https:\/\/filmfestaachen.com\/?s={search_term_string}\"},\"query-input\":{\"@type\":\"PropertyValueSpecification\",\"valueRequired\":true,\"valueName\":\"search_term_string\"}}],\"inLanguage\":\"en-US\"},{\"@type\":\"Organization\",\"@id\":\"https:\/\/filmfestaachen.com\/#organization\",\"name\":\"Filmfest Aachen\",\"url\":\"https:\/\/filmfestaachen.com\/\",\"logo\":{\"@type\":\"ImageObject\",\"inLanguage\":\"en-US\",\"@id\":\"https:\/\/filmfestaachen.com\/#\/schema\/logo\/image\/\",\"url\":\"https:\/\/filmfestaachen.com\/wp-content\/uploads\/2024\/07\/FFAWhite.png\",\"contentUrl\":\"https:\/\/filmfestaachen.com\/wp-content\/uploads\/2024\/07\/FFAWhite.png\",\"width\":937,\"height\":633,\"caption\":\"Filmfest Aachen\"},\"image\":{\"@id\":\"https:\/\/filmfestaachen.com\/#\/schema\/logo\/image\/\"},\"sameAs\":[\"https:\/\/www.instagram.com\/filmfestaachen\/\",\"https:\/\/letterboxd.com\/filmfestaachen\/\"]}]}<\/script>\n<!-- \/ Yoast SEO plugin. -->","yoast_head_json":{"title":"Home, Interrupted - Filmfest Aachen","robots":{"index":"index","follow":"follow","max-snippet":"max-snippet:-1","max-image-preview":"max-image-preview:large","max-video-preview":"max-video-preview:-1"},"canonical":"https:\/\/filmfestaachen.com\/en\/programm\/home-interrupted\/","og_locale":"en_US","og_type":"article","og_title":"Home, Interrupted - Filmfest Aachen","og_description":"Short film program II: 5 short films, 89 min What happens to your idea of home, if you can never return? The short program Home, interrupted circles around contemporary stories of distance, displacement, and exile, most of them drawn from the filmmakers\u2019 biographies. These short films are personal, sometimes painfully so, and speak to the [&hellip;]","og_url":"https:\/\/filmfestaachen.com\/en\/programm\/home-interrupted\/","og_site_name":"Filmfest Aachen","article_modified_time":"2025-08-23T16:09:08+00:00","og_image":[{"width":2560,"height":1440,"url":"https:\/\/filmfestaachen.com\/wp-content\/uploads\/2025\/08\/RuNiSuoYuan_Dir-HAO-ZHOU_Still-1-scaled.jpg","type":"image\/jpeg"}],"twitter_card":"summary_large_image","twitter_misc":{"Est. reading time":"4 minutes"},"schema":{"@context":"https:\/\/schema.org","@graph":[{"@type":"WebPage","@id":"https:\/\/filmfestaachen.com\/programm\/home-interrupted\/","url":"https:\/\/filmfestaachen.com\/programm\/home-interrupted\/","name":"Home, Interrupted - Filmfest Aachen","isPartOf":{"@id":"https:\/\/filmfestaachen.com\/#website"},"primaryImageOfPage":{"@id":"https:\/\/filmfestaachen.com\/programm\/home-interrupted\/#primaryimage"},"image":{"@id":"https:\/\/filmfestaachen.com\/programm\/home-interrupted\/#primaryimage"},"thumbnailUrl":"https:\/\/filmfestaachen.com\/wp-content\/uploads\/2025\/08\/RuNiSuoYuan_Dir-HAO-ZHOU_Still-1-1024x576.jpg","datePublished":"2025-08-15T13:54:50+00:00","dateModified":"2025-08-23T16:09:08+00:00","breadcrumb":{"@id":"https:\/\/filmfestaachen.com\/programm\/home-interrupted\/#breadcrumb"},"inLanguage":"en-US","potentialAction":[{"@type":"ReadAction","target":["https:\/\/filmfestaachen.com\/programm\/home-interrupted\/"]}]},{"@type":"ImageObject","inLanguage":"en-US","@id":"https:\/\/filmfestaachen.com\/programm\/home-interrupted\/#primaryimage","url":"https:\/\/filmfestaachen.com\/wp-content\/uploads\/2025\/08\/RuNiSuoYuan_Dir-HAO-ZHOU_Still-1-1024x576.jpg","contentUrl":"https:\/\/filmfestaachen.com\/wp-content\/uploads\/2025\/08\/RuNiSuoYuan_Dir-HAO-ZHOU_Still-1-1024x576.jpg"},{"@type":"BreadcrumbList","@id":"https:\/\/filmfestaachen.com\/programm\/home-interrupted\/#breadcrumb","itemListElement":[{"@type":"ListItem","position":1,"name":"Startseite","item":"https:\/\/filmfestaachen.com\/"},{"@type":"ListItem","position":2,"name":"Programm","item":"https:\/\/filmfestaachen.com\/programm\/"},{"@type":"ListItem","position":3,"name":"Home, Interrupted"}]},{"@type":"WebSite","@id":"https:\/\/filmfestaachen.com\/#website","url":"https:\/\/filmfestaachen.com\/","name":"Filmfest Aachen","description":"Filmkultur auf Augenh\u00f6he!","publisher":{"@id":"https:\/\/filmfestaachen.com\/#organization"},"potentialAction":[{"@type":"SearchAction","target":{"@type":"EntryPoint","urlTemplate":"https:\/\/filmfestaachen.com\/?s={search_term_string}"},"query-input":{"@type":"PropertyValueSpecification","valueRequired":true,"valueName":"search_term_string"}}],"inLanguage":"en-US"},{"@type":"Organization","@id":"https:\/\/filmfestaachen.com\/#organization","name":"Filmfest Aachen","url":"https:\/\/filmfestaachen.com\/","logo":{"@type":"ImageObject","inLanguage":"en-US","@id":"https:\/\/filmfestaachen.com\/#\/schema\/logo\/image\/","url":"https:\/\/filmfestaachen.com\/wp-content\/uploads\/2024\/07\/FFAWhite.png","contentUrl":"https:\/\/filmfestaachen.com\/wp-content\/uploads\/2024\/07\/FFAWhite.png","width":937,"height":633,"caption":"Filmfest Aachen"},"image":{"@id":"https:\/\/filmfestaachen.com\/#\/schema\/logo\/image\/"},"sameAs":["https:\/\/www.instagram.com\/filmfestaachen\/","https:\/\/letterboxd.com\/filmfestaachen\/"]}]}},"_links":{"self":[{"href":"https:\/\/filmfestaachen.com\/en\/wp-json\/wp\/v2\/pages\/957","targetHints":{"allow":["GET"]}}],"collection":[{"href":"https:\/\/filmfestaachen.com\/en\/wp-json\/wp\/v2\/pages"}],"about":[{"href":"https:\/\/filmfestaachen.com\/en\/wp-json\/wp\/v2\/types\/page"}],"author":[{"embeddable":true,"href":"https:\/\/filmfestaachen.com\/en\/wp-json\/wp\/v2\/users\/2"}],"replies":[{"embeddable":true,"href":"https:\/\/filmfestaachen.com\/en\/wp-json\/wp\/v2\/comments?post=957"}],"version-history":[{"count":0,"href":"https:\/\/filmfestaachen.com\/en\/wp-json\/wp\/v2\/pages\/957\/revisions"}],"up":[{"embeddable":true,"href":"https:\/\/filmfestaachen.com\/en\/wp-json\/wp\/v2\/pages\/596"}],"wp:attachment":[{"href":"https:\/\/filmfestaachen.com\/en\/wp-json\/wp\/v2\/media?parent=957"}],"curies":[{"name":"wp","href":"https:\/\/api.w.org\/{rel}","templated":true}]}}