{"id":995,"date":"2025-08-15T16:14:56","date_gmt":"2025-08-15T14:14:56","guid":{"rendered":"https:\/\/filmfestaachen.com\/?page_id=995"},"modified":"2025-08-23T19:26:58","modified_gmt":"2025-08-23T17:26:58","slug":"aachener-competition-1","status":"publish","type":"page","link":"https:\/\/filmfestaachen.com\/en\/programm\/aachener-competition-1\/","title":{"rendered":"Oecher Competition I"},"content":{"rendered":"<div data-elementor-type=\"wp-page\" data-elementor-id=\"995\" class=\"elementor elementor-995\">\n\t\t\t\t<div class=\"elementor-element elementor-element-f10135a e-flex e-con-boxed e-con e-parent\" data-id=\"f10135a\" data-element_type=\"container\">\n\t\t\t\t\t<div class=\"e-con-inner\">\n\t\t\t\t<div class=\"elementor-element elementor-element-c71be05 elementor-widget elementor-widget-image\" data-id=\"c71be05\" data-element_type=\"widget\" data-widget_type=\"image.default\">\n\t\t\t\t<div class=\"elementor-widget-container\">\n\t\t\t\t\t\t\t\t\t\t\t\t\t\t\t<img fetchpriority=\"high\" decoding=\"async\" width=\"1024\" height=\"675\" src=\"https:\/\/filmfestaachen.com\/wp-content\/uploads\/2025\/08\/Section-Announcement_klein-1024x675.jpg\" class=\"attachment-large size-large wp-image-1509\" alt=\"\" srcset=\"https:\/\/filmfestaachen.com\/wp-content\/uploads\/2025\/08\/Section-Announcement_klein-1024x675.jpg 1024w, https:\/\/filmfestaachen.com\/wp-content\/uploads\/2025\/08\/Section-Announcement_klein-300x198.jpg 300w, https:\/\/filmfestaachen.com\/wp-content\/uploads\/2025\/08\/Section-Announcement_klein-768x506.jpg 768w, https:\/\/filmfestaachen.com\/wp-content\/uploads\/2025\/08\/Section-Announcement_klein-18x12.jpg 18w, https:\/\/filmfestaachen.com\/wp-content\/uploads\/2025\/08\/Section-Announcement_klein.jpg 1080w\" sizes=\"(max-width: 1024px) 100vw, 1024px\" \/>\t\t\t\t\t\t\t\t\t\t\t\t\t\t\t<\/div>\n\t\t\t\t<\/div>\n\t\t\t\t\t<\/div>\n\t\t\t\t<\/div>\n\t\t<div class=\"elementor-element elementor-element-1e129aa e-flex e-con-boxed e-con e-parent\" data-id=\"1e129aa\" data-element_type=\"container\">\n\t\t\t\t\t<div class=\"e-con-inner\">\n\t\t\t\t<div class=\"elementor-element elementor-element-267ca9f elementor-widget elementor-widget-text-editor\" data-id=\"267ca9f\" data-element_type=\"widget\" data-widget_type=\"text-editor.default\">\n\t\t\t\t<div class=\"elementor-widget-container\">\n\t\t\t\t\t\t\t\t\t<p><strong>\u00d6cher Competition I: &#8222;Aachen at Night&#8220;<\/strong><\/p><p class=\"MsoNormal\"><span lang=\"EN-US\">In the first block of the Aachen Competition, surroundings are cast in unusually dark shadows \u2013 whether in the thundering bass of a music video, grainy animation, or an expressionistic shadow play. Some things shine brighter in the dark; political backdrops, be it the deafening L\u00fctzerath or a game of hide-and-seek between prison and kiosk.<\/span><\/p><p><span class=\"a_GcMg font-feature-liga-off font-feature-clig-off font-feature-calt-off text-decoration-none text-strikethrough-none\">Im ersten Block des Aachener Wettbewerbs h\u00fcllen sich die Schaupl\u00e4tze in ungewohnt dunkle Schatten \u2013 sei es im dr\u00f6hnenden Bass eines Musikvideos, in k\u00f6rniger Animation oder in einem expressionistischen Schattenspiel. Manche Dinge leuchten im Dunkeln heller, so auch politische Kulissen \u2013 ob im bet\u00f6renden L\u00fctzerath oder beim Versteckspiel zwischen Gef\u00e4ngnis und Kiosk.<\/span><\/p>\t\t\t\t\t\t\t\t<\/div>\n\t\t\t\t<\/div>\n\t\t\t\t\t<\/div>\n\t\t\t\t<\/div>\n\t\t<div class=\"elementor-element elementor-element-b6dd8e0 e-flex e-con-boxed e-con e-parent\" data-id=\"b6dd8e0\" data-element_type=\"container\">\n\t\t\t\t\t<div class=\"e-con-inner\">\n\t\t\t\t<div class=\"elementor-element elementor-element-eded26f elementor-position-left elementor-vertical-align-top elementor-widget elementor-widget-image-box\" data-id=\"eded26f\" data-element_type=\"widget\" data-widget_type=\"image-box.default\">\n\t\t\t\t<div class=\"elementor-widget-container\">\n\t\t\t\t\t<div class=\"elementor-image-box-wrapper\"><figure class=\"elementor-image-box-img\"><a href=\"https:\/\/filmfestaachen.com\/en\/programm\/peter-will-verschwinden\/\" tabindex=\"-1\"><img decoding=\"async\" width=\"1920\" height=\"1080\" src=\"https:\/\/filmfestaachen.com\/wp-content\/uploads\/2025\/08\/peter.jpg\" class=\"attachment-full size-full wp-image-1152\" alt=\"\" srcset=\"https:\/\/filmfestaachen.com\/wp-content\/uploads\/2025\/08\/peter.jpg 1920w, https:\/\/filmfestaachen.com\/wp-content\/uploads\/2025\/08\/peter-300x169.jpg 300w, https:\/\/filmfestaachen.com\/wp-content\/uploads\/2025\/08\/peter-1024x576.jpg 1024w, https:\/\/filmfestaachen.com\/wp-content\/uploads\/2025\/08\/peter-768x432.jpg 768w, https:\/\/filmfestaachen.com\/wp-content\/uploads\/2025\/08\/peter-1536x864.jpg 1536w, https:\/\/filmfestaachen.com\/wp-content\/uploads\/2025\/08\/peter-18x10.jpg 18w, https:\/\/filmfestaachen.com\/wp-content\/uploads\/2025\/08\/peter-1320x743.jpg 1320w\" sizes=\"(max-width: 1920px) 100vw, 1920px\" \/><\/a><\/figure><div class=\"elementor-image-box-content\"><h4 class=\"elementor-image-box-title\"><a href=\"https:\/\/filmfestaachen.com\/en\/programm\/peter-will-verschwinden\/\">Peter Will Verschwinden<\/a><\/h4><p class=\"elementor-image-box-description\">Germany, 2025, 8 min, Peter Golm, German<\/p><\/div><\/div>\t\t\t\t<\/div>\n\t\t\t\t<\/div>\n\t\t\t\t<div class=\"elementor-element elementor-element-3224cc5 elementor-position-left elementor-vertical-align-top elementor-widget elementor-widget-image-box\" data-id=\"3224cc5\" data-element_type=\"widget\" data-widget_type=\"image-box.default\">\n\t\t\t\t<div class=\"elementor-widget-container\">\n\t\t\t\t\t<div class=\"elementor-image-box-wrapper\"><figure class=\"elementor-image-box-img\"><a href=\"https:\/\/filmfestaachen.com\/en\/programm\/maskdealer\/\" tabindex=\"-1\"><img decoding=\"async\" width=\"1280\" height=\"720\" src=\"https:\/\/filmfestaachen.com\/wp-content\/uploads\/2025\/08\/mask.jpg\" class=\"attachment-full size-full wp-image-1156\" alt=\"\" srcset=\"https:\/\/filmfestaachen.com\/wp-content\/uploads\/2025\/08\/mask.jpg 1280w, https:\/\/filmfestaachen.com\/wp-content\/uploads\/2025\/08\/mask-300x169.jpg 300w, https:\/\/filmfestaachen.com\/wp-content\/uploads\/2025\/08\/mask-1024x576.jpg 1024w, https:\/\/filmfestaachen.com\/wp-content\/uploads\/2025\/08\/mask-768x432.jpg 768w, https:\/\/filmfestaachen.com\/wp-content\/uploads\/2025\/08\/mask-18x10.jpg 18w\" sizes=\"(max-width: 1280px) 100vw, 1280px\" \/><\/a><\/figure><div class=\"elementor-image-box-content\"><h4 class=\"elementor-image-box-title\"><a href=\"https:\/\/filmfestaachen.com\/en\/programm\/maskdealer\/\">Maskdealer<\/a><\/h4><p class=\"elementor-image-box-description\">Germany, 2025, 9 min, Tim Gro\u00dfe, no dialogue<\/p><\/div><\/div>\t\t\t\t<\/div>\n\t\t\t\t<\/div>\n\t\t\t\t<div class=\"elementor-element elementor-element-05ca96f elementor-position-left elementor-vertical-align-top elementor-widget elementor-widget-image-box\" data-id=\"05ca96f\" data-element_type=\"widget\" data-widget_type=\"image-box.default\">\n\t\t\t\t<div class=\"elementor-widget-container\">\n\t\t\t\t\t<div class=\"elementor-image-box-wrapper\"><figure class=\"elementor-image-box-img\"><a href=\"https:\/\/filmfestaachen.com\/en\/programm\/natural-art\/\" tabindex=\"-1\"><img loading=\"lazy\" decoding=\"async\" width=\"1920\" height=\"1080\" src=\"https:\/\/filmfestaachen.com\/wp-content\/uploads\/2025\/08\/hen.jpg\" class=\"attachment-full size-full wp-image-813\" alt=\"\" srcset=\"https:\/\/filmfestaachen.com\/wp-content\/uploads\/2025\/08\/hen.jpg 1920w, https:\/\/filmfestaachen.com\/wp-content\/uploads\/2025\/08\/hen-300x169.jpg 300w, https:\/\/filmfestaachen.com\/wp-content\/uploads\/2025\/08\/hen-1024x576.jpg 1024w, https:\/\/filmfestaachen.com\/wp-content\/uploads\/2025\/08\/hen-768x432.jpg 768w, https:\/\/filmfestaachen.com\/wp-content\/uploads\/2025\/08\/hen-1536x864.jpg 1536w, https:\/\/filmfestaachen.com\/wp-content\/uploads\/2025\/08\/hen-18x10.jpg 18w, https:\/\/filmfestaachen.com\/wp-content\/uploads\/2025\/08\/hen-1320x743.jpg 1320w\" sizes=\"(max-width: 1920px) 100vw, 1920px\" \/><\/a><\/figure><div class=\"elementor-image-box-content\"><h4 class=\"elementor-image-box-title\"><a href=\"https:\/\/filmfestaachen.com\/en\/programm\/natural-art\/\">Natural Art<\/a><\/h4><p class=\"elementor-image-box-description\">Germany, 2024, 9 min, Henrik Bobb, no dialogue\u00a0<\/p><\/div><\/div>\t\t\t\t<\/div>\n\t\t\t\t<\/div>\n\t\t\t\t<div class=\"elementor-element elementor-element-0580357 elementor-position-left elementor-vertical-align-top elementor-widget elementor-widget-image-box\" data-id=\"0580357\" data-element_type=\"widget\" data-widget_type=\"image-box.default\">\n\t\t\t\t<div class=\"elementor-widget-container\">\n\t\t\t\t\t<div class=\"elementor-image-box-wrapper\"><figure class=\"elementor-image-box-img\"><a href=\"https:\/\/filmfestaachen.com\/en\/programm\/the-listener\/\" tabindex=\"-1\"><img loading=\"lazy\" decoding=\"async\" width=\"1726\" height=\"1080\" src=\"https:\/\/filmfestaachen.com\/wp-content\/uploads\/2025\/08\/1000008338.jpg\" class=\"attachment-full size-full wp-image-1149\" alt=\"\" srcset=\"https:\/\/filmfestaachen.com\/wp-content\/uploads\/2025\/08\/1000008338.jpg 1726w, https:\/\/filmfestaachen.com\/wp-content\/uploads\/2025\/08\/1000008338-300x188.jpg 300w, https:\/\/filmfestaachen.com\/wp-content\/uploads\/2025\/08\/1000008338-1024x641.jpg 1024w, https:\/\/filmfestaachen.com\/wp-content\/uploads\/2025\/08\/1000008338-768x481.jpg 768w, https:\/\/filmfestaachen.com\/wp-content\/uploads\/2025\/08\/1000008338-1536x961.jpg 1536w, https:\/\/filmfestaachen.com\/wp-content\/uploads\/2025\/08\/1000008338-18x12.jpg 18w, https:\/\/filmfestaachen.com\/wp-content\/uploads\/2025\/08\/1000008338-1320x826.jpg 1320w\" sizes=\"(max-width: 1726px) 100vw, 1726px\" \/><\/a><\/figure><div class=\"elementor-image-box-content\"><h4 class=\"elementor-image-box-title\"><a href=\"https:\/\/filmfestaachen.com\/en\/programm\/the-listener\/\">The Listener<\/a><\/h4><p class=\"elementor-image-box-description\">Germany, 2025, 8 min, Carlos-Ernesto Adam, German\u00a0<\/p><\/div><\/div>\t\t\t\t<\/div>\n\t\t\t\t<\/div>\n\t\t\t\t<div class=\"elementor-element elementor-element-7b4d071 elementor-position-left elementor-vertical-align-top elementor-widget elementor-widget-image-box\" data-id=\"7b4d071\" data-element_type=\"widget\" data-widget_type=\"image-box.default\">\n\t\t\t\t<div class=\"elementor-widget-container\">\n\t\t\t\t\t<div class=\"elementor-image-box-wrapper\"><figure class=\"elementor-image-box-img\"><a href=\"https:\/\/filmfestaachen.com\/en\/programm\/leaning-on-the-tree\/\" tabindex=\"-1\"><img loading=\"lazy\" decoding=\"async\" width=\"708\" height=\"512\" src=\"https:\/\/filmfestaachen.com\/wp-content\/uploads\/2025\/08\/P_6780_hang_am_baum_01_detail.jpg\" class=\"attachment-full size-full wp-image-1150\" alt=\"\" srcset=\"https:\/\/filmfestaachen.com\/wp-content\/uploads\/2025\/08\/P_6780_hang_am_baum_01_detail.jpg 708w, https:\/\/filmfestaachen.com\/wp-content\/uploads\/2025\/08\/P_6780_hang_am_baum_01_detail-300x217.jpg 300w, https:\/\/filmfestaachen.com\/wp-content\/uploads\/2025\/08\/P_6780_hang_am_baum_01_detail-18x12.jpg 18w\" sizes=\"(max-width: 708px) 100vw, 708px\" \/><\/a><\/figure><div class=\"elementor-image-box-content\"><h4 class=\"elementor-image-box-title\"><a href=\"https:\/\/filmfestaachen.com\/en\/programm\/leaning-on-the-tree\/\">Hang Am Baum<\/a><\/h4><p class=\"elementor-image-box-description\">Germany, 2024, 13 min,\u00a0Lucas D\u00fclligen, German\u00a0<\/p><\/div><\/div>\t\t\t\t<\/div>\n\t\t\t\t<\/div>\n\t\t\t\t<div class=\"elementor-element elementor-element-f7d6043 elementor-position-left elementor-vertical-align-top elementor-widget elementor-widget-image-box\" data-id=\"f7d6043\" data-element_type=\"widget\" data-widget_type=\"image-box.default\">\n\t\t\t\t<div class=\"elementor-widget-container\">\n\t\t\t\t\t<div class=\"elementor-image-box-wrapper\"><figure class=\"elementor-image-box-img\"><a href=\"https:\/\/filmfestaachen.com\/en\/programm\/ikarus\/\" tabindex=\"-1\"><img loading=\"lazy\" decoding=\"async\" width=\"1920\" height=\"1080\" src=\"https:\/\/filmfestaachen.com\/wp-content\/uploads\/2025\/08\/IKARUS_Still_7-1.jpg\" class=\"attachment-full size-full wp-image-1151\" alt=\"\" srcset=\"https:\/\/filmfestaachen.com\/wp-content\/uploads\/2025\/08\/IKARUS_Still_7-1.jpg 1920w, https:\/\/filmfestaachen.com\/wp-content\/uploads\/2025\/08\/IKARUS_Still_7-1-300x169.jpg 300w, https:\/\/filmfestaachen.com\/wp-content\/uploads\/2025\/08\/IKARUS_Still_7-1-1024x576.jpg 1024w, https:\/\/filmfestaachen.com\/wp-content\/uploads\/2025\/08\/IKARUS_Still_7-1-768x432.jpg 768w, https:\/\/filmfestaachen.com\/wp-content\/uploads\/2025\/08\/IKARUS_Still_7-1-1536x864.jpg 1536w, https:\/\/filmfestaachen.com\/wp-content\/uploads\/2025\/08\/IKARUS_Still_7-1-18x10.jpg 18w, https:\/\/filmfestaachen.com\/wp-content\/uploads\/2025\/08\/IKARUS_Still_7-1-1320x743.jpg 1320w\" sizes=\"(max-width: 1920px) 100vw, 1920px\" \/><\/a><\/figure><div class=\"elementor-image-box-content\"><h4 class=\"elementor-image-box-title\"><a href=\"https:\/\/filmfestaachen.com\/en\/programm\/ikarus\/\">Ikarus<\/a><\/h4><p class=\"elementor-image-box-description\">Germany, 2025, 25 min,\u00a0Janis Kleinwaechter, German\u00a0<\/p><\/div><\/div>\t\t\t\t<\/div>\n\t\t\t\t<\/div>\n\t\t\t\t<div class=\"elementor-element elementor-element-923b25c elementor-align-center elementor-widget elementor-widget-button\" data-id=\"923b25c\" data-element_type=\"widget\" data-widget_type=\"button.default\">\n\t\t\t\t<div class=\"elementor-widget-container\">\n\t\t\t\t\t\t\t\t\t<div class=\"elementor-button-wrapper\">\n\t\t\t\t\t<a class=\"elementor-button elementor-button-link elementor-size-sm\" href=\"https:\/\/rausgegangen.de\/events\/ocher-competition-1-filmfest-aachen-2025-0\/\">\n\t\t\t\t\t\t<span class=\"elementor-button-content-wrapper\">\n\t\t\t\t\t\t<span class=\"elementor-button-icon\">\n\t\t\t\t<svg aria-hidden=\"true\" class=\"e-font-icon-svg e-fas-ticket-alt\" viewbox=\"0 0 576 512\" xmlns=\"http:\/\/www.w3.org\/2000\/svg\"><path d=\"M128 160h320v192H128V160zm400 96c0 26.51 21.49 48 48 48v96c0 26.51-21.49 48-48 48H48c-26.51 0-48-21.49-48-48v-96c26.51 0 48-21.49 48-48s-21.49-48-48-48v-96c0-26.51 21.49-48 48-48h480c26.51 0 48 21.49 48 48v96c-26.51 0-48 21.49-48 48zm-48-104c0-13.255-10.745-24-24-24H120c-13.255 0-24 10.745-24 24v208c0 13.255 10.745 24 24 24h336c13.255 0 24-10.745 24-24V152z\"><\/path><\/svg>\t\t\t<\/span>\n\t\t\t\t\t\t\t\t\t<span class=\"elementor-button-text\">TICKETS<\/span>\n\t\t\t\t\t<\/span>\n\t\t\t\t\t<\/a>\n\t\t\t\t<\/div>\n\t\t\t\t\t\t\t\t<\/div>\n\t\t\t\t<\/div>\n\t\t\t\t\t<\/div>\n\t\t\t\t<\/div>\n\t\t\t\t<\/div>","protected":false},"excerpt":{"rendered":"<p>\u00d6cher Competition I: &#8222;Aachen at Night&#8220; In the first block of the Aachen Competition, surroundings are cast in unusually dark shadows \u2013 whether in the thundering bass of a music video, grainy animation, or an expressionistic shadow play. Some things shine brighter in the dark; political backdrops, be it the deafening L\u00fctzerath or a game [&hellip;]<\/p>","protected":false},"author":2,"featured_media":0,"parent":596,"menu_order":0,"comment_status":"closed","ping_status":"closed","template":"","meta":{"footnotes":""},"class_list":["post-995","page","type-page","status-publish","hentry"],"yoast_head":"<!-- This site is optimized with the Yoast SEO plugin v25.7 - https:\/\/yoast.com\/wordpress\/plugins\/seo\/ -->\n<title>Oecher Competition I - Filmfest Aachen<\/title>\n<meta name=\"robots\" content=\"index, follow, max-snippet:-1, max-image-preview:large, max-video-preview:-1\" \/>\n<link rel=\"canonical\" href=\"https:\/\/filmfestaachen.com\/en\/programm\/aachener-competition-1\/\" \/>\n<meta property=\"og:locale\" content=\"en_US\" \/>\n<meta property=\"og:type\" content=\"article\" \/>\n<meta property=\"og:title\" content=\"Oecher Competition I - Filmfest Aachen\" \/>\n<meta property=\"og:description\" content=\"\u00d6cher Competition I: &#8222;Aachen at Night&#8220; In the first block of the Aachen Competition, surroundings are cast in unusually dark shadows \u2013 whether in the thundering bass of a music video, grainy animation, or an expressionistic shadow play. Some things shine brighter in the dark; political backdrops, be it the deafening L\u00fctzerath or a game [&hellip;]\" \/>\n<meta property=\"og:url\" content=\"https:\/\/filmfestaachen.com\/en\/programm\/aachener-competition-1\/\" \/>\n<meta property=\"og:site_name\" content=\"Filmfest Aachen\" \/>\n<meta property=\"article:modified_time\" content=\"2025-08-23T17:26:58+00:00\" \/>\n<meta property=\"og:image\" content=\"https:\/\/filmfestaachen.com\/wp-content\/uploads\/2025\/08\/Section-Announcement_klein.jpg\" \/>\n\t<meta property=\"og:image:width\" content=\"1080\" \/>\n\t<meta property=\"og:image:height\" content=\"712\" \/>\n\t<meta property=\"og:image:type\" content=\"image\/jpeg\" \/>\n<meta name=\"twitter:card\" content=\"summary_large_image\" \/>\n<meta name=\"twitter:label1\" content=\"Est. reading time\" \/>\n\t<meta name=\"twitter:data1\" content=\"3 minutes\" \/>\n<script type=\"application\/ld+json\" class=\"yoast-schema-graph\">{\"@context\":\"https:\/\/schema.org\",\"@graph\":[{\"@type\":\"WebPage\",\"@id\":\"https:\/\/filmfestaachen.com\/programm\/aachener-competition-1\/\",\"url\":\"https:\/\/filmfestaachen.com\/programm\/aachener-competition-1\/\",\"name\":\"Oecher Competition I - Filmfest Aachen\",\"isPartOf\":{\"@id\":\"https:\/\/filmfestaachen.com\/#website\"},\"primaryImageOfPage\":{\"@id\":\"https:\/\/filmfestaachen.com\/programm\/aachener-competition-1\/#primaryimage\"},\"image\":{\"@id\":\"https:\/\/filmfestaachen.com\/programm\/aachener-competition-1\/#primaryimage\"},\"thumbnailUrl\":\"https:\/\/filmfestaachen.com\/wp-content\/uploads\/2025\/08\/Section-Announcement_klein-1024x675.jpg\",\"datePublished\":\"2025-08-15T14:14:56+00:00\",\"dateModified\":\"2025-08-23T17:26:58+00:00\",\"breadcrumb\":{\"@id\":\"https:\/\/filmfestaachen.com\/programm\/aachener-competition-1\/#breadcrumb\"},\"inLanguage\":\"en-US\",\"potentialAction\":[{\"@type\":\"ReadAction\",\"target\":[\"https:\/\/filmfestaachen.com\/programm\/aachener-competition-1\/\"]}]},{\"@type\":\"ImageObject\",\"inLanguage\":\"en-US\",\"@id\":\"https:\/\/filmfestaachen.com\/programm\/aachener-competition-1\/#primaryimage\",\"url\":\"https:\/\/filmfestaachen.com\/wp-content\/uploads\/2025\/08\/Section-Announcement_klein-1024x675.jpg\",\"contentUrl\":\"https:\/\/filmfestaachen.com\/wp-content\/uploads\/2025\/08\/Section-Announcement_klein-1024x675.jpg\"},{\"@type\":\"BreadcrumbList\",\"@id\":\"https:\/\/filmfestaachen.com\/programm\/aachener-competition-1\/#breadcrumb\",\"itemListElement\":[{\"@type\":\"ListItem\",\"position\":1,\"name\":\"Startseite\",\"item\":\"https:\/\/filmfestaachen.com\/\"},{\"@type\":\"ListItem\",\"position\":2,\"name\":\"Programm\",\"item\":\"https:\/\/filmfestaachen.com\/programm\/\"},{\"@type\":\"ListItem\",\"position\":3,\"name\":\"Oecher Competition I\"}]},{\"@type\":\"WebSite\",\"@id\":\"https:\/\/filmfestaachen.com\/#website\",\"url\":\"https:\/\/filmfestaachen.com\/\",\"name\":\"Filmfest Aachen\",\"description\":\"Filmkultur auf Augenh\u00f6he!\",\"publisher\":{\"@id\":\"https:\/\/filmfestaachen.com\/#organization\"},\"potentialAction\":[{\"@type\":\"SearchAction\",\"target\":{\"@type\":\"EntryPoint\",\"urlTemplate\":\"https:\/\/filmfestaachen.com\/?s={search_term_string}\"},\"query-input\":{\"@type\":\"PropertyValueSpecification\",\"valueRequired\":true,\"valueName\":\"search_term_string\"}}],\"inLanguage\":\"en-US\"},{\"@type\":\"Organization\",\"@id\":\"https:\/\/filmfestaachen.com\/#organization\",\"name\":\"Filmfest Aachen\",\"url\":\"https:\/\/filmfestaachen.com\/\",\"logo\":{\"@type\":\"ImageObject\",\"inLanguage\":\"en-US\",\"@id\":\"https:\/\/filmfestaachen.com\/#\/schema\/logo\/image\/\",\"url\":\"https:\/\/filmfestaachen.com\/wp-content\/uploads\/2024\/07\/FFAWhite.png\",\"contentUrl\":\"https:\/\/filmfestaachen.com\/wp-content\/uploads\/2024\/07\/FFAWhite.png\",\"width\":937,\"height\":633,\"caption\":\"Filmfest Aachen\"},\"image\":{\"@id\":\"https:\/\/filmfestaachen.com\/#\/schema\/logo\/image\/\"},\"sameAs\":[\"https:\/\/www.instagram.com\/filmfestaachen\/\",\"https:\/\/letterboxd.com\/filmfestaachen\/\"]}]}<\/script>\n<!-- \/ Yoast SEO plugin. -->","yoast_head_json":{"title":"Oecher Competition I - Filmfest Aachen","robots":{"index":"index","follow":"follow","max-snippet":"max-snippet:-1","max-image-preview":"max-image-preview:large","max-video-preview":"max-video-preview:-1"},"canonical":"https:\/\/filmfestaachen.com\/en\/programm\/aachener-competition-1\/","og_locale":"en_US","og_type":"article","og_title":"Oecher Competition I - Filmfest Aachen","og_description":"\u00d6cher Competition I: &#8222;Aachen at Night&#8220; In the first block of the Aachen Competition, surroundings are cast in unusually dark shadows \u2013 whether in the thundering bass of a music video, grainy animation, or an expressionistic shadow play. Some things shine brighter in the dark; political backdrops, be it the deafening L\u00fctzerath or a game [&hellip;]","og_url":"https:\/\/filmfestaachen.com\/en\/programm\/aachener-competition-1\/","og_site_name":"Filmfest Aachen","article_modified_time":"2025-08-23T17:26:58+00:00","og_image":[{"width":1080,"height":712,"url":"https:\/\/filmfestaachen.com\/wp-content\/uploads\/2025\/08\/Section-Announcement_klein.jpg","type":"image\/jpeg"}],"twitter_card":"summary_large_image","twitter_misc":{"Est. reading time":"3 minutes"},"schema":{"@context":"https:\/\/schema.org","@graph":[{"@type":"WebPage","@id":"https:\/\/filmfestaachen.com\/programm\/aachener-competition-1\/","url":"https:\/\/filmfestaachen.com\/programm\/aachener-competition-1\/","name":"Oecher Competition I - Filmfest Aachen","isPartOf":{"@id":"https:\/\/filmfestaachen.com\/#website"},"primaryImageOfPage":{"@id":"https:\/\/filmfestaachen.com\/programm\/aachener-competition-1\/#primaryimage"},"image":{"@id":"https:\/\/filmfestaachen.com\/programm\/aachener-competition-1\/#primaryimage"},"thumbnailUrl":"https:\/\/filmfestaachen.com\/wp-content\/uploads\/2025\/08\/Section-Announcement_klein-1024x675.jpg","datePublished":"2025-08-15T14:14:56+00:00","dateModified":"2025-08-23T17:26:58+00:00","breadcrumb":{"@id":"https:\/\/filmfestaachen.com\/programm\/aachener-competition-1\/#breadcrumb"},"inLanguage":"en-US","potentialAction":[{"@type":"ReadAction","target":["https:\/\/filmfestaachen.com\/programm\/aachener-competition-1\/"]}]},{"@type":"ImageObject","inLanguage":"en-US","@id":"https:\/\/filmfestaachen.com\/programm\/aachener-competition-1\/#primaryimage","url":"https:\/\/filmfestaachen.com\/wp-content\/uploads\/2025\/08\/Section-Announcement_klein-1024x675.jpg","contentUrl":"https:\/\/filmfestaachen.com\/wp-content\/uploads\/2025\/08\/Section-Announcement_klein-1024x675.jpg"},{"@type":"BreadcrumbList","@id":"https:\/\/filmfestaachen.com\/programm\/aachener-competition-1\/#breadcrumb","itemListElement":[{"@type":"ListItem","position":1,"name":"Startseite","item":"https:\/\/filmfestaachen.com\/"},{"@type":"ListItem","position":2,"name":"Programm","item":"https:\/\/filmfestaachen.com\/programm\/"},{"@type":"ListItem","position":3,"name":"Oecher Competition I"}]},{"@type":"WebSite","@id":"https:\/\/filmfestaachen.com\/#website","url":"https:\/\/filmfestaachen.com\/","name":"Filmfest Aachen","description":"Filmkultur auf Augenh\u00f6he!","publisher":{"@id":"https:\/\/filmfestaachen.com\/#organization"},"potentialAction":[{"@type":"SearchAction","target":{"@type":"EntryPoint","urlTemplate":"https:\/\/filmfestaachen.com\/?s={search_term_string}"},"query-input":{"@type":"PropertyValueSpecification","valueRequired":true,"valueName":"search_term_string"}}],"inLanguage":"en-US"},{"@type":"Organization","@id":"https:\/\/filmfestaachen.com\/#organization","name":"Filmfest Aachen","url":"https:\/\/filmfestaachen.com\/","logo":{"@type":"ImageObject","inLanguage":"en-US","@id":"https:\/\/filmfestaachen.com\/#\/schema\/logo\/image\/","url":"https:\/\/filmfestaachen.com\/wp-content\/uploads\/2024\/07\/FFAWhite.png","contentUrl":"https:\/\/filmfestaachen.com\/wp-content\/uploads\/2024\/07\/FFAWhite.png","width":937,"height":633,"caption":"Filmfest Aachen"},"image":{"@id":"https:\/\/filmfestaachen.com\/#\/schema\/logo\/image\/"},"sameAs":["https:\/\/www.instagram.com\/filmfestaachen\/","https:\/\/letterboxd.com\/filmfestaachen\/"]}]}},"_links":{"self":[{"href":"https:\/\/filmfestaachen.com\/en\/wp-json\/wp\/v2\/pages\/995","targetHints":{"allow":["GET"]}}],"collection":[{"href":"https:\/\/filmfestaachen.com\/en\/wp-json\/wp\/v2\/pages"}],"about":[{"href":"https:\/\/filmfestaachen.com\/en\/wp-json\/wp\/v2\/types\/page"}],"author":[{"embeddable":true,"href":"https:\/\/filmfestaachen.com\/en\/wp-json\/wp\/v2\/users\/2"}],"replies":[{"embeddable":true,"href":"https:\/\/filmfestaachen.com\/en\/wp-json\/wp\/v2\/comments?post=995"}],"version-history":[{"count":0,"href":"https:\/\/filmfestaachen.com\/en\/wp-json\/wp\/v2\/pages\/995\/revisions"}],"up":[{"embeddable":true,"href":"https:\/\/filmfestaachen.com\/en\/wp-json\/wp\/v2\/pages\/596"}],"wp:attachment":[{"href":"https:\/\/filmfestaachen.com\/en\/wp-json\/wp\/v2\/media?parent=995"}],"curies":[{"name":"wp","href":"https:\/\/api.w.org\/{rel}","templated":true}]}}